{"id":8432,"date":"2026-02-10T17:12:59","date_gmt":"2026-02-10T17:12:59","guid":{"rendered":"https:\/\/olafssonart.is\/?post_type=product&#038;p=8432"},"modified":"2026-02-10T20:45:06","modified_gmt":"2026-02-10T20:45:06","slug":"flaedamus-orange","status":"publish","type":"product","link":"https:\/\/olafssonart.is\/en\/vara\/flaedamus-orange\/","title":{"rendered":"Fl\u00e6\u00f0am\u00fas Orange"},"content":{"rendered":"<p>Fl\u00e6\u00f0am\u00fas Orange. 2025-Ol\u00eda \u00e1 MDF panel 25&#215;20 cm<\/p>","protected":false},"excerpt":{"rendered":"<p>Fl\u00e6\u00f0am\u00fas Orange. 2025-Ol\u00eda \u00e1 MDF panel 25&#215;20 cm<\/p>","protected":false},"featured_media":8474,"template":"","meta":{"_monsterinsights_skip_tracking":false,"_monsterinsights_sitenote_active":false,"_monsterinsights_sitenote_note":"","_monsterinsights_sitenote_category":0},"pwb-brand":[],"product_brand":[],"product_cat":[702],"product_tag":[],"class_list":{"0":"post-8432","1":"product","2":"type-product","3":"status-publish","4":"has-post-thumbnail","6":"product_cat-oliumalverk","8":"first","9":"instock","10":"shipping-taxable","11":"product-type-external"},"yoast_head":"<!-- This site is optimized with the Yoast SEO plugin v27.3 - https:\/\/yoast.com\/product\/yoast-seo-wordpress\/ -->\n<title>Fl\u00e6\u00f0am\u00fas Orange - olafssonart.is<\/title>\n<meta name=\"robots\" content=\"index, follow, max-snippet:-1, max-image-preview:large, max-video-preview:-1\" \/>\n<link rel=\"canonical\" href=\"https:\/\/olafssonart.is\/en\/vara\/flaedamus-orange\/\" \/>\n<meta property=\"og:locale\" content=\"en_GB\" \/>\n<meta property=\"og:type\" content=\"article\" \/>\n<meta property=\"og:title\" content=\"Fl\u00e6\u00f0am\u00fas Orange - olafssonart.is\" \/>\n<meta property=\"og:description\" content=\"Fl\u00e6\u00f0am\u00fas Orange. 2025-Ol\u00eda \u00e1 MDF panel 25x20 cm\" \/>\n<meta property=\"og:url\" content=\"https:\/\/olafssonart.is\/en\/vara\/flaedamus-orange\/\" \/>\n<meta property=\"og:site_name\" content=\"olafssonart.is\" \/>\n<meta property=\"article:publisher\" content=\"https:\/\/www.facebook.com\/Olafsson-Art-182054568477221\/\" \/>\n<meta property=\"article:modified_time\" content=\"2026-02-10T20:45:06+00:00\" \/>\n<meta property=\"og:image\" content=\"https:\/\/olafssonart.is\/wp-content\/uploads\/2026\/02\/orangeflm600.jpg\" \/>\n\t<meta property=\"og:image:width\" content=\"600\" \/>\n\t<meta property=\"og:image:height\" content=\"600\" \/>\n\t<meta property=\"og:image:type\" content=\"image\/jpeg\" \/>\n<meta name=\"twitter:card\" content=\"summary_large_image\" \/>\n<meta name=\"twitter:label1\" content=\"Estimated reading time\" \/>\n\t<meta name=\"twitter:data1\" content=\"1 minute\" \/>\n<script type=\"application\/ld+json\" class=\"yoast-schema-graph\">{\"@context\":\"https:\\\/\\\/schema.org\",\"@graph\":[{\"@type\":\"WebPage\",\"@id\":\"https:\\\/\\\/olafssonart.is\\\/vara\\\/flaedamus-orange\\\/\",\"url\":\"https:\\\/\\\/olafssonart.is\\\/vara\\\/flaedamus-orange\\\/\",\"name\":\"Fl\u00e6\u00f0am\u00fas Orange - olafssonart.is\",\"isPartOf\":{\"@id\":\"https:\\\/\\\/olafssonart.is\\\/?lang=en\\\/#website\"},\"primaryImageOfPage\":{\"@id\":\"https:\\\/\\\/olafssonart.is\\\/vara\\\/flaedamus-orange\\\/#primaryimage\"},\"image\":{\"@id\":\"https:\\\/\\\/olafssonart.is\\\/vara\\\/flaedamus-orange\\\/#primaryimage\"},\"thumbnailUrl\":\"https:\\\/\\\/olafssonart.is\\\/wp-content\\\/uploads\\\/2026\\\/02\\\/orangeflm600.jpg\",\"datePublished\":\"2026-02-10T17:12:59+00:00\",\"dateModified\":\"2026-02-10T20:45:06+00:00\",\"breadcrumb\":{\"@id\":\"https:\\\/\\\/olafssonart.is\\\/vara\\\/flaedamus-orange\\\/#breadcrumb\"},\"inLanguage\":\"en-GB\",\"potentialAction\":[{\"@type\":\"ReadAction\",\"target\":[\"https:\\\/\\\/olafssonart.is\\\/vara\\\/flaedamus-orange\\\/\"]}]},{\"@type\":\"ImageObject\",\"inLanguage\":\"en-GB\",\"@id\":\"https:\\\/\\\/olafssonart.is\\\/vara\\\/flaedamus-orange\\\/#primaryimage\",\"url\":\"https:\\\/\\\/olafssonart.is\\\/wp-content\\\/uploads\\\/2026\\\/02\\\/orangeflm600.jpg\",\"contentUrl\":\"https:\\\/\\\/olafssonart.is\\\/wp-content\\\/uploads\\\/2026\\\/02\\\/orangeflm600.jpg\",\"width\":600,\"height\":600},{\"@type\":\"BreadcrumbList\",\"@id\":\"https:\\\/\\\/olafssonart.is\\\/vara\\\/flaedamus-orange\\\/#breadcrumb\",\"itemListElement\":[{\"@type\":\"ListItem\",\"position\":1,\"name\":\"Home\",\"item\":\"https:\\\/\\\/olafssonart.is\\\/\"},{\"@type\":\"ListItem\",\"position\":2,\"name\":\"Netverslun\",\"item\":\"https:\\\/\\\/olafssonart.is\\\/shop-2\\\/\"},{\"@type\":\"ListItem\",\"position\":3,\"name\":\"Fl\u00e6\u00f0am\u00fas Orange\"}]},{\"@type\":\"WebSite\",\"@id\":\"https:\\\/\\\/olafssonart.is\\\/?lang=en\\\/#website\",\"url\":\"https:\\\/\\\/olafssonart.is\\\/?lang=en\\\/\",\"name\":\"olafssonart.is\",\"description\":\"\u00cdslensk listaverk\",\"publisher\":{\"@id\":\"https:\\\/\\\/olafssonart.is\\\/?lang=en\\\/#organization\"},\"potentialAction\":[{\"@type\":\"SearchAction\",\"target\":{\"@type\":\"EntryPoint\",\"urlTemplate\":\"https:\\\/\\\/olafssonart.is\\\/?lang=en\\\/?s={search_term_string}\"},\"query-input\":{\"@type\":\"PropertyValueSpecification\",\"valueRequired\":true,\"valueName\":\"search_term_string\"}}],\"inLanguage\":\"en-GB\"},{\"@type\":\"Organization\",\"@id\":\"https:\\\/\\\/olafssonart.is\\\/?lang=en\\\/#organization\",\"name\":\"olafssonart.is\",\"url\":\"https:\\\/\\\/olafssonart.is\\\/?lang=en\\\/\",\"logo\":{\"@type\":\"ImageObject\",\"inLanguage\":\"en-GB\",\"@id\":\"https:\\\/\\\/olafssonart.is\\\/?lang=en\\\/#\\\/schema\\\/logo\\\/image\\\/\",\"url\":\"https:\\\/\\\/olafssonart.is\\\/wp-content\\\/uploads\\\/2019\\\/12\\\/logo-111.png\",\"contentUrl\":\"https:\\\/\\\/olafssonart.is\\\/wp-content\\\/uploads\\\/2019\\\/12\\\/logo-111.png\",\"width\":111,\"height\":34,\"caption\":\"olafssonart.is\"},\"image\":{\"@id\":\"https:\\\/\\\/olafssonart.is\\\/?lang=en\\\/#\\\/schema\\\/logo\\\/image\\\/\"},\"sameAs\":[\"https:\\\/\\\/www.facebook.com\\\/Olafsson-Art-182054568477221\\\/\"]}]}<\/script>\n<!-- \/ Yoast SEO plugin. -->","yoast_head_json":{"title":"Fl\u00e6\u00f0am\u00fas Orange - olafssonart.is","robots":{"index":"index","follow":"follow","max-snippet":"max-snippet:-1","max-image-preview":"max-image-preview:large","max-video-preview":"max-video-preview:-1"},"canonical":"https:\/\/olafssonart.is\/en\/vara\/flaedamus-orange\/","og_locale":"en_GB","og_type":"article","og_title":"Fl\u00e6\u00f0am\u00fas Orange - olafssonart.is","og_description":"Fl\u00e6\u00f0am\u00fas Orange. 2025-Ol\u00eda \u00e1 MDF panel 25x20 cm","og_url":"https:\/\/olafssonart.is\/en\/vara\/flaedamus-orange\/","og_site_name":"olafssonart.is","article_publisher":"https:\/\/www.facebook.com\/Olafsson-Art-182054568477221\/","article_modified_time":"2026-02-10T20:45:06+00:00","og_image":[{"width":600,"height":600,"url":"https:\/\/olafssonart.is\/wp-content\/uploads\/2026\/02\/orangeflm600.jpg","type":"image\/jpeg"}],"twitter_card":"summary_large_image","twitter_misc":{"Estimated reading time":"1 minute"},"schema":{"@context":"https:\/\/schema.org","@graph":[{"@type":"WebPage","@id":"https:\/\/olafssonart.is\/vara\/flaedamus-orange\/","url":"https:\/\/olafssonart.is\/vara\/flaedamus-orange\/","name":"Fl\u00e6\u00f0am\u00fas Orange - olafssonart.is","isPartOf":{"@id":"https:\/\/olafssonart.is\/?lang=en\/#website"},"primaryImageOfPage":{"@id":"https:\/\/olafssonart.is\/vara\/flaedamus-orange\/#primaryimage"},"image":{"@id":"https:\/\/olafssonart.is\/vara\/flaedamus-orange\/#primaryimage"},"thumbnailUrl":"https:\/\/olafssonart.is\/wp-content\/uploads\/2026\/02\/orangeflm600.jpg","datePublished":"2026-02-10T17:12:59+00:00","dateModified":"2026-02-10T20:45:06+00:00","breadcrumb":{"@id":"https:\/\/olafssonart.is\/vara\/flaedamus-orange\/#breadcrumb"},"inLanguage":"en-GB","potentialAction":[{"@type":"ReadAction","target":["https:\/\/olafssonart.is\/vara\/flaedamus-orange\/"]}]},{"@type":"ImageObject","inLanguage":"en-GB","@id":"https:\/\/olafssonart.is\/vara\/flaedamus-orange\/#primaryimage","url":"https:\/\/olafssonart.is\/wp-content\/uploads\/2026\/02\/orangeflm600.jpg","contentUrl":"https:\/\/olafssonart.is\/wp-content\/uploads\/2026\/02\/orangeflm600.jpg","width":600,"height":600},{"@type":"BreadcrumbList","@id":"https:\/\/olafssonart.is\/vara\/flaedamus-orange\/#breadcrumb","itemListElement":[{"@type":"ListItem","position":1,"name":"Home","item":"https:\/\/olafssonart.is\/"},{"@type":"ListItem","position":2,"name":"Netverslun","item":"https:\/\/olafssonart.is\/shop-2\/"},{"@type":"ListItem","position":3,"name":"Fl\u00e6\u00f0am\u00fas Orange"}]},{"@type":"WebSite","@id":"https:\/\/olafssonart.is\/?lang=en\/#website","url":"https:\/\/olafssonart.is\/?lang=en\/","name":"olafssonart.is","description":"\u00cdslensk listaverk","publisher":{"@id":"https:\/\/olafssonart.is\/?lang=en\/#organization"},"potentialAction":[{"@type":"SearchAction","target":{"@type":"EntryPoint","urlTemplate":"https:\/\/olafssonart.is\/?lang=en\/?s={search_term_string}"},"query-input":{"@type":"PropertyValueSpecification","valueRequired":true,"valueName":"search_term_string"}}],"inLanguage":"en-GB"},{"@type":"Organization","@id":"https:\/\/olafssonart.is\/?lang=en\/#organization","name":"olafssonart.is","url":"https:\/\/olafssonart.is\/?lang=en\/","logo":{"@type":"ImageObject","inLanguage":"en-GB","@id":"https:\/\/olafssonart.is\/?lang=en\/#\/schema\/logo\/image\/","url":"https:\/\/olafssonart.is\/wp-content\/uploads\/2019\/12\/logo-111.png","contentUrl":"https:\/\/olafssonart.is\/wp-content\/uploads\/2019\/12\/logo-111.png","width":111,"height":34,"caption":"olafssonart.is"},"image":{"@id":"https:\/\/olafssonart.is\/?lang=en\/#\/schema\/logo\/image\/"},"sameAs":["https:\/\/www.facebook.com\/Olafsson-Art-182054568477221\/"]}]}},"brands":[],"_links":{"self":[{"href":"https:\/\/olafssonart.is\/en\/wp-json\/wp\/v2\/product\/8432","targetHints":{"allow":["GET"]}}],"collection":[{"href":"https:\/\/olafssonart.is\/en\/wp-json\/wp\/v2\/product"}],"about":[{"href":"https:\/\/olafssonart.is\/en\/wp-json\/wp\/v2\/types\/product"}],"wp:featuredmedia":[{"embeddable":true,"href":"https:\/\/olafssonart.is\/en\/wp-json\/wp\/v2\/media\/8474"}],"wp:attachment":[{"href":"https:\/\/olafssonart.is\/en\/wp-json\/wp\/v2\/media?parent=8432"}],"wp:term":[{"taxonomy":"pwb-brand","embeddable":true,"href":"https:\/\/olafssonart.is\/en\/wp-json\/wp\/v2\/pwb-brand?post=8432"},{"taxonomy":"product_brand","embeddable":true,"href":"https:\/\/olafssonart.is\/en\/wp-json\/wp\/v2\/product_brand?post=8432"},{"taxonomy":"product_cat","embeddable":true,"href":"https:\/\/olafssonart.is\/en\/wp-json\/wp\/v2\/product_cat?post=8432"},{"taxonomy":"product_tag","embeddable":true,"href":"https:\/\/olafssonart.is\/en\/wp-json\/wp\/v2\/product_tag?post=8432"}],"curies":[{"name":"wp","href":"https:\/\/api.w.org\/{rel}","templated":true}]}}