{"id":8114,"date":"2025-02-18T22:31:35","date_gmt":"2025-02-18T22:31:35","guid":{"rendered":"https:\/\/olafssonart.is\/?post_type=product&#038;p=8114"},"modified":"2025-02-20T14:33:41","modified_gmt":"2025-02-20T14:33:41","slug":"oddaflug-veggmynd-a-striga","status":"publish","type":"product","link":"https:\/\/olafssonart.is\/en\/vara\/oddaflug-veggmynd-a-striga\/","title":{"rendered":"Swans over Thingvellir Art print on canvas"},"content":{"rendered":"<h3>Swans over Thingvellir Art print on canvas<\/h3>\n<p>F&oacute;lk me&eth; sameiginlega stefnu og samkennd getur n&aacute;&eth; &aacute;fangasta&eth; flj&oacute;tar og au&eth;veldar me&eth; &thorn;v&iacute; a&eth; fer&eth;ast &iacute; trausti hvert annars. &THORN;egar &aacute;lft dettur &uacute;r oddaflugi finnur h&uacute;n skyndilegan m&oacute;tvind og vi&eth;n&aacute;m sem fylgir &thorn;v&iacute; a&eth; vera ein &aacute; flugi. H&uacute;n f&aelig;rir sig &thorn;v&iacute; flj&oacute;tt til baka &iacute; r&ouml;&eth;ina til a&eth; notf&aelig;ra s&eacute;r uppdrift fr&aacute; &thorn;eim sem &aacute; undan eru. Ef vi&eth; t&ouml;kum &aacute;lftir okkur til fyrirmyndar &thorn;&aacute; fylgjum vi&eth; ford&aelig;mi &thorn;eirra og stefnum &thorn;anga&eth; sem vi&eth; viljum fara. Vi&eth; &thorn;iggjum hj&aacute;lp annarra og hj&aacute;lpumst a&eth;. &THORN;egar forystufuglinn &thorn;reytist sn&yacute;r hann til baka &iacute; h&oacute;pinn og &ouml;nnur &lt;a href=&quot;\/en\/&ldquo;https:\/\/is.wikipedia.org\/wiki\/%C3%81lft&ldquo;\/&quot; target=&quot;&ldquo;_blank&ldquo;&quot; rel=&quot;&ldquo;noopener&quot; noreferrer&ldquo;&gt;&aacute;lft&lt;\/a&gt; fl&yacute;gur &iacute; fararbroddi. &THORN;a&eth; borgar sig oft a&eth; skiptast &aacute; vi&eth; erfi&eth;u verkin og deila lei&eth;togahlutverkinu. Eins og &aacute;lftir er f&oacute;lk h&aacute;&eth; h&aelig;fni, getu og einst&aelig;&eth;ri bl&ouml;ndu g&aacute;fna, h&aelig;fileika og eiginleika hvert annars. &Aacute;lftah&oacute;purinn kvakar &aacute; fluginu til a&eth; hvetja &thorn;&aelig;r sem eru &iacute; framl&iacute;nunni til &thorn;ess a&eth; halda einbeitingunni. Vi&eth; ver&eth;um a&eth; tryggja a&eth; or&eth; okkar og athafnir s&eacute;u upp&ouml;rvandi &thorn;v&iacute; a&eth; &iacute; hvetjandi andr&uacute;mslofti eru afk&ouml;stin mun meiri en ella. Eins og &aacute;lftirnar st&ouml;ndum vi&eth; saman &aacute; erfi&eth;um t&iacute;mum &aacute; sama h&aacute;tt og &thorn;egar vi&eth; erum sterk.<\/p>\n<h4>Oddaflug er handunnin eftirger\u00f0 af samnefndu m\u00e1lverki eftir Olafsson.<\/h4>\n<p>Vi\u00f0 eftirger\u00f0 \u00e1 m\u00e1lverkinu m\u00e1lar listama\u00f0urinn \u00ed myndina eftir prentun og \u00e1ritar hana a\u00f0 \u00fev\u00ed loknu. Me\u00f0 \u00fev\u00ed a\u00f0 m\u00e1la \u00ed hverja mynd eftir \u00fatprentun gerir listama\u00f0urinn myndina s\u00e9rstaka sem tryggir a\u00f0 engin mynd er n\u00e1kv\u00e6mlega eins. Myndin er prentu\u00f0 \u00e1 striga \u00ed bestu f\u00e1anlegum g\u00e6\u00f0um og afhent uppr\u00fallu\u00f0 \u00ed papp\u00edrsh\u00f3lk sem tryggir var\u00f0veislu hennar \u00ed flutningum. Fr\u00e1b\u00e6r t\u00e6kisf\u00e6risgj\u00f6f, br\u00fa\u00f0kaupsgj\u00f6f, afm\u00e6lisgj\u00f6f, innflutningsgj\u00f6f e\u00f0a gj\u00f6f fyrir hva\u00f0a tilefni sem er.<br \/>\nMyndlistama\u00f0urinn Olafsson er \u00feekktur fyrir n\u00e1tt\u00farul\u00edfs og landslagsmyndir s\u00ednar fr\u00e1 \u00cdslandi. \u00c1 me\u00f0al verka hans eru m\u00e1lverk af st\u00f3rbrotnum n\u00e1tt\u00faruperlum landsins eins og Geysi og Gullfoss \u00e1samt fj\u00f6lda mynda af \u00feeim d\u00fdrum sem lifa villt \u00ed landinu.<\/p>\n<h4>Oddaflug veggmynd \u00e1 striga&amp;lt<\/h4>\n<p>It is simple and convenient to buy this picture here on the site. As soon as it is ready to be processed, you will be notified via email. You can pick up the product at the artist\u2019s studio or have it sent home by mail to most country\u2019s in the world. The processing time is usually 1-2 business days, but can shorter \/ longer in some cases. You can pay for the product by bank transfer, with cash or credit card on delivery at the studio or in a simple way here on the site through a secure payment page.<\/p>\n<p><strong><a href=\"https:\/\/olafssonart.is\/en\/um-olafsson\/\">About the artist<\/a><\/strong><br \/>\nOlafsson f\u00e6ddist \u00ed Reykjav\u00edk \u00ed jan\u00faar 1961. Hann fluttist austur \u00e1 F\u00e1skr\u00fa\u00f0sfj\u00f6r\u00f0 ungur a\u00f0 \u00e1rum \u00e1samt foreldrum s\u00ednum og 5 systkinum. \u00dear stunda\u00f0i hann hefbundi\u00f0 n\u00e1m innan um kraftmikkla n\u00e1tt\u00faru \u00ed fa\u00f0mi fjalla, dj\u00fapra dala og miki\u00f0 d\u00fdral\u00edf. Eftir skyldun\u00e1m \u00e1 F\u00e1skr\u00fa\u00f0sfir\u00f0i stunda\u00f0i Olafsson n\u00e1m vi\u00f0 Myndlista- og hand\u00ed\u00f0ask\u00f3la \u00cdslands sem n\u00fa heitir Listah\u00e1sk\u00f3li \u00cdslands. \u00dea\u00f0an \u00fatskrifa\u00f0iast hann \u00far m\u00e1laradeild \u00e1ri\u00f0 1981 eftir fj\u00f6gura \u00e1ra n\u00e1m. Olafsson hefur haldi\u00f0 nokkrar s\u00fdningar b\u00e6\u00f0i h\u00e9r heima og erlendis. M\u00e1 \u00fear nefna sams\u00fdningu \u00e1 Kjarvalsst\u00f6\u00f0um 1981, einkas\u00fdningu \u00ed Dj\u00fapinu, \u00e1 Horninu, 1982, \u00e1 F\u00e1skr\u00fa\u00f0sfir\u00f0i, 1984, 2007 og 2015. S\u00fdningu \u00ed Sl\u00e1turh\u00fasinu \u00e1 Egilst\u00f6\u00f0um, 2007. Einkas\u00fdningu \u00ed Ottawa, Kanada, Constitution Square, 2007, sams\u00fdningu \u00ed Borgarnesi, CAOS, The Milk House Art Center 2012, sams\u00fdningu me\u00f0 RAT #1, 2019 og RAT #2, 2020 \u00ed Br\u00edetart\u00fani 11.<\/p>","protected":false},"excerpt":{"rendered":"<ul>\n<li>Handmade replica<\/li>\n<li>Available in several sizes<\/li>\n<li>Rammi fylgir ekki me\u00f0<\/li>\n<\/ul>","protected":false},"featured_media":8143,"template":"","meta":{"_monsterinsights_skip_tracking":false,"_monsterinsights_sitenote_active":false,"_monsterinsights_sitenote_note":"","_monsterinsights_sitenote_category":0},"pwb-brand":[],"product_brand":[],"product_cat":[136,503],"product_tag":[],"class_list":{"0":"post-8114","1":"product","2":"type-product","3":"status-publish","4":"has-post-thumbnail","6":"product_cat-allar-myndir","7":"product_cat-veggmyndir-a-striga","9":"first","10":"instock","11":"shipping-taxable","12":"purchasable","13":"product-type-variable"},"yoast_head":"<!-- This site is optimized with the Yoast SEO plugin v27.4 - https:\/\/yoast.com\/product\/yoast-seo-wordpress\/ -->\n<title>Oddaflug veggmynd \u00e1 striga - olafssonart.is<\/title>\n<meta name=\"description\" content=\"Oddaflug veggmynd \u00e1 striga er handunnin eftirger\u00f0 af samnefndu m\u00e1lverki eftir Olafsson. Myndin er prentu\u00f0 \u00e1 striga og f\u00e1anleg \u00ed nokkrum st\u00e6r\u00f0um.\" \/>\n<meta name=\"robots\" content=\"index, follow, max-snippet:-1, max-image-preview:large, max-video-preview:-1\" \/>\n<link rel=\"canonical\" href=\"https:\/\/olafssonart.is\/en\/vara\/oddaflug-veggmynd-a-striga\/\" \/>\n<meta property=\"og:locale\" content=\"en_GB\" \/>\n<meta property=\"og:type\" content=\"article\" \/>\n<meta property=\"og:title\" content=\"Oddaflug veggmynd \u00e1 striga - olafssonart.is\" \/>\n<meta property=\"og:description\" content=\"Oddaflug veggmynd \u00e1 striga er handunnin eftirger\u00f0 af samnefndu m\u00e1lverki eftir Olafsson. Myndin er prentu\u00f0 \u00e1 striga og f\u00e1anleg \u00ed nokkrum st\u00e6r\u00f0um.\" \/>\n<meta property=\"og:url\" content=\"https:\/\/olafssonart.is\/en\/vara\/oddaflug-veggmynd-a-striga\/\" \/>\n<meta property=\"og:site_name\" content=\"olafssonart.is\" \/>\n<meta property=\"article:publisher\" content=\"https:\/\/www.facebook.com\/Olafsson-Art-182054568477221\/\" \/>\n<meta property=\"article:modified_time\" content=\"2025-02-20T14:33:41+00:00\" \/>\n<meta property=\"og:image\" content=\"https:\/\/olafssonart.is\/wp-content\/uploads\/2025\/02\/oddaflug_600x600.jpg\" \/>\n\t<meta property=\"og:image:width\" content=\"600\" \/>\n\t<meta property=\"og:image:height\" content=\"600\" \/>\n\t<meta property=\"og:image:type\" content=\"image\/jpeg\" \/>\n<meta name=\"twitter:card\" content=\"summary_large_image\" \/>\n<meta name=\"twitter:label1\" content=\"Estimated reading time\" \/>\n\t<meta name=\"twitter:data1\" content=\"4 minutes\" \/>\n<script type=\"application\/ld+json\" class=\"yoast-schema-graph\">{\"@context\":\"https:\\\/\\\/schema.org\",\"@graph\":[{\"@type\":\"WebPage\",\"@id\":\"https:\\\/\\\/olafssonart.is\\\/vara\\\/oddaflug-veggmynd-a-striga\\\/\",\"url\":\"https:\\\/\\\/olafssonart.is\\\/vara\\\/oddaflug-veggmynd-a-striga\\\/\",\"name\":\"Oddaflug veggmynd \u00e1 striga - olafssonart.is\",\"isPartOf\":{\"@id\":\"https:\\\/\\\/olafssonart.is\\\/?lang=en\\\/#website\"},\"primaryImageOfPage\":{\"@id\":\"https:\\\/\\\/olafssonart.is\\\/vara\\\/oddaflug-veggmynd-a-striga\\\/#primaryimage\"},\"image\":{\"@id\":\"https:\\\/\\\/olafssonart.is\\\/vara\\\/oddaflug-veggmynd-a-striga\\\/#primaryimage\"},\"thumbnailUrl\":\"https:\\\/\\\/olafssonart.is\\\/wp-content\\\/uploads\\\/2025\\\/02\\\/oddaflug_600x600.jpg\",\"datePublished\":\"2025-02-18T22:31:35+00:00\",\"dateModified\":\"2025-02-20T14:33:41+00:00\",\"description\":\"Oddaflug veggmynd \u00e1 striga er handunnin eftirger\u00f0 af samnefndu m\u00e1lverki eftir Olafsson. Myndin er prentu\u00f0 \u00e1 striga og f\u00e1anleg \u00ed nokkrum st\u00e6r\u00f0um.\",\"breadcrumb\":{\"@id\":\"https:\\\/\\\/olafssonart.is\\\/vara\\\/oddaflug-veggmynd-a-striga\\\/#breadcrumb\"},\"inLanguage\":\"en-GB\",\"potentialAction\":[{\"@type\":\"ReadAction\",\"target\":[\"https:\\\/\\\/olafssonart.is\\\/vara\\\/oddaflug-veggmynd-a-striga\\\/\"]}]},{\"@type\":\"ImageObject\",\"inLanguage\":\"en-GB\",\"@id\":\"https:\\\/\\\/olafssonart.is\\\/vara\\\/oddaflug-veggmynd-a-striga\\\/#primaryimage\",\"url\":\"https:\\\/\\\/olafssonart.is\\\/wp-content\\\/uploads\\\/2025\\\/02\\\/oddaflug_600x600.jpg\",\"contentUrl\":\"https:\\\/\\\/olafssonart.is\\\/wp-content\\\/uploads\\\/2025\\\/02\\\/oddaflug_600x600.jpg\",\"width\":600,\"height\":600},{\"@type\":\"BreadcrumbList\",\"@id\":\"https:\\\/\\\/olafssonart.is\\\/vara\\\/oddaflug-veggmynd-a-striga\\\/#breadcrumb\",\"itemListElement\":[{\"@type\":\"ListItem\",\"position\":1,\"name\":\"Home\",\"item\":\"https:\\\/\\\/olafssonart.is\\\/\"},{\"@type\":\"ListItem\",\"position\":2,\"name\":\"Netverslun\",\"item\":\"https:\\\/\\\/olafssonart.is\\\/shop-2\\\/\"},{\"@type\":\"ListItem\",\"position\":3,\"name\":\"Oddaflug veggmynd \u00e1 striga\"}]},{\"@type\":\"WebSite\",\"@id\":\"https:\\\/\\\/olafssonart.is\\\/?lang=en\\\/#website\",\"url\":\"https:\\\/\\\/olafssonart.is\\\/?lang=en\\\/\",\"name\":\"olafssonart.is\",\"description\":\"\u00cdslensk listaverk\",\"publisher\":{\"@id\":\"https:\\\/\\\/olafssonart.is\\\/?lang=en\\\/#organization\"},\"potentialAction\":[{\"@type\":\"SearchAction\",\"target\":{\"@type\":\"EntryPoint\",\"urlTemplate\":\"https:\\\/\\\/olafssonart.is\\\/?lang=en\\\/?s={search_term_string}\"},\"query-input\":{\"@type\":\"PropertyValueSpecification\",\"valueRequired\":true,\"valueName\":\"search_term_string\"}}],\"inLanguage\":\"en-GB\"},{\"@type\":\"Organization\",\"@id\":\"https:\\\/\\\/olafssonart.is\\\/?lang=en\\\/#organization\",\"name\":\"olafssonart.is\",\"url\":\"https:\\\/\\\/olafssonart.is\\\/?lang=en\\\/\",\"logo\":{\"@type\":\"ImageObject\",\"inLanguage\":\"en-GB\",\"@id\":\"https:\\\/\\\/olafssonart.is\\\/?lang=en\\\/#\\\/schema\\\/logo\\\/image\\\/\",\"url\":\"https:\\\/\\\/olafssonart.is\\\/wp-content\\\/uploads\\\/2019\\\/12\\\/logo-111.png\",\"contentUrl\":\"https:\\\/\\\/olafssonart.is\\\/wp-content\\\/uploads\\\/2019\\\/12\\\/logo-111.png\",\"width\":111,\"height\":34,\"caption\":\"olafssonart.is\"},\"image\":{\"@id\":\"https:\\\/\\\/olafssonart.is\\\/?lang=en\\\/#\\\/schema\\\/logo\\\/image\\\/\"},\"sameAs\":[\"https:\\\/\\\/www.facebook.com\\\/Olafsson-Art-182054568477221\\\/\"]}]}<\/script>\n<!-- \/ Yoast SEO plugin. -->","yoast_head_json":{"title":"Oddaflug veggmynd \u00e1 striga - olafssonart.is","description":"Oddaflug veggmynd \u00e1 striga er handunnin eftirger\u00f0 af samnefndu m\u00e1lverki eftir Olafsson. Myndin er prentu\u00f0 \u00e1 striga og f\u00e1anleg \u00ed nokkrum st\u00e6r\u00f0um.","robots":{"index":"index","follow":"follow","max-snippet":"max-snippet:-1","max-image-preview":"max-image-preview:large","max-video-preview":"max-video-preview:-1"},"canonical":"https:\/\/olafssonart.is\/en\/vara\/oddaflug-veggmynd-a-striga\/","og_locale":"en_GB","og_type":"article","og_title":"Oddaflug veggmynd \u00e1 striga - olafssonart.is","og_description":"Oddaflug veggmynd \u00e1 striga er handunnin eftirger\u00f0 af samnefndu m\u00e1lverki eftir Olafsson. Myndin er prentu\u00f0 \u00e1 striga og f\u00e1anleg \u00ed nokkrum st\u00e6r\u00f0um.","og_url":"https:\/\/olafssonart.is\/en\/vara\/oddaflug-veggmynd-a-striga\/","og_site_name":"olafssonart.is","article_publisher":"https:\/\/www.facebook.com\/Olafsson-Art-182054568477221\/","article_modified_time":"2025-02-20T14:33:41+00:00","og_image":[{"width":600,"height":600,"url":"https:\/\/olafssonart.is\/wp-content\/uploads\/2025\/02\/oddaflug_600x600.jpg","type":"image\/jpeg"}],"twitter_card":"summary_large_image","twitter_misc":{"Estimated reading time":"4 minutes"},"schema":{"@context":"https:\/\/schema.org","@graph":[{"@type":"WebPage","@id":"https:\/\/olafssonart.is\/vara\/oddaflug-veggmynd-a-striga\/","url":"https:\/\/olafssonart.is\/vara\/oddaflug-veggmynd-a-striga\/","name":"Oddaflug veggmynd \u00e1 striga - olafssonart.is","isPartOf":{"@id":"https:\/\/olafssonart.is\/?lang=en\/#website"},"primaryImageOfPage":{"@id":"https:\/\/olafssonart.is\/vara\/oddaflug-veggmynd-a-striga\/#primaryimage"},"image":{"@id":"https:\/\/olafssonart.is\/vara\/oddaflug-veggmynd-a-striga\/#primaryimage"},"thumbnailUrl":"https:\/\/olafssonart.is\/wp-content\/uploads\/2025\/02\/oddaflug_600x600.jpg","datePublished":"2025-02-18T22:31:35+00:00","dateModified":"2025-02-20T14:33:41+00:00","description":"Oddaflug veggmynd \u00e1 striga er handunnin eftirger\u00f0 af samnefndu m\u00e1lverki eftir Olafsson. Myndin er prentu\u00f0 \u00e1 striga og f\u00e1anleg \u00ed nokkrum st\u00e6r\u00f0um.","breadcrumb":{"@id":"https:\/\/olafssonart.is\/vara\/oddaflug-veggmynd-a-striga\/#breadcrumb"},"inLanguage":"en-GB","potentialAction":[{"@type":"ReadAction","target":["https:\/\/olafssonart.is\/vara\/oddaflug-veggmynd-a-striga\/"]}]},{"@type":"ImageObject","inLanguage":"en-GB","@id":"https:\/\/olafssonart.is\/vara\/oddaflug-veggmynd-a-striga\/#primaryimage","url":"https:\/\/olafssonart.is\/wp-content\/uploads\/2025\/02\/oddaflug_600x600.jpg","contentUrl":"https:\/\/olafssonart.is\/wp-content\/uploads\/2025\/02\/oddaflug_600x600.jpg","width":600,"height":600},{"@type":"BreadcrumbList","@id":"https:\/\/olafssonart.is\/vara\/oddaflug-veggmynd-a-striga\/#breadcrumb","itemListElement":[{"@type":"ListItem","position":1,"name":"Home","item":"https:\/\/olafssonart.is\/"},{"@type":"ListItem","position":2,"name":"Netverslun","item":"https:\/\/olafssonart.is\/shop-2\/"},{"@type":"ListItem","position":3,"name":"Oddaflug veggmynd \u00e1 striga"}]},{"@type":"WebSite","@id":"https:\/\/olafssonart.is\/?lang=en\/#website","url":"https:\/\/olafssonart.is\/?lang=en\/","name":"olafssonart.is","description":"\u00cdslensk listaverk","publisher":{"@id":"https:\/\/olafssonart.is\/?lang=en\/#organization"},"potentialAction":[{"@type":"SearchAction","target":{"@type":"EntryPoint","urlTemplate":"https:\/\/olafssonart.is\/?lang=en\/?s={search_term_string}"},"query-input":{"@type":"PropertyValueSpecification","valueRequired":true,"valueName":"search_term_string"}}],"inLanguage":"en-GB"},{"@type":"Organization","@id":"https:\/\/olafssonart.is\/?lang=en\/#organization","name":"olafssonart.is","url":"https:\/\/olafssonart.is\/?lang=en\/","logo":{"@type":"ImageObject","inLanguage":"en-GB","@id":"https:\/\/olafssonart.is\/?lang=en\/#\/schema\/logo\/image\/","url":"https:\/\/olafssonart.is\/wp-content\/uploads\/2019\/12\/logo-111.png","contentUrl":"https:\/\/olafssonart.is\/wp-content\/uploads\/2019\/12\/logo-111.png","width":111,"height":34,"caption":"olafssonart.is"},"image":{"@id":"https:\/\/olafssonart.is\/?lang=en\/#\/schema\/logo\/image\/"},"sameAs":["https:\/\/www.facebook.com\/Olafsson-Art-182054568477221\/"]}]}},"brands":[],"_links":{"self":[{"href":"https:\/\/olafssonart.is\/en\/wp-json\/wp\/v2\/product\/8114","targetHints":{"allow":["GET"]}}],"collection":[{"href":"https:\/\/olafssonart.is\/en\/wp-json\/wp\/v2\/product"}],"about":[{"href":"https:\/\/olafssonart.is\/en\/wp-json\/wp\/v2\/types\/product"}],"wp:featuredmedia":[{"embeddable":true,"href":"https:\/\/olafssonart.is\/en\/wp-json\/wp\/v2\/media\/8143"}],"wp:attachment":[{"href":"https:\/\/olafssonart.is\/en\/wp-json\/wp\/v2\/media?parent=8114"}],"wp:term":[{"taxonomy":"pwb-brand","embeddable":true,"href":"https:\/\/olafssonart.is\/en\/wp-json\/wp\/v2\/pwb-brand?post=8114"},{"taxonomy":"product_brand","embeddable":true,"href":"https:\/\/olafssonart.is\/en\/wp-json\/wp\/v2\/product_brand?post=8114"},{"taxonomy":"product_cat","embeddable":true,"href":"https:\/\/olafssonart.is\/en\/wp-json\/wp\/v2\/product_cat?post=8114"},{"taxonomy":"product_tag","embeddable":true,"href":"https:\/\/olafssonart.is\/en\/wp-json\/wp\/v2\/product_tag?post=8114"}],"curies":[{"name":"wp","href":"https:\/\/api.w.org\/{rel}","templated":true}]}}