{"id":2843,"date":"2019-11-17T13:57:18","date_gmt":"2019-11-17T13:57:18","guid":{"rendered":"http:\/\/superstore.is\/index.php\/vara\/northern-lights-6\/"},"modified":"2025-02-21T09:47:46","modified_gmt":"2025-02-21T09:47:46","slug":"art-print-on-canvas-northern-lights-80x80cm","status":"publish","type":"product","link":"https:\/\/olafssonart.is\/en\/vara\/art-print-on-canvas-northern-lights-80x80cm\/","title":{"rendered":"Northern Lights Art print on canvas"},"content":{"rendered":"<h3>Northern Lights Art print on canvas <\/h3>\n<p> One of the most remarkable things you can see on dark winter nights is the <a href=\"https:\/\/en.wikipedia.org\/wiki\/Aurora\">northern lights, Aurora Borealis<\/a>. In this picture, I try to paint it and show at the same time Sn\u00e6fellsj\u00f6kull and B\u00fa\u00f0akirkja in Snaefellsnes peninsula, but both places are very heartfelt to me. It is difficult to describe in painting the wonders that the Northern Lights offers, but I had to try. It is best to go and look at them with your own eyes if an opportunity arises. My picture is an attempt to capture one of the most spectacular wonders of nature that I have witnessed.<\/p>\n<p>This picture is a reproduction of the original painting by Olafsson. The image is printed on high quality, canvas with the best available printing quality. The picture is signed by the artist and delivered in a packaging tube.<br \/>\nIt is a popular gift, for wedding, birthday, housewarming or just to keep for yourself.<br \/>\nThe artist Olafsson is known for his nature and landscape images from Iceland.<br \/>\nAmong his works are paintings of the country&#8217;s magnificent natural pearls such as Geysir and Gullfoss, along with numerous pictures of the animals that live wild in the country.<\/p>\n<h4>Northern Lights Art print on canvas <\/h4>\n<p>It is simple and convenient to buy this picture here on the site. As soon as it is ready to be processed, you will be notified via email. You can pick up the product at the artist&#8217;s studio or have it sent home by mail to most country&#8217;s in the world. The processing time is usually 1-2 business days, but can shorter \/ longer in some cases. You can pay for the product by bank transfer, with cash or credit card on delivery at the studio or in a simple way here on the site through a secure payment page.<\/p>\n<p><a href=\"https:\/\/olafssonart.is\/en\/about-olafsson\/?lang=en\">About the artist<\/a><br \/>\nOlafsson was born in Reykjavik in January 1961. Only one year old he moved to the east coast to F\u00e1skr\u00fa\u00f0sfj\u00f6r\u00f0ur with his parents and 5 siblings.<br \/>\nThere he grew up amid a powerful nature embraced by mountains, deep valleys and abundant wildlife.<br \/>\nOlafsson studied at the Icelandic School of Art and Crafts in Reykjavik from 1977 to 1981. Now the school is called the Iceland Academy of the Arts. From there he graduated from the Department of Painting.<br \/>\nOlafsson has held several exhibitions both at home and abroad. These include the Kjarvalsstadir 1981 exhibition. The solo exhibition in the Deep, the Horni\u00f0, 1982, in F\u00e1skr\u00fa\u00f0sfj\u00f6r\u00f0ur, 1984, 2007 and 2015. The Exhibition in the Sl\u00e1turhus in Egilstadir, 2007. Private exhibition in Ottawa, Canada, Constitution Square, 2007. The exhibition in Borgarnes, CAOS, The Milk House Art Center 2012, co-curated with RAT # 1, 2019 and RAT # 2, 2020 in Brietartun 11.<\/p>","protected":false},"excerpt":{"rendered":"<ul>\n<li>Handmade replica<\/li>\n<li>Available in several sizes<\/li>\n<li>Frame not included<\/li>\n<\/ul>","protected":false},"featured_media":7024,"template":"","meta":{"_monsterinsights_skip_tracking":false,"_monsterinsights_sitenote_active":false,"_monsterinsights_sitenote_note":"","_monsterinsights_sitenote_category":0},"pwb-brand":[],"product_brand":[],"product_cat":[145,683],"product_tag":[],"class_list":{"0":"post-2843","1":"product","2":"type-product","3":"status-publish","4":"has-post-thumbnail","6":"product_cat-all-prints","7":"product_cat-art-prints-on-canvas","9":"first","10":"instock","11":"shipping-taxable","12":"purchasable","13":"product-type-variable"},"yoast_head":"<!-- This site is optimized with the Yoast SEO plugin v27.4 - https:\/\/yoast.com\/product\/yoast-seo-wordpress\/ -->\n<title>Northern Lights Art print on canvas - olafssonart.is<\/title>\n<meta name=\"description\" content=\"Northern Lights Art print on canvas. This picture is a reproduction of the original painting by Olafsson. The image is printed in high quality.\" \/>\n<meta name=\"robots\" content=\"index, follow, max-snippet:-1, max-image-preview:large, max-video-preview:-1\" \/>\n<link rel=\"canonical\" href=\"https:\/\/olafssonart.is\/en\/Product\/art-print-on-canvas-northern-lights-80x80cm\/?lang=en\" \/>\n<meta property=\"og:locale\" content=\"en_GB\" \/>\n<meta property=\"og:type\" content=\"article\" \/>\n<meta property=\"og:title\" content=\"Northern Lights Art print on canvas - olafssonart.is\" \/>\n<meta property=\"og:description\" content=\"Northern Lights Art print on canvas. This picture is a reproduction of the original painting by Olafsson. The image is printed in high quality.\" \/>\n<meta property=\"og:url\" content=\"https:\/\/olafssonart.is\/en\/Product\/art-print-on-canvas-northern-lights-80x80cm\/?lang=en\" \/>\n<meta property=\"og:site_name\" content=\"olafssonart.is\" \/>\n<meta property=\"article:publisher\" content=\"https:\/\/www.facebook.com\/Olafsson-Art-182054568477221\/\" \/>\n<meta property=\"article:modified_time\" content=\"2025-02-21T09:47:46+00:00\" \/>\n<meta property=\"og:image\" content=\"https:\/\/olafssonart.is\/wp-content\/uploads\/2019\/11\/Nordurljos.jpg\" \/>\n\t<meta property=\"og:image:width\" content=\"600\" \/>\n\t<meta property=\"og:image:height\" content=\"600\" \/>\n\t<meta property=\"og:image:type\" content=\"image\/jpeg\" \/>\n<meta name=\"twitter:card\" content=\"summary_large_image\" \/>\n<meta name=\"twitter:label1\" content=\"Estimated reading time\" \/>\n\t<meta name=\"twitter:data1\" content=\"3 minutes\" \/>\n<script type=\"application\/ld+json\" class=\"yoast-schema-graph\">{\"@context\":\"https:\\\/\\\/schema.org\",\"@graph\":[{\"@type\":\"WebPage\",\"@id\":\"https:\\\/\\\/olafssonart.is\\\/Product\\\/art-print-on-canvas-northern-lights-80x80cm\\\/?lang=en\",\"url\":\"https:\\\/\\\/olafssonart.is\\\/Product\\\/art-print-on-canvas-northern-lights-80x80cm\\\/?lang=en\",\"name\":\"Northern Lights Art print on canvas - olafssonart.is\",\"isPartOf\":{\"@id\":\"https:\\\/\\\/olafssonart.is\\\/?lang=en\\\/#website\"},\"primaryImageOfPage\":{\"@id\":\"https:\\\/\\\/olafssonart.is\\\/Product\\\/art-print-on-canvas-northern-lights-80x80cm\\\/?lang=en#primaryimage\"},\"image\":{\"@id\":\"https:\\\/\\\/olafssonart.is\\\/Product\\\/art-print-on-canvas-northern-lights-80x80cm\\\/?lang=en#primaryimage\"},\"thumbnailUrl\":\"https:\\\/\\\/olafssonart.is\\\/wp-content\\\/uploads\\\/2019\\\/11\\\/Nordurljos.jpg\",\"datePublished\":\"2019-11-17T13:57:18+00:00\",\"dateModified\":\"2025-02-21T09:47:46+00:00\",\"description\":\"Northern Lights Art print on canvas. This picture is a reproduction of the original painting by Olafsson. The image is printed in high quality.\",\"breadcrumb\":{\"@id\":\"https:\\\/\\\/olafssonart.is\\\/Product\\\/art-print-on-canvas-northern-lights-80x80cm\\\/?lang=en#breadcrumb\"},\"inLanguage\":\"en-GB\",\"potentialAction\":[{\"@type\":\"ReadAction\",\"target\":[\"https:\\\/\\\/olafssonart.is\\\/Product\\\/art-print-on-canvas-northern-lights-80x80cm\\\/?lang=en\"]}]},{\"@type\":\"ImageObject\",\"inLanguage\":\"en-GB\",\"@id\":\"https:\\\/\\\/olafssonart.is\\\/Product\\\/art-print-on-canvas-northern-lights-80x80cm\\\/?lang=en#primaryimage\",\"url\":\"https:\\\/\\\/olafssonart.is\\\/wp-content\\\/uploads\\\/2019\\\/11\\\/Nordurljos.jpg\",\"contentUrl\":\"https:\\\/\\\/olafssonart.is\\\/wp-content\\\/uploads\\\/2019\\\/11\\\/Nordurljos.jpg\",\"width\":600,\"height\":600},{\"@type\":\"BreadcrumbList\",\"@id\":\"https:\\\/\\\/olafssonart.is\\\/Product\\\/art-print-on-canvas-northern-lights-80x80cm\\\/?lang=en#breadcrumb\",\"itemListElement\":[{\"@type\":\"ListItem\",\"position\":1,\"name\":\"Home\",\"item\":\"https:\\\/\\\/olafssonart.is\\\/\"},{\"@type\":\"ListItem\",\"position\":2,\"name\":\"Netverslun\",\"item\":\"https:\\\/\\\/olafssonart.is\\\/shop-2\\\/\"},{\"@type\":\"ListItem\",\"position\":3,\"name\":\"Northern Lights Art print on canvas\"}]},{\"@type\":\"WebSite\",\"@id\":\"https:\\\/\\\/olafssonart.is\\\/?lang=en\\\/#website\",\"url\":\"https:\\\/\\\/olafssonart.is\\\/?lang=en\\\/\",\"name\":\"olafssonart.is\",\"description\":\"\u00cdslensk listaverk\",\"publisher\":{\"@id\":\"https:\\\/\\\/olafssonart.is\\\/?lang=en\\\/#organization\"},\"potentialAction\":[{\"@type\":\"SearchAction\",\"target\":{\"@type\":\"EntryPoint\",\"urlTemplate\":\"https:\\\/\\\/olafssonart.is\\\/?lang=en\\\/?s={search_term_string}\"},\"query-input\":{\"@type\":\"PropertyValueSpecification\",\"valueRequired\":true,\"valueName\":\"search_term_string\"}}],\"inLanguage\":\"en-GB\"},{\"@type\":\"Organization\",\"@id\":\"https:\\\/\\\/olafssonart.is\\\/?lang=en\\\/#organization\",\"name\":\"olafssonart.is\",\"url\":\"https:\\\/\\\/olafssonart.is\\\/?lang=en\\\/\",\"logo\":{\"@type\":\"ImageObject\",\"inLanguage\":\"en-GB\",\"@id\":\"https:\\\/\\\/olafssonart.is\\\/?lang=en\\\/#\\\/schema\\\/logo\\\/image\\\/\",\"url\":\"https:\\\/\\\/olafssonart.is\\\/wp-content\\\/uploads\\\/2019\\\/12\\\/logo-111.png\",\"contentUrl\":\"https:\\\/\\\/olafssonart.is\\\/wp-content\\\/uploads\\\/2019\\\/12\\\/logo-111.png\",\"width\":111,\"height\":34,\"caption\":\"olafssonart.is\"},\"image\":{\"@id\":\"https:\\\/\\\/olafssonart.is\\\/?lang=en\\\/#\\\/schema\\\/logo\\\/image\\\/\"},\"sameAs\":[\"https:\\\/\\\/www.facebook.com\\\/Olafsson-Art-182054568477221\\\/\"]}]}<\/script>\n<!-- \/ Yoast SEO plugin. -->","yoast_head_json":{"title":"Northern Lights Art print on canvas - olafssonart.is","description":"Northern Lights Art print on canvas. This picture is a reproduction of the original painting by Olafsson. The image is printed in high quality.","robots":{"index":"index","follow":"follow","max-snippet":"max-snippet:-1","max-image-preview":"max-image-preview:large","max-video-preview":"max-video-preview:-1"},"canonical":"https:\/\/olafssonart.is\/en\/Product\/art-print-on-canvas-northern-lights-80x80cm\/?lang=en","og_locale":"en_GB","og_type":"article","og_title":"Northern Lights Art print on canvas - olafssonart.is","og_description":"Northern Lights Art print on canvas. This picture is a reproduction of the original painting by Olafsson. The image is printed in high quality.","og_url":"https:\/\/olafssonart.is\/en\/Product\/art-print-on-canvas-northern-lights-80x80cm\/?lang=en","og_site_name":"olafssonart.is","article_publisher":"https:\/\/www.facebook.com\/Olafsson-Art-182054568477221\/","article_modified_time":"2025-02-21T09:47:46+00:00","og_image":[{"width":600,"height":600,"url":"https:\/\/olafssonart.is\/wp-content\/uploads\/2019\/11\/Nordurljos.jpg","type":"image\/jpeg"}],"twitter_card":"summary_large_image","twitter_misc":{"Estimated reading time":"3 minutes"},"schema":{"@context":"https:\/\/schema.org","@graph":[{"@type":"WebPage","@id":"https:\/\/olafssonart.is\/Product\/art-print-on-canvas-northern-lights-80x80cm\/?lang=en","url":"https:\/\/olafssonart.is\/Product\/art-print-on-canvas-northern-lights-80x80cm\/?lang=en","name":"Northern Lights Art print on canvas - olafssonart.is","isPartOf":{"@id":"https:\/\/olafssonart.is\/?lang=en\/#website"},"primaryImageOfPage":{"@id":"https:\/\/olafssonart.is\/Product\/art-print-on-canvas-northern-lights-80x80cm\/?lang=en#primaryimage"},"image":{"@id":"https:\/\/olafssonart.is\/Product\/art-print-on-canvas-northern-lights-80x80cm\/?lang=en#primaryimage"},"thumbnailUrl":"https:\/\/olafssonart.is\/wp-content\/uploads\/2019\/11\/Nordurljos.jpg","datePublished":"2019-11-17T13:57:18+00:00","dateModified":"2025-02-21T09:47:46+00:00","description":"Northern Lights Art print on canvas. This picture is a reproduction of the original painting by Olafsson. The image is printed in high quality.","breadcrumb":{"@id":"https:\/\/olafssonart.is\/Product\/art-print-on-canvas-northern-lights-80x80cm\/?lang=en#breadcrumb"},"inLanguage":"en-GB","potentialAction":[{"@type":"ReadAction","target":["https:\/\/olafssonart.is\/Product\/art-print-on-canvas-northern-lights-80x80cm\/?lang=en"]}]},{"@type":"ImageObject","inLanguage":"en-GB","@id":"https:\/\/olafssonart.is\/Product\/art-print-on-canvas-northern-lights-80x80cm\/?lang=en#primaryimage","url":"https:\/\/olafssonart.is\/wp-content\/uploads\/2019\/11\/Nordurljos.jpg","contentUrl":"https:\/\/olafssonart.is\/wp-content\/uploads\/2019\/11\/Nordurljos.jpg","width":600,"height":600},{"@type":"BreadcrumbList","@id":"https:\/\/olafssonart.is\/Product\/art-print-on-canvas-northern-lights-80x80cm\/?lang=en#breadcrumb","itemListElement":[{"@type":"ListItem","position":1,"name":"Home","item":"https:\/\/olafssonart.is\/"},{"@type":"ListItem","position":2,"name":"Netverslun","item":"https:\/\/olafssonart.is\/shop-2\/"},{"@type":"ListItem","position":3,"name":"Northern Lights Art print on canvas"}]},{"@type":"WebSite","@id":"https:\/\/olafssonart.is\/?lang=en\/#website","url":"https:\/\/olafssonart.is\/?lang=en\/","name":"olafssonart.is","description":"\u00cdslensk listaverk","publisher":{"@id":"https:\/\/olafssonart.is\/?lang=en\/#organization"},"potentialAction":[{"@type":"SearchAction","target":{"@type":"EntryPoint","urlTemplate":"https:\/\/olafssonart.is\/?lang=en\/?s={search_term_string}"},"query-input":{"@type":"PropertyValueSpecification","valueRequired":true,"valueName":"search_term_string"}}],"inLanguage":"en-GB"},{"@type":"Organization","@id":"https:\/\/olafssonart.is\/?lang=en\/#organization","name":"olafssonart.is","url":"https:\/\/olafssonart.is\/?lang=en\/","logo":{"@type":"ImageObject","inLanguage":"en-GB","@id":"https:\/\/olafssonart.is\/?lang=en\/#\/schema\/logo\/image\/","url":"https:\/\/olafssonart.is\/wp-content\/uploads\/2019\/12\/logo-111.png","contentUrl":"https:\/\/olafssonart.is\/wp-content\/uploads\/2019\/12\/logo-111.png","width":111,"height":34,"caption":"olafssonart.is"},"image":{"@id":"https:\/\/olafssonart.is\/?lang=en\/#\/schema\/logo\/image\/"},"sameAs":["https:\/\/www.facebook.com\/Olafsson-Art-182054568477221\/"]}]}},"brands":[],"_links":{"self":[{"href":"https:\/\/olafssonart.is\/en\/wp-json\/wp\/v2\/product\/2843","targetHints":{"allow":["GET"]}}],"collection":[{"href":"https:\/\/olafssonart.is\/en\/wp-json\/wp\/v2\/product"}],"about":[{"href":"https:\/\/olafssonart.is\/en\/wp-json\/wp\/v2\/types\/product"}],"wp:featuredmedia":[{"embeddable":true,"href":"https:\/\/olafssonart.is\/en\/wp-json\/wp\/v2\/media\/7024"}],"wp:attachment":[{"href":"https:\/\/olafssonart.is\/en\/wp-json\/wp\/v2\/media?parent=2843"}],"wp:term":[{"taxonomy":"pwb-brand","embeddable":true,"href":"https:\/\/olafssonart.is\/en\/wp-json\/wp\/v2\/pwb-brand?post=2843"},{"taxonomy":"product_brand","embeddable":true,"href":"https:\/\/olafssonart.is\/en\/wp-json\/wp\/v2\/product_brand?post=2843"},{"taxonomy":"product_cat","embeddable":true,"href":"https:\/\/olafssonart.is\/en\/wp-json\/wp\/v2\/product_cat?post=2843"},{"taxonomy":"product_tag","embeddable":true,"href":"https:\/\/olafssonart.is\/en\/wp-json\/wp\/v2\/product_tag?post=2843"}],"curies":[{"name":"wp","href":"https:\/\/api.w.org\/{rel}","templated":true}]}}