{"id":1854,"date":"2019-11-17T13:54:22","date_gmt":"2019-11-17T13:54:22","guid":{"rendered":"http:\/\/superstore.is\/?post_type=product&#038;p=1854"},"modified":"2025-03-29T20:06:13","modified_gmt":"2025-03-29T20:06:13","slug":"malverk-veggmynd-a-striga-49-minningar-80x80","status":"publish","type":"product","link":"https:\/\/olafssonart.is\/en\/vara\/malverk-veggmynd-a-striga-49-minningar-80x80\/","title":{"rendered":"49 memories Art print on canvas"},"content":{"rendered":"<h3>49 memories Art print on canvas<\/h3>\n<p>This picture is a reproduction of the original painting by Olafsson. The image is printed on high quality, canvas with the best available printing quality. <\/p>\n<p>Pictures in sizes 40\u00d740 and 80\u00d780 cm are printed on canvas in the best available quality and delivered rolled up in a paper tube that ensures their preservation during transportation. A picture in size 20\u00d720 cm is delivered framed. A great gift for a wedding, birthday, import gift or gift for any occasion.<\/p>\n<p>Olafsson was born in Reykjavik in January 1961. Only one year old he moved to the east coast to F\u00e1skr\u00fa\u00f0sfj\u00f6r\u00f0ur with his parents and 5 siblings.\nThere he grew up amid a powerful nature embraced by mountains, deep valleys and abundant wildlife.\nOlafsson studied at the Icelandic School of Art and Crafts in Reykjavik from 1977 to 1981. Now the school is called the Iceland Academy of the Arts. From there he graduated from the Department of Painting.\nOlafsson has held several exhibitions both at home and abroad. These include the Kjarvalsstadir 1981 exhibition. The solo exhibition in the Deep, the Horni\u00f0, 1982, in F\u00e1skr\u00fa\u00f0sfj\u00f6r\u00f0ur, 1984, 2007 and 2015. The Exhibition in the Sl\u00e1turhus in Egilstadir, 2007. Private exhibition in Ottawa, Canada, Constitution Square, 2007. The exhibition in Borgarnes, CAOS, The Milk House Art Center 2012, co-curated with RAT # 1, 2019 and RAT # 2, 2020 in Brietartun 11.<a href=\"https:\/\/olafssonart.is\/en\/um-olafsson\/\"> finna h\u00e9r.<\/a><\/p>\n<h3>49 memories Art print on canvas<\/h3>\n<p>\u00deessi minnisvar\u00f0i er sta\u00f0settur \u00ed <a href=\"https:\/\/www.fjardabyggd.is\/mannlif\/um-fjardabyggd\/faskrudsfjordur\" target=\"_blank\" rel=\"noopener noreferrer\">F\u00e1skr\u00fa\u00f0sfir\u00f0i<\/a>This memorial is located in Faskrudsfjordur, one of East Fjords many beautiful fjords. French seamen were stationed in Faskrudsfjrodur in the 19th century. This memorial was set up in commemoration of 49 French and Belgium seamen that lost their lives at sea. <\/p>\n<p>In the background is one of my favorite mountain, Sandfell, a 743 m high rhyolite south of F\u00e1skr\u00fa\u00f0sfj\u00f6r\u00f0ur. It is a typical laccolith believed to be 600 m thick and one of the best examples of mountains from the tertier period in the northern hemisphere. F\u00e1skr\u00fa\u00f0sfj\u00f6r\u00f0ur lies between Rey\u00f0arfj\u00f6r\u00f0ur and St\u00f6\u00f0varfj\u00f6r\u00f0ur. It is one of the easternmost settlements of Iceland.<\/p>\n<p>49 memories Art print on canvas. It is simple and convenient to buy this picture here on the site. As soon as it is ready to be processed, you will be notified via email. You can pick up the product at the artist\u2019s studio or have it sent home by mail to most country\u2019s in the world. The processing time is usually 1-2 business days, but can shorter \/ longer in some cases. You can pay for the product by bank transfer, with cash or credit card on delivery at the studio or in a simple way here on the site through a secure payment page.<\/p>","protected":false},"excerpt":{"rendered":"<ul>\n<li>Handmade replica<\/li>\n<li>Available in several sizes<\/li>\n<\/ul>","protected":false},"featured_media":6989,"template":"","meta":{"_monsterinsights_skip_tracking":false,"_monsterinsights_sitenote_active":false,"_monsterinsights_sitenote_note":"","_monsterinsights_sitenote_category":0},"pwb-brand":[],"product_brand":[],"product_cat":[136,503],"product_tag":[],"class_list":{"0":"post-1854","1":"product","2":"type-product","3":"status-publish","4":"has-post-thumbnail","6":"product_cat-allar-myndir","7":"product_cat-veggmyndir-a-striga","9":"first","10":"instock","11":"shipping-taxable","12":"purchasable","13":"product-type-variable"},"yoast_head":"<!-- This site is optimized with the Yoast SEO plugin v27.3 - https:\/\/yoast.com\/product\/yoast-seo-wordpress\/ -->\n<title>49 Minningar veggmynd \u00e1 striga - olafssonart.is<\/title>\n<meta name=\"description\" content=\"49 Minningar-M\u00e1lverk-veggmynd \u00e1 striga. \u00deessi mynd er handunnin eftirger\u00f0 af m\u00e1lverkinu 49 minningar. Myndin er prentu\u00f0 \u00e1 striga.\" \/>\n<meta name=\"robots\" content=\"index, follow, max-snippet:-1, max-image-preview:large, max-video-preview:-1\" \/>\n<link rel=\"canonical\" href=\"https:\/\/olafssonart.is\/en\/vara\/malverk-veggmynd-a-striga-49-minningar-80x80\/\" \/>\n<meta property=\"og:locale\" content=\"en_GB\" \/>\n<meta property=\"og:type\" content=\"article\" \/>\n<meta property=\"og:title\" content=\"49 Minningar veggmynd \u00e1 striga - olafssonart.is\" \/>\n<meta property=\"og:description\" content=\"49 Minningar-M\u00e1lverk-veggmynd \u00e1 striga. \u00deessi mynd er handunnin eftirger\u00f0 af m\u00e1lverkinu 49 minningar. Myndin er prentu\u00f0 \u00e1 striga.\" \/>\n<meta property=\"og:url\" content=\"https:\/\/olafssonart.is\/en\/vara\/malverk-veggmynd-a-striga-49-minningar-80x80\/\" \/>\n<meta property=\"og:site_name\" content=\"olafssonart.is\" \/>\n<meta property=\"article:publisher\" content=\"https:\/\/www.facebook.com\/Olafsson-Art-182054568477221\/\" \/>\n<meta property=\"article:modified_time\" content=\"2025-03-29T20:06:13+00:00\" \/>\n<meta property=\"og:image\" content=\"https:\/\/olafssonart.is\/wp-content\/uploads\/2019\/11\/Krossar.jpg\" \/>\n\t<meta property=\"og:image:width\" content=\"600\" \/>\n\t<meta property=\"og:image:height\" content=\"600\" \/>\n\t<meta property=\"og:image:type\" content=\"image\/jpeg\" \/>\n<meta name=\"twitter:card\" content=\"summary_large_image\" \/>\n<meta name=\"twitter:label1\" content=\"Estimated reading time\" \/>\n\t<meta name=\"twitter:data1\" content=\"2 minutes\" \/>\n<script type=\"application\/ld+json\" class=\"yoast-schema-graph\">{\"@context\":\"https:\\\/\\\/schema.org\",\"@graph\":[{\"@type\":\"WebPage\",\"@id\":\"https:\\\/\\\/olafssonart.is\\\/vara\\\/malverk-veggmynd-a-striga-49-minningar-80x80\\\/\",\"url\":\"https:\\\/\\\/olafssonart.is\\\/vara\\\/malverk-veggmynd-a-striga-49-minningar-80x80\\\/\",\"name\":\"49 Minningar veggmynd \u00e1 striga - olafssonart.is\",\"isPartOf\":{\"@id\":\"https:\\\/\\\/olafssonart.is\\\/?lang=en\\\/#website\"},\"primaryImageOfPage\":{\"@id\":\"https:\\\/\\\/olafssonart.is\\\/vara\\\/malverk-veggmynd-a-striga-49-minningar-80x80\\\/#primaryimage\"},\"image\":{\"@id\":\"https:\\\/\\\/olafssonart.is\\\/vara\\\/malverk-veggmynd-a-striga-49-minningar-80x80\\\/#primaryimage\"},\"thumbnailUrl\":\"https:\\\/\\\/olafssonart.is\\\/wp-content\\\/uploads\\\/2019\\\/11\\\/Krossar.jpg\",\"datePublished\":\"2019-11-17T13:54:22+00:00\",\"dateModified\":\"2025-03-29T20:06:13+00:00\",\"description\":\"49 Minningar-M\u00e1lverk-veggmynd \u00e1 striga. \u00deessi mynd er handunnin eftirger\u00f0 af m\u00e1lverkinu 49 minningar. Myndin er prentu\u00f0 \u00e1 striga.\",\"breadcrumb\":{\"@id\":\"https:\\\/\\\/olafssonart.is\\\/vara\\\/malverk-veggmynd-a-striga-49-minningar-80x80\\\/#breadcrumb\"},\"inLanguage\":\"en-GB\",\"potentialAction\":[{\"@type\":\"ReadAction\",\"target\":[\"https:\\\/\\\/olafssonart.is\\\/vara\\\/malverk-veggmynd-a-striga-49-minningar-80x80\\\/\"]}]},{\"@type\":\"ImageObject\",\"inLanguage\":\"en-GB\",\"@id\":\"https:\\\/\\\/olafssonart.is\\\/vara\\\/malverk-veggmynd-a-striga-49-minningar-80x80\\\/#primaryimage\",\"url\":\"https:\\\/\\\/olafssonart.is\\\/wp-content\\\/uploads\\\/2019\\\/11\\\/Krossar.jpg\",\"contentUrl\":\"https:\\\/\\\/olafssonart.is\\\/wp-content\\\/uploads\\\/2019\\\/11\\\/Krossar.jpg\",\"width\":600,\"height\":600},{\"@type\":\"BreadcrumbList\",\"@id\":\"https:\\\/\\\/olafssonart.is\\\/vara\\\/malverk-veggmynd-a-striga-49-minningar-80x80\\\/#breadcrumb\",\"itemListElement\":[{\"@type\":\"ListItem\",\"position\":1,\"name\":\"Home\",\"item\":\"https:\\\/\\\/olafssonart.is\\\/\"},{\"@type\":\"ListItem\",\"position\":2,\"name\":\"Netverslun\",\"item\":\"https:\\\/\\\/olafssonart.is\\\/shop-2\\\/\"},{\"@type\":\"ListItem\",\"position\":3,\"name\":\"49 Minningar veggmynd \u00e1 striga\"}]},{\"@type\":\"WebSite\",\"@id\":\"https:\\\/\\\/olafssonart.is\\\/?lang=en\\\/#website\",\"url\":\"https:\\\/\\\/olafssonart.is\\\/?lang=en\\\/\",\"name\":\"olafssonart.is\",\"description\":\"\u00cdslensk listaverk\",\"publisher\":{\"@id\":\"https:\\\/\\\/olafssonart.is\\\/?lang=en\\\/#organization\"},\"potentialAction\":[{\"@type\":\"SearchAction\",\"target\":{\"@type\":\"EntryPoint\",\"urlTemplate\":\"https:\\\/\\\/olafssonart.is\\\/?lang=en\\\/?s={search_term_string}\"},\"query-input\":{\"@type\":\"PropertyValueSpecification\",\"valueRequired\":true,\"valueName\":\"search_term_string\"}}],\"inLanguage\":\"en-GB\"},{\"@type\":\"Organization\",\"@id\":\"https:\\\/\\\/olafssonart.is\\\/?lang=en\\\/#organization\",\"name\":\"olafssonart.is\",\"url\":\"https:\\\/\\\/olafssonart.is\\\/?lang=en\\\/\",\"logo\":{\"@type\":\"ImageObject\",\"inLanguage\":\"en-GB\",\"@id\":\"https:\\\/\\\/olafssonart.is\\\/?lang=en\\\/#\\\/schema\\\/logo\\\/image\\\/\",\"url\":\"https:\\\/\\\/olafssonart.is\\\/wp-content\\\/uploads\\\/2019\\\/12\\\/logo-111.png\",\"contentUrl\":\"https:\\\/\\\/olafssonart.is\\\/wp-content\\\/uploads\\\/2019\\\/12\\\/logo-111.png\",\"width\":111,\"height\":34,\"caption\":\"olafssonart.is\"},\"image\":{\"@id\":\"https:\\\/\\\/olafssonart.is\\\/?lang=en\\\/#\\\/schema\\\/logo\\\/image\\\/\"},\"sameAs\":[\"https:\\\/\\\/www.facebook.com\\\/Olafsson-Art-182054568477221\\\/\"]}]}<\/script>\n<!-- \/ Yoast SEO plugin. -->","yoast_head_json":{"title":"49 Minningar veggmynd \u00e1 striga - olafssonart.is","description":"49 Minningar-M\u00e1lverk-veggmynd \u00e1 striga. \u00deessi mynd er handunnin eftirger\u00f0 af m\u00e1lverkinu 49 minningar. Myndin er prentu\u00f0 \u00e1 striga.","robots":{"index":"index","follow":"follow","max-snippet":"max-snippet:-1","max-image-preview":"max-image-preview:large","max-video-preview":"max-video-preview:-1"},"canonical":"https:\/\/olafssonart.is\/en\/vara\/malverk-veggmynd-a-striga-49-minningar-80x80\/","og_locale":"en_GB","og_type":"article","og_title":"49 Minningar veggmynd \u00e1 striga - olafssonart.is","og_description":"49 Minningar-M\u00e1lverk-veggmynd \u00e1 striga. \u00deessi mynd er handunnin eftirger\u00f0 af m\u00e1lverkinu 49 minningar. Myndin er prentu\u00f0 \u00e1 striga.","og_url":"https:\/\/olafssonart.is\/en\/vara\/malverk-veggmynd-a-striga-49-minningar-80x80\/","og_site_name":"olafssonart.is","article_publisher":"https:\/\/www.facebook.com\/Olafsson-Art-182054568477221\/","article_modified_time":"2025-03-29T20:06:13+00:00","og_image":[{"width":600,"height":600,"url":"https:\/\/olafssonart.is\/wp-content\/uploads\/2019\/11\/Krossar.jpg","type":"image\/jpeg"}],"twitter_card":"summary_large_image","twitter_misc":{"Estimated reading time":"2 minutes"},"schema":{"@context":"https:\/\/schema.org","@graph":[{"@type":"WebPage","@id":"https:\/\/olafssonart.is\/vara\/malverk-veggmynd-a-striga-49-minningar-80x80\/","url":"https:\/\/olafssonart.is\/vara\/malverk-veggmynd-a-striga-49-minningar-80x80\/","name":"49 Minningar veggmynd \u00e1 striga - olafssonart.is","isPartOf":{"@id":"https:\/\/olafssonart.is\/?lang=en\/#website"},"primaryImageOfPage":{"@id":"https:\/\/olafssonart.is\/vara\/malverk-veggmynd-a-striga-49-minningar-80x80\/#primaryimage"},"image":{"@id":"https:\/\/olafssonart.is\/vara\/malverk-veggmynd-a-striga-49-minningar-80x80\/#primaryimage"},"thumbnailUrl":"https:\/\/olafssonart.is\/wp-content\/uploads\/2019\/11\/Krossar.jpg","datePublished":"2019-11-17T13:54:22+00:00","dateModified":"2025-03-29T20:06:13+00:00","description":"49 Minningar-M\u00e1lverk-veggmynd \u00e1 striga. \u00deessi mynd er handunnin eftirger\u00f0 af m\u00e1lverkinu 49 minningar. Myndin er prentu\u00f0 \u00e1 striga.","breadcrumb":{"@id":"https:\/\/olafssonart.is\/vara\/malverk-veggmynd-a-striga-49-minningar-80x80\/#breadcrumb"},"inLanguage":"en-GB","potentialAction":[{"@type":"ReadAction","target":["https:\/\/olafssonart.is\/vara\/malverk-veggmynd-a-striga-49-minningar-80x80\/"]}]},{"@type":"ImageObject","inLanguage":"en-GB","@id":"https:\/\/olafssonart.is\/vara\/malverk-veggmynd-a-striga-49-minningar-80x80\/#primaryimage","url":"https:\/\/olafssonart.is\/wp-content\/uploads\/2019\/11\/Krossar.jpg","contentUrl":"https:\/\/olafssonart.is\/wp-content\/uploads\/2019\/11\/Krossar.jpg","width":600,"height":600},{"@type":"BreadcrumbList","@id":"https:\/\/olafssonart.is\/vara\/malverk-veggmynd-a-striga-49-minningar-80x80\/#breadcrumb","itemListElement":[{"@type":"ListItem","position":1,"name":"Home","item":"https:\/\/olafssonart.is\/"},{"@type":"ListItem","position":2,"name":"Netverslun","item":"https:\/\/olafssonart.is\/shop-2\/"},{"@type":"ListItem","position":3,"name":"49 Minningar veggmynd \u00e1 striga"}]},{"@type":"WebSite","@id":"https:\/\/olafssonart.is\/?lang=en\/#website","url":"https:\/\/olafssonart.is\/?lang=en\/","name":"olafssonart.is","description":"\u00cdslensk listaverk","publisher":{"@id":"https:\/\/olafssonart.is\/?lang=en\/#organization"},"potentialAction":[{"@type":"SearchAction","target":{"@type":"EntryPoint","urlTemplate":"https:\/\/olafssonart.is\/?lang=en\/?s={search_term_string}"},"query-input":{"@type":"PropertyValueSpecification","valueRequired":true,"valueName":"search_term_string"}}],"inLanguage":"en-GB"},{"@type":"Organization","@id":"https:\/\/olafssonart.is\/?lang=en\/#organization","name":"olafssonart.is","url":"https:\/\/olafssonart.is\/?lang=en\/","logo":{"@type":"ImageObject","inLanguage":"en-GB","@id":"https:\/\/olafssonart.is\/?lang=en\/#\/schema\/logo\/image\/","url":"https:\/\/olafssonart.is\/wp-content\/uploads\/2019\/12\/logo-111.png","contentUrl":"https:\/\/olafssonart.is\/wp-content\/uploads\/2019\/12\/logo-111.png","width":111,"height":34,"caption":"olafssonart.is"},"image":{"@id":"https:\/\/olafssonart.is\/?lang=en\/#\/schema\/logo\/image\/"},"sameAs":["https:\/\/www.facebook.com\/Olafsson-Art-182054568477221\/"]}]}},"brands":[],"_links":{"self":[{"href":"https:\/\/olafssonart.is\/en\/wp-json\/wp\/v2\/product\/1854","targetHints":{"allow":["GET"]}}],"collection":[{"href":"https:\/\/olafssonart.is\/en\/wp-json\/wp\/v2\/product"}],"about":[{"href":"https:\/\/olafssonart.is\/en\/wp-json\/wp\/v2\/types\/product"}],"wp:featuredmedia":[{"embeddable":true,"href":"https:\/\/olafssonart.is\/en\/wp-json\/wp\/v2\/media\/6989"}],"wp:attachment":[{"href":"https:\/\/olafssonart.is\/en\/wp-json\/wp\/v2\/media?parent=1854"}],"wp:term":[{"taxonomy":"pwb-brand","embeddable":true,"href":"https:\/\/olafssonart.is\/en\/wp-json\/wp\/v2\/pwb-brand?post=1854"},{"taxonomy":"product_brand","embeddable":true,"href":"https:\/\/olafssonart.is\/en\/wp-json\/wp\/v2\/product_brand?post=1854"},{"taxonomy":"product_cat","embeddable":true,"href":"https:\/\/olafssonart.is\/en\/wp-json\/wp\/v2\/product_cat?post=1854"},{"taxonomy":"product_tag","embeddable":true,"href":"https:\/\/olafssonart.is\/en\/wp-json\/wp\/v2\/product_tag?post=1854"}],"curies":[{"name":"wp","href":"https:\/\/api.w.org\/{rel}","templated":true}]}}