{"id":8174,"date":"2025-02-19T20:06:51","date_gmt":"2025-02-19T20:06:51","guid":{"rendered":"https:\/\/olafssonart.is\/?page_id=8174"},"modified":"2025-02-19T20:23:21","modified_gmt":"2025-02-19T20:23:21","slug":"verslunarskilmalar","status":"publish","type":"page","link":"https:\/\/olafssonart.is\/en\/verslunarskilmalar\/","title":{"rendered":"Terms &amp; Conditions"},"content":{"rendered":"<div class=\"container section-title-container\" ><h3 class=\"section-title section-title-bold-center\"><b aria-hidden=\"true\"><\/b><span class=\"section-title-main\" >Terms &amp; Conditions<\/span><b aria-hidden=\"true\"><\/b><\/h3><\/div>\n<h5><strong>Orders-online<\/strong><\/h5>\n<p>We will do our best to process your order as soon as possible after payment has been received. Processing time is usually 1-3 working day\u00b4s but can be longer.<\/p>\n<h5><strong>Privacy policy<\/strong><\/h5>\n<p>Your privacy is important to us, and we strive to exceed your expectations for secure data. Nevertheless, cross-border shipments are subject to inspection by customs authorities.<br \/>We may also be called upon to provide certain order, shipment and product information to our international carriers. Carriers may communicate such information to customs authorities for the purpose of facilitating customs clearance and compliance with local laws.<\/p>\n<h5><strong>Prices, taxes and fees:<\/strong><\/h5>\n<p>Prices are subject to change without notice. All prices include 24% VAT and are subject to typographical errors.<\/p>\n<h5><strong>Disclaimer<\/strong><\/h5>\n<p>The thing sold is the property of the seller until the price is paid in full in accordance with Article 42 of Act No. 75\/1997.<\/p>","protected":false},"excerpt":{"rendered":"<p>Pantanir-Netverslun Vi\u00f0 afgrei\u00f0um p\u00f6ntunina \u00fe\u00edna eins flj\u00f3tt og m\u00f6gulegulegt er eftir a\u00f0 grei\u00f0sla hefur borist. Almennur afgrei\u00f0slut\u00edmi \u00e1 p\u00f6ntunum er 1-3 virkir dagar. Me\u00f0fer\u00f0 pers\u00f3nuuppl\u00fdsinga Vi\u00f0skiptavinir geta \u00feurft a\u00f0 gefa pers\u00f3nuuppl\u00fdsingar vegna kaupa \u00e1 v\u00f6rum e\u00f0a \u00fej\u00f3nustu \u00e1 \u00feessari vefs\u00ed\u00f0u (www.olafssonart.is).\u00dea\u00f0 sama \u00e1 vi\u00f0 um uppl\u00fdsingar sem notendur \u00feurfa a\u00f0 gefa upp vi\u00f0 notendaskr\u00e1ningar, innskr\u00e1ningar, [&#8230;]\n","protected":false},"author":1,"featured_media":0,"parent":0,"menu_order":0,"comment_status":"closed","ping_status":"closed","template":"","meta":{"_monsterinsights_skip_tracking":false,"_monsterinsights_sitenote_active":false,"_monsterinsights_sitenote_note":"","_monsterinsights_sitenote_category":0,"footnotes":""},"class_list":["post-8174","page","type-page","status-publish","hentry"],"yoast_head":"<!-- This site is optimized with the Yoast SEO plugin v27.4 - https:\/\/yoast.com\/product\/yoast-seo-wordpress\/ -->\n<title>Verslunarskilm\u00e1lar - olafssonart.is<\/title>\n<meta name=\"robots\" content=\"index, follow, max-snippet:-1, max-image-preview:large, max-video-preview:-1\" \/>\n<link rel=\"canonical\" href=\"https:\/\/olafssonart.is\/en\/verslunarskilmalar\/\" \/>\n<meta property=\"og:locale\" content=\"en_GB\" \/>\n<meta property=\"og:type\" content=\"article\" \/>\n<meta property=\"og:title\" content=\"Verslunarskilm\u00e1lar - olafssonart.is\" \/>\n<meta property=\"og:description\" content=\"Pantanir-Netverslun Vi\u00f0 afgrei\u00f0um p\u00f6ntunina \u00fe\u00edna eins flj\u00f3tt og m\u00f6gulegulegt er eftir a\u00f0 grei\u00f0sla hefur borist. Almennur afgrei\u00f0slut\u00edmi \u00e1 p\u00f6ntunum er 1-3 virkir dagar. Me\u00f0fer\u00f0 pers\u00f3nuuppl\u00fdsinga Vi\u00f0skiptavinir geta \u00feurft a\u00f0 gefa pers\u00f3nuuppl\u00fdsingar vegna kaupa \u00e1 v\u00f6rum e\u00f0a \u00fej\u00f3nustu \u00e1 \u00feessari vefs\u00ed\u00f0u (www.olafssonart.is).\u00dea\u00f0 sama \u00e1 vi\u00f0 um uppl\u00fdsingar sem notendur \u00feurfa a\u00f0 gefa upp vi\u00f0 notendaskr\u00e1ningar, innskr\u00e1ningar, [...]\" \/>\n<meta property=\"og:url\" content=\"https:\/\/olafssonart.is\/en\/verslunarskilmalar\/\" \/>\n<meta property=\"og:site_name\" content=\"olafssonart.is\" \/>\n<meta property=\"article:publisher\" content=\"https:\/\/www.facebook.com\/Olafsson-Art-182054568477221\/\" \/>\n<meta property=\"article:modified_time\" content=\"2025-02-19T20:23:21+00:00\" \/>\n<meta name=\"twitter:card\" content=\"summary_large_image\" \/>\n<meta name=\"twitter:label1\" content=\"Estimated reading time\" \/>\n\t<meta name=\"twitter:data1\" content=\"1 minute\" \/>\n<script type=\"application\/ld+json\" class=\"yoast-schema-graph\">{\"@context\":\"https:\\\/\\\/schema.org\",\"@graph\":[{\"@type\":\"WebPage\",\"@id\":\"https:\\\/\\\/olafssonart.is\\\/verslunarskilmalar\\\/\",\"url\":\"https:\\\/\\\/olafssonart.is\\\/verslunarskilmalar\\\/\",\"name\":\"Verslunarskilm\u00e1lar - olafssonart.is\",\"isPartOf\":{\"@id\":\"https:\\\/\\\/olafssonart.is\\\/?lang=en\\\/#website\"},\"datePublished\":\"2025-02-19T20:06:51+00:00\",\"dateModified\":\"2025-02-19T20:23:21+00:00\",\"breadcrumb\":{\"@id\":\"https:\\\/\\\/olafssonart.is\\\/verslunarskilmalar\\\/#breadcrumb\"},\"inLanguage\":\"en-GB\",\"potentialAction\":[{\"@type\":\"ReadAction\",\"target\":[\"https:\\\/\\\/olafssonart.is\\\/verslunarskilmalar\\\/\"]}]},{\"@type\":\"BreadcrumbList\",\"@id\":\"https:\\\/\\\/olafssonart.is\\\/verslunarskilmalar\\\/#breadcrumb\",\"itemListElement\":[{\"@type\":\"ListItem\",\"position\":1,\"name\":\"Home\",\"item\":\"https:\\\/\\\/olafssonart.is\\\/\"},{\"@type\":\"ListItem\",\"position\":2,\"name\":\"Verslunarskilm\u00e1lar\"}]},{\"@type\":\"WebSite\",\"@id\":\"https:\\\/\\\/olafssonart.is\\\/?lang=en\\\/#website\",\"url\":\"https:\\\/\\\/olafssonart.is\\\/?lang=en\\\/\",\"name\":\"olafssonart.is\",\"description\":\"\u00cdslensk listaverk\",\"publisher\":{\"@id\":\"https:\\\/\\\/olafssonart.is\\\/?lang=en\\\/#organization\"},\"potentialAction\":[{\"@type\":\"SearchAction\",\"target\":{\"@type\":\"EntryPoint\",\"urlTemplate\":\"https:\\\/\\\/olafssonart.is\\\/?lang=en\\\/?s={search_term_string}\"},\"query-input\":{\"@type\":\"PropertyValueSpecification\",\"valueRequired\":true,\"valueName\":\"search_term_string\"}}],\"inLanguage\":\"en-GB\"},{\"@type\":\"Organization\",\"@id\":\"https:\\\/\\\/olafssonart.is\\\/?lang=en\\\/#organization\",\"name\":\"olafssonart.is\",\"url\":\"https:\\\/\\\/olafssonart.is\\\/?lang=en\\\/\",\"logo\":{\"@type\":\"ImageObject\",\"inLanguage\":\"en-GB\",\"@id\":\"https:\\\/\\\/olafssonart.is\\\/?lang=en\\\/#\\\/schema\\\/logo\\\/image\\\/\",\"url\":\"https:\\\/\\\/olafssonart.is\\\/wp-content\\\/uploads\\\/2019\\\/12\\\/logo-111.png\",\"contentUrl\":\"https:\\\/\\\/olafssonart.is\\\/wp-content\\\/uploads\\\/2019\\\/12\\\/logo-111.png\",\"width\":111,\"height\":34,\"caption\":\"olafssonart.is\"},\"image\":{\"@id\":\"https:\\\/\\\/olafssonart.is\\\/?lang=en\\\/#\\\/schema\\\/logo\\\/image\\\/\"},\"sameAs\":[\"https:\\\/\\\/www.facebook.com\\\/Olafsson-Art-182054568477221\\\/\"]}]}<\/script>\n<!-- \/ Yoast SEO plugin. -->","yoast_head_json":{"title":"Verslunarskilm\u00e1lar - olafssonart.is","robots":{"index":"index","follow":"follow","max-snippet":"max-snippet:-1","max-image-preview":"max-image-preview:large","max-video-preview":"max-video-preview:-1"},"canonical":"https:\/\/olafssonart.is\/en\/verslunarskilmalar\/","og_locale":"en_GB","og_type":"article","og_title":"Verslunarskilm\u00e1lar - olafssonart.is","og_description":"Pantanir-Netverslun Vi\u00f0 afgrei\u00f0um p\u00f6ntunina \u00fe\u00edna eins flj\u00f3tt og m\u00f6gulegulegt er eftir a\u00f0 grei\u00f0sla hefur borist. Almennur afgrei\u00f0slut\u00edmi \u00e1 p\u00f6ntunum er 1-3 virkir dagar. Me\u00f0fer\u00f0 pers\u00f3nuuppl\u00fdsinga Vi\u00f0skiptavinir geta \u00feurft a\u00f0 gefa pers\u00f3nuuppl\u00fdsingar vegna kaupa \u00e1 v\u00f6rum e\u00f0a \u00fej\u00f3nustu \u00e1 \u00feessari vefs\u00ed\u00f0u (www.olafssonart.is).\u00dea\u00f0 sama \u00e1 vi\u00f0 um uppl\u00fdsingar sem notendur \u00feurfa a\u00f0 gefa upp vi\u00f0 notendaskr\u00e1ningar, innskr\u00e1ningar, [...]","og_url":"https:\/\/olafssonart.is\/en\/verslunarskilmalar\/","og_site_name":"olafssonart.is","article_publisher":"https:\/\/www.facebook.com\/Olafsson-Art-182054568477221\/","article_modified_time":"2025-02-19T20:23:21+00:00","twitter_card":"summary_large_image","twitter_misc":{"Estimated reading time":"1 minute"},"schema":{"@context":"https:\/\/schema.org","@graph":[{"@type":"WebPage","@id":"https:\/\/olafssonart.is\/verslunarskilmalar\/","url":"https:\/\/olafssonart.is\/verslunarskilmalar\/","name":"Verslunarskilm\u00e1lar - olafssonart.is","isPartOf":{"@id":"https:\/\/olafssonart.is\/?lang=en\/#website"},"datePublished":"2025-02-19T20:06:51+00:00","dateModified":"2025-02-19T20:23:21+00:00","breadcrumb":{"@id":"https:\/\/olafssonart.is\/verslunarskilmalar\/#breadcrumb"},"inLanguage":"en-GB","potentialAction":[{"@type":"ReadAction","target":["https:\/\/olafssonart.is\/verslunarskilmalar\/"]}]},{"@type":"BreadcrumbList","@id":"https:\/\/olafssonart.is\/verslunarskilmalar\/#breadcrumb","itemListElement":[{"@type":"ListItem","position":1,"name":"Home","item":"https:\/\/olafssonart.is\/"},{"@type":"ListItem","position":2,"name":"Verslunarskilm\u00e1lar"}]},{"@type":"WebSite","@id":"https:\/\/olafssonart.is\/?lang=en\/#website","url":"https:\/\/olafssonart.is\/?lang=en\/","name":"olafssonart.is","description":"\u00cdslensk listaverk","publisher":{"@id":"https:\/\/olafssonart.is\/?lang=en\/#organization"},"potentialAction":[{"@type":"SearchAction","target":{"@type":"EntryPoint","urlTemplate":"https:\/\/olafssonart.is\/?lang=en\/?s={search_term_string}"},"query-input":{"@type":"PropertyValueSpecification","valueRequired":true,"valueName":"search_term_string"}}],"inLanguage":"en-GB"},{"@type":"Organization","@id":"https:\/\/olafssonart.is\/?lang=en\/#organization","name":"olafssonart.is","url":"https:\/\/olafssonart.is\/?lang=en\/","logo":{"@type":"ImageObject","inLanguage":"en-GB","@id":"https:\/\/olafssonart.is\/?lang=en\/#\/schema\/logo\/image\/","url":"https:\/\/olafssonart.is\/wp-content\/uploads\/2019\/12\/logo-111.png","contentUrl":"https:\/\/olafssonart.is\/wp-content\/uploads\/2019\/12\/logo-111.png","width":111,"height":34,"caption":"olafssonart.is"},"image":{"@id":"https:\/\/olafssonart.is\/?lang=en\/#\/schema\/logo\/image\/"},"sameAs":["https:\/\/www.facebook.com\/Olafsson-Art-182054568477221\/"]}]}},"_links":{"self":[{"href":"https:\/\/olafssonart.is\/en\/wp-json\/wp\/v2\/pages\/8174","targetHints":{"allow":["GET"]}}],"collection":[{"href":"https:\/\/olafssonart.is\/en\/wp-json\/wp\/v2\/pages"}],"about":[{"href":"https:\/\/olafssonart.is\/en\/wp-json\/wp\/v2\/types\/page"}],"author":[{"embeddable":true,"href":"https:\/\/olafssonart.is\/en\/wp-json\/wp\/v2\/users\/1"}],"replies":[{"embeddable":true,"href":"https:\/\/olafssonart.is\/en\/wp-json\/wp\/v2\/comments?post=8174"}],"version-history":[{"count":5,"href":"https:\/\/olafssonart.is\/en\/wp-json\/wp\/v2\/pages\/8174\/revisions"}],"predecessor-version":[{"id":8184,"href":"https:\/\/olafssonart.is\/en\/wp-json\/wp\/v2\/pages\/8174\/revisions\/8184"}],"wp:attachment":[{"href":"https:\/\/olafssonart.is\/en\/wp-json\/wp\/v2\/media?parent=8174"}],"curies":[{"name":"wp","href":"https:\/\/api.w.org\/{rel}","templated":true}]}}