{"id":6043,"date":"2021-10-03T18:05:01","date_gmt":"2021-10-03T18:05:01","guid":{"rendered":"https:\/\/olafssonart.is\/?page_id=6043"},"modified":"2025-02-19T20:24:43","modified_gmt":"2025-02-19T20:24:43","slug":"personuverndarstefna-olafssonart-is","status":"publish","type":"page","link":"https:\/\/olafssonart.is\/en\/personuverndarstefna-olafssonart-is\/","title":{"rendered":"Pers\u00f3nuverndarstefna Olafssonart.is"},"content":{"rendered":"<div class=\"container section-title-container\" ><h3 class=\"section-title section-title-bold-center\"><b aria-hidden=\"true\"><\/b><span class=\"section-title-main\" >privacy policy<\/span><b aria-hidden=\"true\"><\/b><\/h3><\/div>\n<p>Olafssonart is concerned about the security of the personal information that the website handles. The olafssonart.is privacy policy states how and for what purpose customers' personal information is processed. We want our customers to be informed about how we process personal information.<br \/>\nThe personal information applies to the website and online store at the URL olafssonart.is. All communications on the website are encrypted using SSL. You can send an inquiry about the handling of the website's personal information to the email address olafsson@olafssonart.is<\/p>\n<p><strong>Personal information and its handling<\/strong><\/p>\n<p>We process certain personal information that you as a customer provide to us, but we use this information to provide you with the best possible service. We do not keep the information longer than necessary, but we are required, for example, to keep information about product purchases and payments for at least 7 years according to the Accounting Act.<br \/>\nAccording to the Personal Data Protection Act No. 90\/2018, you have the right to request a copy of your personal data, correct it or withdraw it.<\/p>\n<p><strong>Contacts<\/strong><br \/>\nWe need to keep track of your ID number, name, address, email address and phone number in order to:<\/p>\n<ul>\n<li>Notify you when your order is ready<\/li>\n<li>Notify you when your order is shipped to you<\/li>\n<li>Legally invoice for goods or services purchased<\/li>\n<li>Contact you regarding your service or product purchases<\/li>\n<li>Send you advertisements and offers if you have signed up for the mailing list. (You can always unsubscribe from the mailing list)<\/li>\n<\/ul>\n<p>We never provide this information to third parties except in cases where it is necessary for, for example, shipping\/transportation of goods.<\/p>\n<p><strong>Payment information<\/strong><br \/>\nWe do not store any card information on our servers, but when you pay for a product purchase in our online stores, the payment is made on a secure payment page of the card company \/ payment processor, which then sends us confirmation of the payment.<br \/>\nInformation about your product purchases, such as which products you purchased, whether you paid for them, the amount you paid, and your contact information, are stored with us. This information is used to process your order based on the methods and services you selected when placing your order.<\/p>\n<p><strong>Technical information<\/strong><br \/>\nWhen you visit our website and online store, certain data is automatically collected. This data includes information such as information about your IP address, web browser, computer system, etc. Information is also recorded about how you connected to the website (via a link), from which website you connected, the time and duration of your visit, which pages you view and which products or services you purchased, if applicable. This information may be recorded through your use of cookies. <a href=\"https:\/\/olafssonart.is\/en\/vefkokur\/\">More information about cookies.<\/a><\/p>\n<p><strong>Other information<\/strong><br \/>\nWe work with non-personally identifiable information such as statistical information. It cannot be traced back to you as a customer, but this includes, for example, information about the number of orders, website visits, use of discounts, etc.<\/p>","protected":false},"excerpt":{"rendered":"<p>Olafssonart er umhuga\u00f0 um \u00f6ryggi \u00feeirra pers\u00f3nuuppl\u00fdsinga sem vefs\u00ed\u00f0an me\u00f0h\u00f6ndlar. \u00cd pers\u00f3nuverndarstefnu olafssonart.is kemur fram hvernig og \u00ed hva\u00f0a tilgangi er fari\u00f0 me\u00f0 pers\u00f3nuuppl\u00fdsingar vi\u00f0skiptavina. Vi\u00f0 viljum a\u00f0 vi\u00f0skiptavinir okkar s\u00e9u uppl\u00fdstir um \u00fea\u00f0 hvernig vi\u00f0 vinnum me\u00f0 pers\u00f3nuuppl\u00fdsingar. Pers\u00f3nuuppl\u00fdsingarnar eiga vi\u00f0 um vefs\u00ed\u00f0u og netverslun \u00e1 vefsl\u00f3\u00f0inni olafssonart.is. \u00d6ll samskipti \u00e1 vefs\u00ed\u00f0unni fara \u00ed [&#8230;]\n","protected":false},"author":1,"featured_media":0,"parent":0,"menu_order":0,"comment_status":"closed","ping_status":"open","template":"","meta":{"_monsterinsights_skip_tracking":false,"_monsterinsights_sitenote_active":false,"_monsterinsights_sitenote_note":"","_monsterinsights_sitenote_category":0,"footnotes":""},"class_list":["post-6043","page","type-page","status-publish","hentry"],"yoast_head":"<!-- This site is optimized with the Yoast SEO plugin v27.4 - https:\/\/yoast.com\/product\/yoast-seo-wordpress\/ -->\n<title>Pers\u00f3nuverndarstefna Olafssonart.is - olafssonart.is<\/title>\n<meta name=\"robots\" content=\"index, follow, max-snippet:-1, max-image-preview:large, max-video-preview:-1\" \/>\n<link rel=\"canonical\" href=\"https:\/\/olafssonart.is\/en\/personuverndarstefna-olafssonart-is\/\" \/>\n<meta property=\"og:locale\" content=\"en_GB\" \/>\n<meta property=\"og:type\" content=\"article\" \/>\n<meta property=\"og:title\" content=\"Pers\u00f3nuverndarstefna Olafssonart.is - olafssonart.is\" \/>\n<meta property=\"og:description\" content=\"Olafssonart er umhuga\u00f0 um \u00f6ryggi \u00feeirra pers\u00f3nuuppl\u00fdsinga sem vefs\u00ed\u00f0an me\u00f0h\u00f6ndlar. \u00cd pers\u00f3nuverndarstefnu olafssonart.is kemur fram hvernig og \u00ed hva\u00f0a tilgangi er fari\u00f0 me\u00f0 pers\u00f3nuuppl\u00fdsingar vi\u00f0skiptavina. Vi\u00f0 viljum a\u00f0 vi\u00f0skiptavinir okkar s\u00e9u uppl\u00fdstir um \u00fea\u00f0 hvernig vi\u00f0 vinnum me\u00f0 pers\u00f3nuuppl\u00fdsingar. Pers\u00f3nuuppl\u00fdsingarnar eiga vi\u00f0 um vefs\u00ed\u00f0u og netverslun \u00e1 vefsl\u00f3\u00f0inni olafssonart.is. \u00d6ll samskipti \u00e1 vefs\u00ed\u00f0unni fara \u00ed [...]\" \/>\n<meta property=\"og:url\" content=\"https:\/\/olafssonart.is\/en\/personuverndarstefna-olafssonart-is\/\" \/>\n<meta property=\"og:site_name\" content=\"olafssonart.is\" \/>\n<meta property=\"article:publisher\" content=\"https:\/\/www.facebook.com\/Olafsson-Art-182054568477221\/\" \/>\n<meta property=\"article:modified_time\" content=\"2025-02-19T20:24:43+00:00\" \/>\n<meta name=\"twitter:card\" content=\"summary_large_image\" \/>\n<meta name=\"twitter:label1\" content=\"Estimated reading time\" \/>\n\t<meta name=\"twitter:data1\" content=\"3 minutes\" \/>\n<script type=\"application\/ld+json\" class=\"yoast-schema-graph\">{\"@context\":\"https:\\\/\\\/schema.org\",\"@graph\":[{\"@type\":\"WebPage\",\"@id\":\"https:\\\/\\\/olafssonart.is\\\/personuverndarstefna-olafssonart-is\\\/\",\"url\":\"https:\\\/\\\/olafssonart.is\\\/personuverndarstefna-olafssonart-is\\\/\",\"name\":\"Pers\u00f3nuverndarstefna Olafssonart.is - olafssonart.is\",\"isPartOf\":{\"@id\":\"https:\\\/\\\/olafssonart.is\\\/?lang=en\\\/#website\"},\"datePublished\":\"2021-10-03T18:05:01+00:00\",\"dateModified\":\"2025-02-19T20:24:43+00:00\",\"breadcrumb\":{\"@id\":\"https:\\\/\\\/olafssonart.is\\\/personuverndarstefna-olafssonart-is\\\/#breadcrumb\"},\"inLanguage\":\"en-GB\",\"potentialAction\":[{\"@type\":\"ReadAction\",\"target\":[\"https:\\\/\\\/olafssonart.is\\\/personuverndarstefna-olafssonart-is\\\/\"]}]},{\"@type\":\"BreadcrumbList\",\"@id\":\"https:\\\/\\\/olafssonart.is\\\/personuverndarstefna-olafssonart-is\\\/#breadcrumb\",\"itemListElement\":[{\"@type\":\"ListItem\",\"position\":1,\"name\":\"Home\",\"item\":\"https:\\\/\\\/olafssonart.is\\\/\"},{\"@type\":\"ListItem\",\"position\":2,\"name\":\"Pers\u00f3nuverndarstefna Olafssonart.is\"}]},{\"@type\":\"WebSite\",\"@id\":\"https:\\\/\\\/olafssonart.is\\\/?lang=en\\\/#website\",\"url\":\"https:\\\/\\\/olafssonart.is\\\/?lang=en\\\/\",\"name\":\"olafssonart.is\",\"description\":\"\u00cdslensk listaverk\",\"publisher\":{\"@id\":\"https:\\\/\\\/olafssonart.is\\\/?lang=en\\\/#organization\"},\"potentialAction\":[{\"@type\":\"SearchAction\",\"target\":{\"@type\":\"EntryPoint\",\"urlTemplate\":\"https:\\\/\\\/olafssonart.is\\\/?lang=en\\\/?s={search_term_string}\"},\"query-input\":{\"@type\":\"PropertyValueSpecification\",\"valueRequired\":true,\"valueName\":\"search_term_string\"}}],\"inLanguage\":\"en-GB\"},{\"@type\":\"Organization\",\"@id\":\"https:\\\/\\\/olafssonart.is\\\/?lang=en\\\/#organization\",\"name\":\"olafssonart.is\",\"url\":\"https:\\\/\\\/olafssonart.is\\\/?lang=en\\\/\",\"logo\":{\"@type\":\"ImageObject\",\"inLanguage\":\"en-GB\",\"@id\":\"https:\\\/\\\/olafssonart.is\\\/?lang=en\\\/#\\\/schema\\\/logo\\\/image\\\/\",\"url\":\"https:\\\/\\\/olafssonart.is\\\/wp-content\\\/uploads\\\/2019\\\/12\\\/logo-111.png\",\"contentUrl\":\"https:\\\/\\\/olafssonart.is\\\/wp-content\\\/uploads\\\/2019\\\/12\\\/logo-111.png\",\"width\":111,\"height\":34,\"caption\":\"olafssonart.is\"},\"image\":{\"@id\":\"https:\\\/\\\/olafssonart.is\\\/?lang=en\\\/#\\\/schema\\\/logo\\\/image\\\/\"},\"sameAs\":[\"https:\\\/\\\/www.facebook.com\\\/Olafsson-Art-182054568477221\\\/\"]}]}<\/script>\n<!-- \/ Yoast SEO plugin. -->","yoast_head_json":{"title":"Pers\u00f3nuverndarstefna Olafssonart.is - olafssonart.is","robots":{"index":"index","follow":"follow","max-snippet":"max-snippet:-1","max-image-preview":"max-image-preview:large","max-video-preview":"max-video-preview:-1"},"canonical":"https:\/\/olafssonart.is\/en\/personuverndarstefna-olafssonart-is\/","og_locale":"en_GB","og_type":"article","og_title":"Pers\u00f3nuverndarstefna Olafssonart.is - olafssonart.is","og_description":"Olafssonart er umhuga\u00f0 um \u00f6ryggi \u00feeirra pers\u00f3nuuppl\u00fdsinga sem vefs\u00ed\u00f0an me\u00f0h\u00f6ndlar. \u00cd pers\u00f3nuverndarstefnu olafssonart.is kemur fram hvernig og \u00ed hva\u00f0a tilgangi er fari\u00f0 me\u00f0 pers\u00f3nuuppl\u00fdsingar vi\u00f0skiptavina. Vi\u00f0 viljum a\u00f0 vi\u00f0skiptavinir okkar s\u00e9u uppl\u00fdstir um \u00fea\u00f0 hvernig vi\u00f0 vinnum me\u00f0 pers\u00f3nuuppl\u00fdsingar. Pers\u00f3nuuppl\u00fdsingarnar eiga vi\u00f0 um vefs\u00ed\u00f0u og netverslun \u00e1 vefsl\u00f3\u00f0inni olafssonart.is. \u00d6ll samskipti \u00e1 vefs\u00ed\u00f0unni fara \u00ed [...]","og_url":"https:\/\/olafssonart.is\/en\/personuverndarstefna-olafssonart-is\/","og_site_name":"olafssonart.is","article_publisher":"https:\/\/www.facebook.com\/Olafsson-Art-182054568477221\/","article_modified_time":"2025-02-19T20:24:43+00:00","twitter_card":"summary_large_image","twitter_misc":{"Estimated reading time":"3 minutes"},"schema":{"@context":"https:\/\/schema.org","@graph":[{"@type":"WebPage","@id":"https:\/\/olafssonart.is\/personuverndarstefna-olafssonart-is\/","url":"https:\/\/olafssonart.is\/personuverndarstefna-olafssonart-is\/","name":"Pers\u00f3nuverndarstefna Olafssonart.is - olafssonart.is","isPartOf":{"@id":"https:\/\/olafssonart.is\/?lang=en\/#website"},"datePublished":"2021-10-03T18:05:01+00:00","dateModified":"2025-02-19T20:24:43+00:00","breadcrumb":{"@id":"https:\/\/olafssonart.is\/personuverndarstefna-olafssonart-is\/#breadcrumb"},"inLanguage":"en-GB","potentialAction":[{"@type":"ReadAction","target":["https:\/\/olafssonart.is\/personuverndarstefna-olafssonart-is\/"]}]},{"@type":"BreadcrumbList","@id":"https:\/\/olafssonart.is\/personuverndarstefna-olafssonart-is\/#breadcrumb","itemListElement":[{"@type":"ListItem","position":1,"name":"Home","item":"https:\/\/olafssonart.is\/"},{"@type":"ListItem","position":2,"name":"Pers\u00f3nuverndarstefna Olafssonart.is"}]},{"@type":"WebSite","@id":"https:\/\/olafssonart.is\/?lang=en\/#website","url":"https:\/\/olafssonart.is\/?lang=en\/","name":"olafssonart.is","description":"\u00cdslensk listaverk","publisher":{"@id":"https:\/\/olafssonart.is\/?lang=en\/#organization"},"potentialAction":[{"@type":"SearchAction","target":{"@type":"EntryPoint","urlTemplate":"https:\/\/olafssonart.is\/?lang=en\/?s={search_term_string}"},"query-input":{"@type":"PropertyValueSpecification","valueRequired":true,"valueName":"search_term_string"}}],"inLanguage":"en-GB"},{"@type":"Organization","@id":"https:\/\/olafssonart.is\/?lang=en\/#organization","name":"olafssonart.is","url":"https:\/\/olafssonart.is\/?lang=en\/","logo":{"@type":"ImageObject","inLanguage":"en-GB","@id":"https:\/\/olafssonart.is\/?lang=en\/#\/schema\/logo\/image\/","url":"https:\/\/olafssonart.is\/wp-content\/uploads\/2019\/12\/logo-111.png","contentUrl":"https:\/\/olafssonart.is\/wp-content\/uploads\/2019\/12\/logo-111.png","width":111,"height":34,"caption":"olafssonart.is"},"image":{"@id":"https:\/\/olafssonart.is\/?lang=en\/#\/schema\/logo\/image\/"},"sameAs":["https:\/\/www.facebook.com\/Olafsson-Art-182054568477221\/"]}]}},"_links":{"self":[{"href":"https:\/\/olafssonart.is\/en\/wp-json\/wp\/v2\/pages\/6043","targetHints":{"allow":["GET"]}}],"collection":[{"href":"https:\/\/olafssonart.is\/en\/wp-json\/wp\/v2\/pages"}],"about":[{"href":"https:\/\/olafssonart.is\/en\/wp-json\/wp\/v2\/types\/page"}],"author":[{"embeddable":true,"href":"https:\/\/olafssonart.is\/en\/wp-json\/wp\/v2\/users\/1"}],"replies":[{"embeddable":true,"href":"https:\/\/olafssonart.is\/en\/wp-json\/wp\/v2\/comments?post=6043"}],"version-history":[{"count":5,"href":"https:\/\/olafssonart.is\/en\/wp-json\/wp\/v2\/pages\/6043\/revisions"}],"predecessor-version":[{"id":8185,"href":"https:\/\/olafssonart.is\/en\/wp-json\/wp\/v2\/pages\/6043\/revisions\/8185"}],"wp:attachment":[{"href":"https:\/\/olafssonart.is\/en\/wp-json\/wp\/v2\/media?parent=6043"}],"curies":[{"name":"wp","href":"https:\/\/api.w.org\/{rel}","templated":true}]}}