{"id":6009,"date":"2021-03-16T16:27:37","date_gmt":"2021-03-16T16:27:37","guid":{"rendered":"https:\/\/olafssonart.is\/?page_id=6009"},"modified":"2021-10-02T09:52:39","modified_gmt":"2021-10-02T09:52:39","slug":"vafrakokur","status":"publish","type":"page","link":"https:\/\/olafssonart.is\/en\/vafrakokur\/","title":{"rendered":"Vefk\u00f6kur"},"content":{"rendered":"[vc_row][vc_column][vc_column_text]<strong>Vefk\u00f6kur (e. Cookies)<\/strong><br \/>\n\u00deeir sem heims\u00e6kja olafssonart.is sam\u00feykkja notkun vefsins \u00e1 vefk\u00f6kum<br \/>\nVefk\u00f6kur eru litlar textaskr\u00e1r sem vefs\u00ed\u00f0an sendir \u00ed t\u00f6lvuna \u00fe\u00edna e\u00f0a snjallt\u00e6ki \u00feegar \u00fe\u00fa heims\u00e6kir hana en me\u00f0 notkun \u00e1 \u00feeim sj\u00e1um vi\u00f0 t.d. hva\u00f0a t\u00e6ki \u00fe\u00fa notar \u00feegar \u00fe\u00fa heims\u00e6kir vefs\u00ed\u00f0una.<br \/>\nVefk\u00f6kur geyma uppl\u00fdsingar eins og n\u00famer, texta, dagsetningar, t\u00edma og fl. \u00de\u00e6r geyma ekki pers\u00f3nugreinanleg g\u00f6gn og vi\u00f0 dreifum \u00feeim uppl\u00fdsingum sem \u00fe\u00e6r safna aldrei til \u00feri\u00f0ja a\u00f0ila.<br \/>\n\u00de\u00fa sem notandi \u00fearft a\u00f0 sam\u00feykkja notkun okkar \u00e1 vefk\u00f6kum \u00feegar \u00fe\u00fa heims\u00e6kir vefs\u00ed\u00f0u okkar. \u00de\u00fa getur alltaf loka\u00f0 fyrir notkun \u00e1 vefk\u00f6kum \u00ed netvafranum \u00fe\u00ednum. Me\u00f0 \u00fev\u00ed a\u00f0 loka fyrir notkun \u00e1 vefk\u00f6kum \u00e1 vefs\u00ed\u00f0um okkar hefur \u00fe\u00fa bein \u00e1hrif \u00e1 virkni s\u00ed\u00f0unnar og getur \u00feannig takmarka\u00f0 notkun \u00fe\u00edna \u00e1 henni \u00ed heild e\u00f0a a\u00f0 hluta.<\/p>\n<p>Vi\u00f0 notum vefk\u00f6kur til \u00feess a\u00f0 vefs\u00ed\u00f0a okkar virki vel, starfi e\u00f0lilega, s\u00e9u skilvirk og til a\u00f0 notkun \u00fe\u00edn \u00e1 henni s\u00e9 \u00fe\u00e6gilegri.<br \/>\n\u00c1kve\u00f0in ger\u00f0 af vefk\u00f6kum er nau\u00f0synleg til a\u00f0 vefs\u00ed\u00f0an okkar virki e\u00f0lilega. \u00deessar vefk\u00f6kur fara sj\u00e1lfkrafa inn \u00ed t\u00f6lvuna \u00fe\u00edna \u00feegar \u00fe\u00fa heims\u00e6kir vefs\u00ed\u00f0una okkar, nema \u00fe\u00fa hafir loka\u00f0 fyrir notkun \u00feeirra \u00ed netvafranum \u00fe\u00ednum.<\/p>\n<p>A\u00f0rar ger\u00f0ir af vefk\u00f6kum eru ekki nau\u00f0synlegar til a\u00f0 tryggja virkni vefs\u00ed\u00f0u okkar en \u00fe\u00e6r gegna samt mikilv\u00e6gu hlutverki. Me\u00f0 \u00feeim getum vi\u00f0 safna\u00f0 uppl\u00fdsingum um frammist\u00f6\u00f0u vefs\u00ed\u00f0unnar til a\u00f0 gera hana betri fyrir notendur og einnig safna \u00fe\u00e6r uppl\u00fdsingum til a\u00f0 au\u00f0velda \u00fe\u00e9r t.d. a\u00f0 fylla \u00fat \u00ed form \u00e1 vefs\u00ed\u00f0unni.<\/p>\n<p>Vefk\u00f6kur sem tilheyra \u00feri\u00f0ja a\u00f0ila eru nota\u00f0ar \u00e1 vefs\u00ed\u00f0u okkar. \u00dear er um a\u00f0 r\u00e6\u00f0a a\u00f0ila eins og t.d. Google (google analytics). \u00deessar vefk\u00f6kur eru nota\u00f0ar til \u00feess a\u00f0 f\u00e1 uppl\u00fdsingar um notkun \u00e1 vefs\u00ed\u00f0unni sem gerir okkur \u00e1 m\u00f3ti kleift a\u00f0 a\u00f0laga hana betur a\u00f0 \u00fe\u00ednum \u00fe\u00f6rfum.<br \/>\nH\u00e6gt er a\u00f0 breyta \u00f6ryggisstillingum \u00ed flestum netv\u00f6frum og meina \u00feeim a\u00f0 taka \u00e1 m\u00f3ti vefk\u00f6kum).[\/vc_column_text][\/vc_column][\/vc_row]\n","protected":false},"excerpt":{"rendered":"[vc_row][vc_column][vc_column_text]Vefk\u00f6kur (e. Cookies) \u00deeir sem heims\u00e6kja olafssonart.is sam\u00feykkja notkun vefsins \u00e1 vefk\u00f6kum Vefk\u00f6kur eru litlar textaskr\u00e1r sem vefs\u00ed\u00f0an sendir \u00ed t\u00f6lvuna \u00fe\u00edna e\u00f0a snjallt\u00e6ki \u00feegar \u00fe\u00fa heims\u00e6kir hana en me\u00f0 notkun \u00e1 \u00feeim sj\u00e1um vi\u00f0 t.d. hva\u00f0a t\u00e6ki \u00fe\u00fa notar \u00feegar \u00fe\u00fa heims\u00e6kir vefs\u00ed\u00f0una. Vefk\u00f6kur geyma uppl\u00fdsingar eins og n\u00famer, texta, dagsetningar, t\u00edma og fl. [&#8230;]\n","protected":false},"author":1,"featured_media":0,"parent":0,"menu_order":0,"comment_status":"closed","ping_status":"closed","template":"","meta":{"_monsterinsights_skip_tracking":false,"_monsterinsights_sitenote_active":false,"_monsterinsights_sitenote_note":"","_monsterinsights_sitenote_category":0,"footnotes":""},"class_list":["post-6009","page","type-page","status-publish","hentry"],"yoast_head":"<!-- This site is optimized with the Yoast SEO plugin v27.4 - https:\/\/yoast.com\/product\/yoast-seo-wordpress\/ -->\n<title>Vefk\u00f6kur - olafssonart.is<\/title>\n<meta name=\"robots\" content=\"index, follow, max-snippet:-1, max-image-preview:large, max-video-preview:-1\" \/>\n<link rel=\"canonical\" href=\"https:\/\/olafssonart.is\/en\/vafrakokur\/\" \/>\n<meta property=\"og:locale\" content=\"en_GB\" \/>\n<meta property=\"og:type\" content=\"article\" \/>\n<meta property=\"og:title\" content=\"Vefk\u00f6kur - olafssonart.is\" \/>\n<meta property=\"og:description\" content=\"[vc_row][vc_column][vc_column_text]Vefk\u00f6kur (e. Cookies) \u00deeir sem heims\u00e6kja olafssonart.is sam\u00feykkja notkun vefsins \u00e1 vefk\u00f6kum Vefk\u00f6kur eru litlar textaskr\u00e1r sem vefs\u00ed\u00f0an sendir \u00ed t\u00f6lvuna \u00fe\u00edna e\u00f0a snjallt\u00e6ki \u00feegar \u00fe\u00fa heims\u00e6kir hana en me\u00f0 notkun \u00e1 \u00feeim sj\u00e1um vi\u00f0 t.d. hva\u00f0a t\u00e6ki \u00fe\u00fa notar \u00feegar \u00fe\u00fa heims\u00e6kir vefs\u00ed\u00f0una. Vefk\u00f6kur geyma uppl\u00fdsingar eins og n\u00famer, texta, dagsetningar, t\u00edma og fl. [...]\" \/>\n<meta property=\"og:url\" content=\"https:\/\/olafssonart.is\/en\/vafrakokur\/\" \/>\n<meta property=\"og:site_name\" content=\"olafssonart.is\" \/>\n<meta property=\"article:publisher\" content=\"https:\/\/www.facebook.com\/Olafsson-Art-182054568477221\/\" \/>\n<meta property=\"article:modified_time\" content=\"2021-10-02T09:52:39+00:00\" \/>\n<meta name=\"twitter:card\" content=\"summary_large_image\" \/>\n<meta name=\"twitter:label1\" content=\"Estimated reading time\" \/>\n\t<meta name=\"twitter:data1\" content=\"2 minutes\" \/>\n<script type=\"application\/ld+json\" class=\"yoast-schema-graph\">{\"@context\":\"https:\\\/\\\/schema.org\",\"@graph\":[{\"@type\":\"WebPage\",\"@id\":\"https:\\\/\\\/olafssonart.is\\\/vafrakokur\\\/\",\"url\":\"https:\\\/\\\/olafssonart.is\\\/vafrakokur\\\/\",\"name\":\"Vefk\u00f6kur - olafssonart.is\",\"isPartOf\":{\"@id\":\"https:\\\/\\\/olafssonart.is\\\/?lang=en\\\/#website\"},\"datePublished\":\"2021-03-16T16:27:37+00:00\",\"dateModified\":\"2021-10-02T09:52:39+00:00\",\"breadcrumb\":{\"@id\":\"https:\\\/\\\/olafssonart.is\\\/vafrakokur\\\/#breadcrumb\"},\"inLanguage\":\"en-GB\",\"potentialAction\":[{\"@type\":\"ReadAction\",\"target\":[\"https:\\\/\\\/olafssonart.is\\\/vafrakokur\\\/\"]}]},{\"@type\":\"BreadcrumbList\",\"@id\":\"https:\\\/\\\/olafssonart.is\\\/vafrakokur\\\/#breadcrumb\",\"itemListElement\":[{\"@type\":\"ListItem\",\"position\":1,\"name\":\"Home\",\"item\":\"https:\\\/\\\/olafssonart.is\\\/\"},{\"@type\":\"ListItem\",\"position\":2,\"name\":\"Vefk\u00f6kur\"}]},{\"@type\":\"WebSite\",\"@id\":\"https:\\\/\\\/olafssonart.is\\\/?lang=en\\\/#website\",\"url\":\"https:\\\/\\\/olafssonart.is\\\/?lang=en\\\/\",\"name\":\"olafssonart.is\",\"description\":\"\u00cdslensk listaverk\",\"publisher\":{\"@id\":\"https:\\\/\\\/olafssonart.is\\\/?lang=en\\\/#organization\"},\"potentialAction\":[{\"@type\":\"SearchAction\",\"target\":{\"@type\":\"EntryPoint\",\"urlTemplate\":\"https:\\\/\\\/olafssonart.is\\\/?lang=en\\\/?s={search_term_string}\"},\"query-input\":{\"@type\":\"PropertyValueSpecification\",\"valueRequired\":true,\"valueName\":\"search_term_string\"}}],\"inLanguage\":\"en-GB\"},{\"@type\":\"Organization\",\"@id\":\"https:\\\/\\\/olafssonart.is\\\/?lang=en\\\/#organization\",\"name\":\"olafssonart.is\",\"url\":\"https:\\\/\\\/olafssonart.is\\\/?lang=en\\\/\",\"logo\":{\"@type\":\"ImageObject\",\"inLanguage\":\"en-GB\",\"@id\":\"https:\\\/\\\/olafssonart.is\\\/?lang=en\\\/#\\\/schema\\\/logo\\\/image\\\/\",\"url\":\"https:\\\/\\\/olafssonart.is\\\/wp-content\\\/uploads\\\/2019\\\/12\\\/logo-111.png\",\"contentUrl\":\"https:\\\/\\\/olafssonart.is\\\/wp-content\\\/uploads\\\/2019\\\/12\\\/logo-111.png\",\"width\":111,\"height\":34,\"caption\":\"olafssonart.is\"},\"image\":{\"@id\":\"https:\\\/\\\/olafssonart.is\\\/?lang=en\\\/#\\\/schema\\\/logo\\\/image\\\/\"},\"sameAs\":[\"https:\\\/\\\/www.facebook.com\\\/Olafsson-Art-182054568477221\\\/\"]}]}<\/script>\n<!-- \/ Yoast SEO plugin. -->","yoast_head_json":{"title":"Vefk\u00f6kur - olafssonart.is","robots":{"index":"index","follow":"follow","max-snippet":"max-snippet:-1","max-image-preview":"max-image-preview:large","max-video-preview":"max-video-preview:-1"},"canonical":"https:\/\/olafssonart.is\/en\/vafrakokur\/","og_locale":"en_GB","og_type":"article","og_title":"Vefk\u00f6kur - olafssonart.is","og_description":"[vc_row][vc_column][vc_column_text]Vefk\u00f6kur (e. Cookies) \u00deeir sem heims\u00e6kja olafssonart.is sam\u00feykkja notkun vefsins \u00e1 vefk\u00f6kum Vefk\u00f6kur eru litlar textaskr\u00e1r sem vefs\u00ed\u00f0an sendir \u00ed t\u00f6lvuna \u00fe\u00edna e\u00f0a snjallt\u00e6ki \u00feegar \u00fe\u00fa heims\u00e6kir hana en me\u00f0 notkun \u00e1 \u00feeim sj\u00e1um vi\u00f0 t.d. hva\u00f0a t\u00e6ki \u00fe\u00fa notar \u00feegar \u00fe\u00fa heims\u00e6kir vefs\u00ed\u00f0una. Vefk\u00f6kur geyma uppl\u00fdsingar eins og n\u00famer, texta, dagsetningar, t\u00edma og fl. [...]","og_url":"https:\/\/olafssonart.is\/en\/vafrakokur\/","og_site_name":"olafssonart.is","article_publisher":"https:\/\/www.facebook.com\/Olafsson-Art-182054568477221\/","article_modified_time":"2021-10-02T09:52:39+00:00","twitter_card":"summary_large_image","twitter_misc":{"Estimated reading time":"2 minutes"},"schema":{"@context":"https:\/\/schema.org","@graph":[{"@type":"WebPage","@id":"https:\/\/olafssonart.is\/vafrakokur\/","url":"https:\/\/olafssonart.is\/vafrakokur\/","name":"Vefk\u00f6kur - olafssonart.is","isPartOf":{"@id":"https:\/\/olafssonart.is\/?lang=en\/#website"},"datePublished":"2021-03-16T16:27:37+00:00","dateModified":"2021-10-02T09:52:39+00:00","breadcrumb":{"@id":"https:\/\/olafssonart.is\/vafrakokur\/#breadcrumb"},"inLanguage":"en-GB","potentialAction":[{"@type":"ReadAction","target":["https:\/\/olafssonart.is\/vafrakokur\/"]}]},{"@type":"BreadcrumbList","@id":"https:\/\/olafssonart.is\/vafrakokur\/#breadcrumb","itemListElement":[{"@type":"ListItem","position":1,"name":"Home","item":"https:\/\/olafssonart.is\/"},{"@type":"ListItem","position":2,"name":"Vefk\u00f6kur"}]},{"@type":"WebSite","@id":"https:\/\/olafssonart.is\/?lang=en\/#website","url":"https:\/\/olafssonart.is\/?lang=en\/","name":"olafssonart.is","description":"\u00cdslensk listaverk","publisher":{"@id":"https:\/\/olafssonart.is\/?lang=en\/#organization"},"potentialAction":[{"@type":"SearchAction","target":{"@type":"EntryPoint","urlTemplate":"https:\/\/olafssonart.is\/?lang=en\/?s={search_term_string}"},"query-input":{"@type":"PropertyValueSpecification","valueRequired":true,"valueName":"search_term_string"}}],"inLanguage":"en-GB"},{"@type":"Organization","@id":"https:\/\/olafssonart.is\/?lang=en\/#organization","name":"olafssonart.is","url":"https:\/\/olafssonart.is\/?lang=en\/","logo":{"@type":"ImageObject","inLanguage":"en-GB","@id":"https:\/\/olafssonart.is\/?lang=en\/#\/schema\/logo\/image\/","url":"https:\/\/olafssonart.is\/wp-content\/uploads\/2019\/12\/logo-111.png","contentUrl":"https:\/\/olafssonart.is\/wp-content\/uploads\/2019\/12\/logo-111.png","width":111,"height":34,"caption":"olafssonart.is"},"image":{"@id":"https:\/\/olafssonart.is\/?lang=en\/#\/schema\/logo\/image\/"},"sameAs":["https:\/\/www.facebook.com\/Olafsson-Art-182054568477221\/"]}]}},"_links":{"self":[{"href":"https:\/\/olafssonart.is\/en\/wp-json\/wp\/v2\/pages\/6009","targetHints":{"allow":["GET"]}}],"collection":[{"href":"https:\/\/olafssonart.is\/en\/wp-json\/wp\/v2\/pages"}],"about":[{"href":"https:\/\/olafssonart.is\/en\/wp-json\/wp\/v2\/types\/page"}],"author":[{"embeddable":true,"href":"https:\/\/olafssonart.is\/en\/wp-json\/wp\/v2\/users\/1"}],"replies":[{"embeddable":true,"href":"https:\/\/olafssonart.is\/en\/wp-json\/wp\/v2\/comments?post=6009"}],"version-history":[{"count":3,"href":"https:\/\/olafssonart.is\/en\/wp-json\/wp\/v2\/pages\/6009\/revisions"}],"predecessor-version":[{"id":6040,"href":"https:\/\/olafssonart.is\/en\/wp-json\/wp\/v2\/pages\/6009\/revisions\/6040"}],"wp:attachment":[{"href":"https:\/\/olafssonart.is\/en\/wp-json\/wp\/v2\/media?parent=6009"}],"curies":[{"name":"wp","href":"https:\/\/api.w.org\/{rel}","templated":true}]}}