{"id":5698,"date":"2020-05-12T13:29:10","date_gmt":"2020-05-12T13:29:10","guid":{"rendered":"https:\/\/olafssonart.is\/?page_id=5698"},"modified":"2025-02-19T20:41:23","modified_gmt":"2025-02-19T20:41:23","slug":"medhondlun","status":"publish","type":"page","link":"https:\/\/olafssonart.is\/en\/medhondlun\/","title":{"rendered":"Handling"},"content":{"rendered":"<div class=\"container section-title-container\" ><h3 class=\"section-title section-title-bold-center\"><b aria-hidden=\"true\"><\/b><span class=\"section-title-main\" >Handling<\/span><b aria-hidden=\"true\"><\/b><\/h3><\/div>\n<p>Do not touch the image itself, try to hold it by the edges. Paper works tend to scratch when being handled. When handcuffing an image, it is essential that your hands are clean and dry. Oil from your hands can stick to the image and cause stains later. Be careful not to get any debris in the image when you lift it up. It is best to use cotton gloves when handcuffing an image.<\/p>\n<h4>The environment<\/h4>\n<p>I strongly advise against hanging a picture in direct sunlight as it greatly reduces the lifespan of the colors in the picture. Paper pictures can be framed using UV glass to protect them from sunlight. Extreme heat and humidity changes can also affect the durability of the pictures. Canvas pictures come with a coating that protects them from scratches, but be careful not to expose them to direct sunlight.<\/p>","protected":false},"excerpt":{"rendered":"<p>Ekki snerta myndina sj\u00e1lfa, reyndu a\u00f0 halda \u00ed hana \u00e1 k\u00f6ntunum. Papp\u00edrs verk eiga \u00fea\u00f0 til a\u00f0 rispast vi\u00f0 snettingu. \u00deegar mynd er handfj\u00f6tlu\u00f0 er nau\u00f0synlegt a\u00f0 hendur s\u00e9u hreinar og \u00feurrar. Fita \u00e1 h\u00f6ndum getur festst \u00e1 myndinni og mynda\u00f0 bletti seinna meir. Varast ber a\u00f0 brot komi \u00ed myndina \u00feegar henni er lyft [&#8230;]\n","protected":false},"author":1,"featured_media":0,"parent":0,"menu_order":0,"comment_status":"closed","ping_status":"closed","template":"","meta":{"_monsterinsights_skip_tracking":false,"_monsterinsights_sitenote_active":false,"_monsterinsights_sitenote_note":"","_monsterinsights_sitenote_category":0,"footnotes":""},"class_list":["post-5698","page","type-page","status-publish","hentry"],"yoast_head":"<!-- This site is optimized with the Yoast SEO plugin v27.4 - https:\/\/yoast.com\/product\/yoast-seo-wordpress\/ -->\n<title>Me\u00f0h\u00f6ndlun - olafssonart.is<\/title>\n<meta name=\"robots\" content=\"index, follow, max-snippet:-1, max-image-preview:large, max-video-preview:-1\" \/>\n<link rel=\"canonical\" href=\"https:\/\/olafssonart.is\/en\/medhondlun\/\" \/>\n<meta property=\"og:locale\" content=\"en_GB\" \/>\n<meta property=\"og:type\" content=\"article\" \/>\n<meta property=\"og:title\" content=\"Me\u00f0h\u00f6ndlun - olafssonart.is\" \/>\n<meta property=\"og:description\" content=\"Ekki snerta myndina sj\u00e1lfa, reyndu a\u00f0 halda \u00ed hana \u00e1 k\u00f6ntunum. Papp\u00edrs verk eiga \u00fea\u00f0 til a\u00f0 rispast vi\u00f0 snettingu. \u00deegar mynd er handfj\u00f6tlu\u00f0 er nau\u00f0synlegt a\u00f0 hendur s\u00e9u hreinar og \u00feurrar. Fita \u00e1 h\u00f6ndum getur festst \u00e1 myndinni og mynda\u00f0 bletti seinna meir. Varast ber a\u00f0 brot komi \u00ed myndina \u00feegar henni er lyft [...]\" \/>\n<meta property=\"og:url\" content=\"https:\/\/olafssonart.is\/en\/medhondlun\/\" \/>\n<meta property=\"og:site_name\" content=\"olafssonart.is\" \/>\n<meta property=\"article:publisher\" content=\"https:\/\/www.facebook.com\/Olafsson-Art-182054568477221\/\" \/>\n<meta property=\"article:modified_time\" content=\"2025-02-19T20:41:23+00:00\" \/>\n<meta name=\"twitter:card\" content=\"summary_large_image\" \/>\n<meta name=\"twitter:label1\" content=\"Estimated reading time\" \/>\n\t<meta name=\"twitter:data1\" content=\"1 minute\" \/>\n<script type=\"application\/ld+json\" class=\"yoast-schema-graph\">{\"@context\":\"https:\\\/\\\/schema.org\",\"@graph\":[{\"@type\":\"WebPage\",\"@id\":\"https:\\\/\\\/olafssonart.is\\\/medhondlun\\\/\",\"url\":\"https:\\\/\\\/olafssonart.is\\\/medhondlun\\\/\",\"name\":\"Me\u00f0h\u00f6ndlun - olafssonart.is\",\"isPartOf\":{\"@id\":\"https:\\\/\\\/olafssonart.is\\\/?lang=en\\\/#website\"},\"datePublished\":\"2020-05-12T13:29:10+00:00\",\"dateModified\":\"2025-02-19T20:41:23+00:00\",\"breadcrumb\":{\"@id\":\"https:\\\/\\\/olafssonart.is\\\/medhondlun\\\/#breadcrumb\"},\"inLanguage\":\"en-GB\",\"potentialAction\":[{\"@type\":\"ReadAction\",\"target\":[\"https:\\\/\\\/olafssonart.is\\\/medhondlun\\\/\"]}]},{\"@type\":\"BreadcrumbList\",\"@id\":\"https:\\\/\\\/olafssonart.is\\\/medhondlun\\\/#breadcrumb\",\"itemListElement\":[{\"@type\":\"ListItem\",\"position\":1,\"name\":\"Home\",\"item\":\"https:\\\/\\\/olafssonart.is\\\/\"},{\"@type\":\"ListItem\",\"position\":2,\"name\":\"Me\u00f0h\u00f6ndlun\"}]},{\"@type\":\"WebSite\",\"@id\":\"https:\\\/\\\/olafssonart.is\\\/?lang=en\\\/#website\",\"url\":\"https:\\\/\\\/olafssonart.is\\\/?lang=en\\\/\",\"name\":\"olafssonart.is\",\"description\":\"\u00cdslensk listaverk\",\"publisher\":{\"@id\":\"https:\\\/\\\/olafssonart.is\\\/?lang=en\\\/#organization\"},\"potentialAction\":[{\"@type\":\"SearchAction\",\"target\":{\"@type\":\"EntryPoint\",\"urlTemplate\":\"https:\\\/\\\/olafssonart.is\\\/?lang=en\\\/?s={search_term_string}\"},\"query-input\":{\"@type\":\"PropertyValueSpecification\",\"valueRequired\":true,\"valueName\":\"search_term_string\"}}],\"inLanguage\":\"en-GB\"},{\"@type\":\"Organization\",\"@id\":\"https:\\\/\\\/olafssonart.is\\\/?lang=en\\\/#organization\",\"name\":\"olafssonart.is\",\"url\":\"https:\\\/\\\/olafssonart.is\\\/?lang=en\\\/\",\"logo\":{\"@type\":\"ImageObject\",\"inLanguage\":\"en-GB\",\"@id\":\"https:\\\/\\\/olafssonart.is\\\/?lang=en\\\/#\\\/schema\\\/logo\\\/image\\\/\",\"url\":\"https:\\\/\\\/olafssonart.is\\\/wp-content\\\/uploads\\\/2019\\\/12\\\/logo-111.png\",\"contentUrl\":\"https:\\\/\\\/olafssonart.is\\\/wp-content\\\/uploads\\\/2019\\\/12\\\/logo-111.png\",\"width\":111,\"height\":34,\"caption\":\"olafssonart.is\"},\"image\":{\"@id\":\"https:\\\/\\\/olafssonart.is\\\/?lang=en\\\/#\\\/schema\\\/logo\\\/image\\\/\"},\"sameAs\":[\"https:\\\/\\\/www.facebook.com\\\/Olafsson-Art-182054568477221\\\/\"]}]}<\/script>\n<!-- \/ Yoast SEO plugin. -->","yoast_head_json":{"title":"Me\u00f0h\u00f6ndlun - olafssonart.is","robots":{"index":"index","follow":"follow","max-snippet":"max-snippet:-1","max-image-preview":"max-image-preview:large","max-video-preview":"max-video-preview:-1"},"canonical":"https:\/\/olafssonart.is\/en\/medhondlun\/","og_locale":"en_GB","og_type":"article","og_title":"Me\u00f0h\u00f6ndlun - olafssonart.is","og_description":"Ekki snerta myndina sj\u00e1lfa, reyndu a\u00f0 halda \u00ed hana \u00e1 k\u00f6ntunum. Papp\u00edrs verk eiga \u00fea\u00f0 til a\u00f0 rispast vi\u00f0 snettingu. \u00deegar mynd er handfj\u00f6tlu\u00f0 er nau\u00f0synlegt a\u00f0 hendur s\u00e9u hreinar og \u00feurrar. Fita \u00e1 h\u00f6ndum getur festst \u00e1 myndinni og mynda\u00f0 bletti seinna meir. Varast ber a\u00f0 brot komi \u00ed myndina \u00feegar henni er lyft [...]","og_url":"https:\/\/olafssonart.is\/en\/medhondlun\/","og_site_name":"olafssonart.is","article_publisher":"https:\/\/www.facebook.com\/Olafsson-Art-182054568477221\/","article_modified_time":"2025-02-19T20:41:23+00:00","twitter_card":"summary_large_image","twitter_misc":{"Estimated reading time":"1 minute"},"schema":{"@context":"https:\/\/schema.org","@graph":[{"@type":"WebPage","@id":"https:\/\/olafssonart.is\/medhondlun\/","url":"https:\/\/olafssonart.is\/medhondlun\/","name":"Me\u00f0h\u00f6ndlun - olafssonart.is","isPartOf":{"@id":"https:\/\/olafssonart.is\/?lang=en\/#website"},"datePublished":"2020-05-12T13:29:10+00:00","dateModified":"2025-02-19T20:41:23+00:00","breadcrumb":{"@id":"https:\/\/olafssonart.is\/medhondlun\/#breadcrumb"},"inLanguage":"en-GB","potentialAction":[{"@type":"ReadAction","target":["https:\/\/olafssonart.is\/medhondlun\/"]}]},{"@type":"BreadcrumbList","@id":"https:\/\/olafssonart.is\/medhondlun\/#breadcrumb","itemListElement":[{"@type":"ListItem","position":1,"name":"Home","item":"https:\/\/olafssonart.is\/"},{"@type":"ListItem","position":2,"name":"Me\u00f0h\u00f6ndlun"}]},{"@type":"WebSite","@id":"https:\/\/olafssonart.is\/?lang=en\/#website","url":"https:\/\/olafssonart.is\/?lang=en\/","name":"olafssonart.is","description":"\u00cdslensk listaverk","publisher":{"@id":"https:\/\/olafssonart.is\/?lang=en\/#organization"},"potentialAction":[{"@type":"SearchAction","target":{"@type":"EntryPoint","urlTemplate":"https:\/\/olafssonart.is\/?lang=en\/?s={search_term_string}"},"query-input":{"@type":"PropertyValueSpecification","valueRequired":true,"valueName":"search_term_string"}}],"inLanguage":"en-GB"},{"@type":"Organization","@id":"https:\/\/olafssonart.is\/?lang=en\/#organization","name":"olafssonart.is","url":"https:\/\/olafssonart.is\/?lang=en\/","logo":{"@type":"ImageObject","inLanguage":"en-GB","@id":"https:\/\/olafssonart.is\/?lang=en\/#\/schema\/logo\/image\/","url":"https:\/\/olafssonart.is\/wp-content\/uploads\/2019\/12\/logo-111.png","contentUrl":"https:\/\/olafssonart.is\/wp-content\/uploads\/2019\/12\/logo-111.png","width":111,"height":34,"caption":"olafssonart.is"},"image":{"@id":"https:\/\/olafssonart.is\/?lang=en\/#\/schema\/logo\/image\/"},"sameAs":["https:\/\/www.facebook.com\/Olafsson-Art-182054568477221\/"]}]}},"_links":{"self":[{"href":"https:\/\/olafssonart.is\/en\/wp-json\/wp\/v2\/pages\/5698","targetHints":{"allow":["GET"]}}],"collection":[{"href":"https:\/\/olafssonart.is\/en\/wp-json\/wp\/v2\/pages"}],"about":[{"href":"https:\/\/olafssonart.is\/en\/wp-json\/wp\/v2\/types\/page"}],"author":[{"embeddable":true,"href":"https:\/\/olafssonart.is\/en\/wp-json\/wp\/v2\/users\/1"}],"replies":[{"embeddable":true,"href":"https:\/\/olafssonart.is\/en\/wp-json\/wp\/v2\/comments?post=5698"}],"version-history":[{"count":4,"href":"https:\/\/olafssonart.is\/en\/wp-json\/wp\/v2\/pages\/5698\/revisions"}],"predecessor-version":[{"id":8192,"href":"https:\/\/olafssonart.is\/en\/wp-json\/wp\/v2\/pages\/5698\/revisions\/8192"}],"wp:attachment":[{"href":"https:\/\/olafssonart.is\/en\/wp-json\/wp\/v2\/media?parent=5698"}],"curies":[{"name":"wp","href":"https:\/\/api.w.org\/{rel}","templated":true}]}}