{"id":5696,"date":"2020-05-12T13:28:26","date_gmt":"2020-05-12T13:28:26","guid":{"rendered":"https:\/\/olafssonart.is\/?page_id=5696"},"modified":"2025-02-19T20:39:53","modified_gmt":"2025-02-19T20:39:53","slug":"prentun","status":"publish","type":"page","link":"https:\/\/olafssonart.is\/en\/prentun\/","title":{"rendered":"Printing"},"content":{"rendered":"<div class=\"container section-title-container\" ><h3 class=\"section-title section-title-bold-center\"><b aria-hidden=\"true\"><\/b><span class=\"section-title-main\" >Giclee printing<\/span><b aria-hidden=\"true\"><\/b><\/h3><\/div>\n<p>\"Giclee printing\" which I prefer to call \"fruss printing\" is actually a high-quality print not unlike regular inkjet printing. This method has become very popular for making reproductions of works of art where there are limited editions. Frustration printing gives artists the opportunity to print, inexpensively in high quality, their works in a small number of copies. With older methods, it was customary to print much more copies. With this technology, it is possible to print on different materials, e.g. watercolor on watercolor paper, oil painting on canvas, etc. The same image can be printed in different sizes, thus approaching the customer's wishes each time.<\/p>","protected":false},"excerpt":{"rendered":"<p>\u201eGiclee prentun\u201c sem \u00e9g k\u00fds a\u00f0 kalla \u201efruss prentun\u201c er \u00ed raun h\u00e1g\u00e6\u00f0a prentun ekki \u00f3svipu\u00f0 venjulegri bleksprautuprentun. \u00deessi a\u00f0fer\u00f0 er or\u00f0in mj\u00f6g vins\u00e6l vi\u00f0 ger\u00f0 eftirprentana \u00e1 listaverkum \u00fear sem um takmarka\u00f0 upplag er a\u00f0 r\u00e6\u00f0a. Fruss prentun gefur listam\u00f6nnum t\u00e6kif\u00e6ri \u00e1 a\u00f0 prenta, \u00e1 \u00f3d\u00fdran h\u00e1tt \u00ed mikklum g\u00e6\u00f0um, verkin s\u00edn \u00ed f\u00e1um [&#8230;]\n","protected":false},"author":1,"featured_media":0,"parent":0,"menu_order":0,"comment_status":"closed","ping_status":"closed","template":"","meta":{"_monsterinsights_skip_tracking":false,"_monsterinsights_sitenote_active":false,"_monsterinsights_sitenote_note":"","_monsterinsights_sitenote_category":0,"footnotes":""},"class_list":["post-5696","page","type-page","status-publish","hentry"],"yoast_head":"<!-- This site is optimized with the Yoast SEO plugin v27.4 - https:\/\/yoast.com\/product\/yoast-seo-wordpress\/ -->\n<title>Prentun - olafssonart.is<\/title>\n<meta name=\"robots\" content=\"index, follow, max-snippet:-1, max-image-preview:large, max-video-preview:-1\" \/>\n<link rel=\"canonical\" href=\"https:\/\/olafssonart.is\/en\/prentun\/\" \/>\n<meta property=\"og:locale\" content=\"en_GB\" \/>\n<meta property=\"og:type\" content=\"article\" \/>\n<meta property=\"og:title\" content=\"Prentun - olafssonart.is\" \/>\n<meta property=\"og:description\" content=\"\u201eGiclee prentun\u201c sem \u00e9g k\u00fds a\u00f0 kalla \u201efruss prentun\u201c er \u00ed raun h\u00e1g\u00e6\u00f0a prentun ekki \u00f3svipu\u00f0 venjulegri bleksprautuprentun. \u00deessi a\u00f0fer\u00f0 er or\u00f0in mj\u00f6g vins\u00e6l vi\u00f0 ger\u00f0 eftirprentana \u00e1 listaverkum \u00fear sem um takmarka\u00f0 upplag er a\u00f0 r\u00e6\u00f0a. Fruss prentun gefur listam\u00f6nnum t\u00e6kif\u00e6ri \u00e1 a\u00f0 prenta, \u00e1 \u00f3d\u00fdran h\u00e1tt \u00ed mikklum g\u00e6\u00f0um, verkin s\u00edn \u00ed f\u00e1um [...]\" \/>\n<meta property=\"og:url\" content=\"https:\/\/olafssonart.is\/en\/prentun\/\" \/>\n<meta property=\"og:site_name\" content=\"olafssonart.is\" \/>\n<meta property=\"article:publisher\" content=\"https:\/\/www.facebook.com\/Olafsson-Art-182054568477221\/\" \/>\n<meta property=\"article:modified_time\" content=\"2025-02-19T20:39:53+00:00\" \/>\n<meta name=\"twitter:card\" content=\"summary_large_image\" \/>\n<meta name=\"twitter:label1\" content=\"Estimated reading time\" \/>\n\t<meta name=\"twitter:data1\" content=\"1 minute\" \/>\n<script type=\"application\/ld+json\" class=\"yoast-schema-graph\">{\"@context\":\"https:\\\/\\\/schema.org\",\"@graph\":[{\"@type\":\"WebPage\",\"@id\":\"https:\\\/\\\/olafssonart.is\\\/prentun\\\/\",\"url\":\"https:\\\/\\\/olafssonart.is\\\/prentun\\\/\",\"name\":\"Prentun - olafssonart.is\",\"isPartOf\":{\"@id\":\"https:\\\/\\\/olafssonart.is\\\/?lang=en\\\/#website\"},\"datePublished\":\"2020-05-12T13:28:26+00:00\",\"dateModified\":\"2025-02-19T20:39:53+00:00\",\"breadcrumb\":{\"@id\":\"https:\\\/\\\/olafssonart.is\\\/prentun\\\/#breadcrumb\"},\"inLanguage\":\"en-GB\",\"potentialAction\":[{\"@type\":\"ReadAction\",\"target\":[\"https:\\\/\\\/olafssonart.is\\\/prentun\\\/\"]}]},{\"@type\":\"BreadcrumbList\",\"@id\":\"https:\\\/\\\/olafssonart.is\\\/prentun\\\/#breadcrumb\",\"itemListElement\":[{\"@type\":\"ListItem\",\"position\":1,\"name\":\"Home\",\"item\":\"https:\\\/\\\/olafssonart.is\\\/\"},{\"@type\":\"ListItem\",\"position\":2,\"name\":\"Prentun\"}]},{\"@type\":\"WebSite\",\"@id\":\"https:\\\/\\\/olafssonart.is\\\/?lang=en\\\/#website\",\"url\":\"https:\\\/\\\/olafssonart.is\\\/?lang=en\\\/\",\"name\":\"olafssonart.is\",\"description\":\"\u00cdslensk listaverk\",\"publisher\":{\"@id\":\"https:\\\/\\\/olafssonart.is\\\/?lang=en\\\/#organization\"},\"potentialAction\":[{\"@type\":\"SearchAction\",\"target\":{\"@type\":\"EntryPoint\",\"urlTemplate\":\"https:\\\/\\\/olafssonart.is\\\/?lang=en\\\/?s={search_term_string}\"},\"query-input\":{\"@type\":\"PropertyValueSpecification\",\"valueRequired\":true,\"valueName\":\"search_term_string\"}}],\"inLanguage\":\"en-GB\"},{\"@type\":\"Organization\",\"@id\":\"https:\\\/\\\/olafssonart.is\\\/?lang=en\\\/#organization\",\"name\":\"olafssonart.is\",\"url\":\"https:\\\/\\\/olafssonart.is\\\/?lang=en\\\/\",\"logo\":{\"@type\":\"ImageObject\",\"inLanguage\":\"en-GB\",\"@id\":\"https:\\\/\\\/olafssonart.is\\\/?lang=en\\\/#\\\/schema\\\/logo\\\/image\\\/\",\"url\":\"https:\\\/\\\/olafssonart.is\\\/wp-content\\\/uploads\\\/2019\\\/12\\\/logo-111.png\",\"contentUrl\":\"https:\\\/\\\/olafssonart.is\\\/wp-content\\\/uploads\\\/2019\\\/12\\\/logo-111.png\",\"width\":111,\"height\":34,\"caption\":\"olafssonart.is\"},\"image\":{\"@id\":\"https:\\\/\\\/olafssonart.is\\\/?lang=en\\\/#\\\/schema\\\/logo\\\/image\\\/\"},\"sameAs\":[\"https:\\\/\\\/www.facebook.com\\\/Olafsson-Art-182054568477221\\\/\"]}]}<\/script>\n<!-- \/ Yoast SEO plugin. -->","yoast_head_json":{"title":"Prentun - olafssonart.is","robots":{"index":"index","follow":"follow","max-snippet":"max-snippet:-1","max-image-preview":"max-image-preview:large","max-video-preview":"max-video-preview:-1"},"canonical":"https:\/\/olafssonart.is\/en\/prentun\/","og_locale":"en_GB","og_type":"article","og_title":"Prentun - olafssonart.is","og_description":"\u201eGiclee prentun\u201c sem \u00e9g k\u00fds a\u00f0 kalla \u201efruss prentun\u201c er \u00ed raun h\u00e1g\u00e6\u00f0a prentun ekki \u00f3svipu\u00f0 venjulegri bleksprautuprentun. \u00deessi a\u00f0fer\u00f0 er or\u00f0in mj\u00f6g vins\u00e6l vi\u00f0 ger\u00f0 eftirprentana \u00e1 listaverkum \u00fear sem um takmarka\u00f0 upplag er a\u00f0 r\u00e6\u00f0a. Fruss prentun gefur listam\u00f6nnum t\u00e6kif\u00e6ri \u00e1 a\u00f0 prenta, \u00e1 \u00f3d\u00fdran h\u00e1tt \u00ed mikklum g\u00e6\u00f0um, verkin s\u00edn \u00ed f\u00e1um [...]","og_url":"https:\/\/olafssonart.is\/en\/prentun\/","og_site_name":"olafssonart.is","article_publisher":"https:\/\/www.facebook.com\/Olafsson-Art-182054568477221\/","article_modified_time":"2025-02-19T20:39:53+00:00","twitter_card":"summary_large_image","twitter_misc":{"Estimated reading time":"1 minute"},"schema":{"@context":"https:\/\/schema.org","@graph":[{"@type":"WebPage","@id":"https:\/\/olafssonart.is\/prentun\/","url":"https:\/\/olafssonart.is\/prentun\/","name":"Prentun - olafssonart.is","isPartOf":{"@id":"https:\/\/olafssonart.is\/?lang=en\/#website"},"datePublished":"2020-05-12T13:28:26+00:00","dateModified":"2025-02-19T20:39:53+00:00","breadcrumb":{"@id":"https:\/\/olafssonart.is\/prentun\/#breadcrumb"},"inLanguage":"en-GB","potentialAction":[{"@type":"ReadAction","target":["https:\/\/olafssonart.is\/prentun\/"]}]},{"@type":"BreadcrumbList","@id":"https:\/\/olafssonart.is\/prentun\/#breadcrumb","itemListElement":[{"@type":"ListItem","position":1,"name":"Home","item":"https:\/\/olafssonart.is\/"},{"@type":"ListItem","position":2,"name":"Prentun"}]},{"@type":"WebSite","@id":"https:\/\/olafssonart.is\/?lang=en\/#website","url":"https:\/\/olafssonart.is\/?lang=en\/","name":"olafssonart.is","description":"\u00cdslensk listaverk","publisher":{"@id":"https:\/\/olafssonart.is\/?lang=en\/#organization"},"potentialAction":[{"@type":"SearchAction","target":{"@type":"EntryPoint","urlTemplate":"https:\/\/olafssonart.is\/?lang=en\/?s={search_term_string}"},"query-input":{"@type":"PropertyValueSpecification","valueRequired":true,"valueName":"search_term_string"}}],"inLanguage":"en-GB"},{"@type":"Organization","@id":"https:\/\/olafssonart.is\/?lang=en\/#organization","name":"olafssonart.is","url":"https:\/\/olafssonart.is\/?lang=en\/","logo":{"@type":"ImageObject","inLanguage":"en-GB","@id":"https:\/\/olafssonart.is\/?lang=en\/#\/schema\/logo\/image\/","url":"https:\/\/olafssonart.is\/wp-content\/uploads\/2019\/12\/logo-111.png","contentUrl":"https:\/\/olafssonart.is\/wp-content\/uploads\/2019\/12\/logo-111.png","width":111,"height":34,"caption":"olafssonart.is"},"image":{"@id":"https:\/\/olafssonart.is\/?lang=en\/#\/schema\/logo\/image\/"},"sameAs":["https:\/\/www.facebook.com\/Olafsson-Art-182054568477221\/"]}]}},"_links":{"self":[{"href":"https:\/\/olafssonart.is\/en\/wp-json\/wp\/v2\/pages\/5696","targetHints":{"allow":["GET"]}}],"collection":[{"href":"https:\/\/olafssonart.is\/en\/wp-json\/wp\/v2\/pages"}],"about":[{"href":"https:\/\/olafssonart.is\/en\/wp-json\/wp\/v2\/types\/page"}],"author":[{"embeddable":true,"href":"https:\/\/olafssonart.is\/en\/wp-json\/wp\/v2\/users\/1"}],"replies":[{"embeddable":true,"href":"https:\/\/olafssonart.is\/en\/wp-json\/wp\/v2\/comments?post=5696"}],"version-history":[{"count":4,"href":"https:\/\/olafssonart.is\/en\/wp-json\/wp\/v2\/pages\/5696\/revisions"}],"predecessor-version":[{"id":8190,"href":"https:\/\/olafssonart.is\/en\/wp-json\/wp\/v2\/pages\/5696\/revisions\/8190"}],"wp:attachment":[{"href":"https:\/\/olafssonart.is\/en\/wp-json\/wp\/v2\/media?parent=5696"}],"curies":[{"name":"wp","href":"https:\/\/api.w.org\/{rel}","templated":true}]}}