{"id":2938,"date":"2019-12-10T14:32:56","date_gmt":"2019-12-10T14:32:56","guid":{"rendered":"http:\/\/superstore.is\/?page_id=2938"},"modified":"2025-02-19T20:20:33","modified_gmt":"2025-02-19T20:20:33","slug":"greidslumoguleikar","status":"publish","type":"page","link":"https:\/\/olafssonart.is\/en\/greidslumoguleikar\/","title":{"rendered":"Payment options"},"content":{"rendered":"<div class=\"container section-title-container\" ><h3 class=\"section-title section-title-bold-center\"><b aria-hidden=\"true\"><\/b><span class=\"section-title-main\" >Payment options<\/span><b aria-hidden=\"true\"><\/b><\/h3><\/div>\n<h5><strong>Pickup and pay<\/strong><\/h5>\n<p>You can pay for the product when you pick it up at our store. We accept all major credit cards and cash in Icelandic kr\u00f3na.<\/p>\n<h5><strong>Paid on the secure Mypos payment site<\/strong><\/h5>\n<p>When you place an order for the product, you can pay for it with a credit card, debit card, Apple Pay or Google Pay on the secure payment site MyPos.<\/p>\n<h5><strong>Bank transfer<\/strong><\/h5>\n<p>You can pay for the product by bank transfer. Information about the account number will appear in the shopping cart when the product is ordered. After ordering, the product will be held until confirmation of payment has been received by email. If there is any processing time, it will be stated in the product description.<\/p>\n<p><strong>Information about terms and conditions of sale and warranty can be found in the terms and conditions of sale.<\/strong><\/p>","protected":false},"excerpt":{"rendered":"<p>S\u00f3tt og greitt \u00de\u00fa getur s\u00f3tt v\u00f6runa og greitt fyrir hana vi\u00f0 m\u00f3tt\u00f6ku me\u00f0 peningun og \/ e\u00f0a grei\u00f0slutkorti. Athuga\u00f0u a\u00f0 \u00e1\u00f0ur en \u00fe\u00fa kemur a\u00f0 s\u00e6kja v\u00f6runa \u00fearftu a\u00f0 panta hana \u00e1 \u00ed netversluninni. Greitt \u00e1 \u00f6ruggri grei\u00f0slus\u00ed\u00f0u Mypos \u00deegar \u00fe\u00fa gengur fr\u00e1 p\u00f6ntun \u00e1 v\u00f6runni getur \u00fe\u00fa greitt fyrir hana me\u00f0 kreditkorti, debetkorti, [&#8230;]\n","protected":false},"author":1,"featured_media":0,"parent":0,"menu_order":0,"comment_status":"closed","ping_status":"closed","template":"","meta":{"_monsterinsights_skip_tracking":false,"_monsterinsights_sitenote_active":false,"_monsterinsights_sitenote_note":"","_monsterinsights_sitenote_category":0,"footnotes":""},"class_list":["post-2938","page","type-page","status-publish","hentry"],"yoast_head":"<!-- This site is optimized with the Yoast SEO plugin v27.4 - https:\/\/yoast.com\/product\/yoast-seo-wordpress\/ -->\n<title>Grei\u00f0slum\u00f6guleikar - olafssonart.is<\/title>\n<meta name=\"robots\" content=\"index, follow, max-snippet:-1, max-image-preview:large, max-video-preview:-1\" \/>\n<link rel=\"canonical\" href=\"https:\/\/olafssonart.is\/en\/greidslumoguleikar\/\" \/>\n<meta property=\"og:locale\" content=\"en_GB\" \/>\n<meta property=\"og:type\" content=\"article\" \/>\n<meta property=\"og:title\" content=\"Grei\u00f0slum\u00f6guleikar - olafssonart.is\" \/>\n<meta property=\"og:description\" content=\"S\u00f3tt og greitt \u00de\u00fa getur s\u00f3tt v\u00f6runa og greitt fyrir hana vi\u00f0 m\u00f3tt\u00f6ku me\u00f0 peningun og \/ e\u00f0a grei\u00f0slutkorti. Athuga\u00f0u a\u00f0 \u00e1\u00f0ur en \u00fe\u00fa kemur a\u00f0 s\u00e6kja v\u00f6runa \u00fearftu a\u00f0 panta hana \u00e1 \u00ed netversluninni. Greitt \u00e1 \u00f6ruggri grei\u00f0slus\u00ed\u00f0u Mypos \u00deegar \u00fe\u00fa gengur fr\u00e1 p\u00f6ntun \u00e1 v\u00f6runni getur \u00fe\u00fa greitt fyrir hana me\u00f0 kreditkorti, debetkorti, [...]\" \/>\n<meta property=\"og:url\" content=\"https:\/\/olafssonart.is\/en\/greidslumoguleikar\/\" \/>\n<meta property=\"og:site_name\" content=\"olafssonart.is\" \/>\n<meta property=\"article:publisher\" content=\"https:\/\/www.facebook.com\/Olafsson-Art-182054568477221\/\" \/>\n<meta property=\"article:modified_time\" content=\"2025-02-19T20:20:33+00:00\" \/>\n<meta name=\"twitter:card\" content=\"summary_large_image\" \/>\n<meta name=\"twitter:label1\" content=\"Estimated reading time\" \/>\n\t<meta name=\"twitter:data1\" content=\"1 minute\" \/>\n<script type=\"application\/ld+json\" class=\"yoast-schema-graph\">{\"@context\":\"https:\\\/\\\/schema.org\",\"@graph\":[{\"@type\":\"WebPage\",\"@id\":\"https:\\\/\\\/olafssonart.is\\\/greidslumoguleikar\\\/\",\"url\":\"https:\\\/\\\/olafssonart.is\\\/greidslumoguleikar\\\/\",\"name\":\"Grei\u00f0slum\u00f6guleikar - olafssonart.is\",\"isPartOf\":{\"@id\":\"https:\\\/\\\/olafssonart.is\\\/?lang=en\\\/#website\"},\"datePublished\":\"2019-12-10T14:32:56+00:00\",\"dateModified\":\"2025-02-19T20:20:33+00:00\",\"breadcrumb\":{\"@id\":\"https:\\\/\\\/olafssonart.is\\\/greidslumoguleikar\\\/#breadcrumb\"},\"inLanguage\":\"en-GB\",\"potentialAction\":[{\"@type\":\"ReadAction\",\"target\":[\"https:\\\/\\\/olafssonart.is\\\/greidslumoguleikar\\\/\"]}]},{\"@type\":\"BreadcrumbList\",\"@id\":\"https:\\\/\\\/olafssonart.is\\\/greidslumoguleikar\\\/#breadcrumb\",\"itemListElement\":[{\"@type\":\"ListItem\",\"position\":1,\"name\":\"Home\",\"item\":\"https:\\\/\\\/olafssonart.is\\\/\"},{\"@type\":\"ListItem\",\"position\":2,\"name\":\"Grei\u00f0slum\u00f6guleikar\"}]},{\"@type\":\"WebSite\",\"@id\":\"https:\\\/\\\/olafssonart.is\\\/?lang=en\\\/#website\",\"url\":\"https:\\\/\\\/olafssonart.is\\\/?lang=en\\\/\",\"name\":\"olafssonart.is\",\"description\":\"\u00cdslensk listaverk\",\"publisher\":{\"@id\":\"https:\\\/\\\/olafssonart.is\\\/?lang=en\\\/#organization\"},\"potentialAction\":[{\"@type\":\"SearchAction\",\"target\":{\"@type\":\"EntryPoint\",\"urlTemplate\":\"https:\\\/\\\/olafssonart.is\\\/?lang=en\\\/?s={search_term_string}\"},\"query-input\":{\"@type\":\"PropertyValueSpecification\",\"valueRequired\":true,\"valueName\":\"search_term_string\"}}],\"inLanguage\":\"en-GB\"},{\"@type\":\"Organization\",\"@id\":\"https:\\\/\\\/olafssonart.is\\\/?lang=en\\\/#organization\",\"name\":\"olafssonart.is\",\"url\":\"https:\\\/\\\/olafssonart.is\\\/?lang=en\\\/\",\"logo\":{\"@type\":\"ImageObject\",\"inLanguage\":\"en-GB\",\"@id\":\"https:\\\/\\\/olafssonart.is\\\/?lang=en\\\/#\\\/schema\\\/logo\\\/image\\\/\",\"url\":\"https:\\\/\\\/olafssonart.is\\\/wp-content\\\/uploads\\\/2019\\\/12\\\/logo-111.png\",\"contentUrl\":\"https:\\\/\\\/olafssonart.is\\\/wp-content\\\/uploads\\\/2019\\\/12\\\/logo-111.png\",\"width\":111,\"height\":34,\"caption\":\"olafssonart.is\"},\"image\":{\"@id\":\"https:\\\/\\\/olafssonart.is\\\/?lang=en\\\/#\\\/schema\\\/logo\\\/image\\\/\"},\"sameAs\":[\"https:\\\/\\\/www.facebook.com\\\/Olafsson-Art-182054568477221\\\/\"]}]}<\/script>\n<!-- \/ Yoast SEO plugin. -->","yoast_head_json":{"title":"Grei\u00f0slum\u00f6guleikar - olafssonart.is","robots":{"index":"index","follow":"follow","max-snippet":"max-snippet:-1","max-image-preview":"max-image-preview:large","max-video-preview":"max-video-preview:-1"},"canonical":"https:\/\/olafssonart.is\/en\/greidslumoguleikar\/","og_locale":"en_GB","og_type":"article","og_title":"Grei\u00f0slum\u00f6guleikar - olafssonart.is","og_description":"S\u00f3tt og greitt \u00de\u00fa getur s\u00f3tt v\u00f6runa og greitt fyrir hana vi\u00f0 m\u00f3tt\u00f6ku me\u00f0 peningun og \/ e\u00f0a grei\u00f0slutkorti. Athuga\u00f0u a\u00f0 \u00e1\u00f0ur en \u00fe\u00fa kemur a\u00f0 s\u00e6kja v\u00f6runa \u00fearftu a\u00f0 panta hana \u00e1 \u00ed netversluninni. Greitt \u00e1 \u00f6ruggri grei\u00f0slus\u00ed\u00f0u Mypos \u00deegar \u00fe\u00fa gengur fr\u00e1 p\u00f6ntun \u00e1 v\u00f6runni getur \u00fe\u00fa greitt fyrir hana me\u00f0 kreditkorti, debetkorti, [...]","og_url":"https:\/\/olafssonart.is\/en\/greidslumoguleikar\/","og_site_name":"olafssonart.is","article_publisher":"https:\/\/www.facebook.com\/Olafsson-Art-182054568477221\/","article_modified_time":"2025-02-19T20:20:33+00:00","twitter_card":"summary_large_image","twitter_misc":{"Estimated reading time":"1 minute"},"schema":{"@context":"https:\/\/schema.org","@graph":[{"@type":"WebPage","@id":"https:\/\/olafssonart.is\/greidslumoguleikar\/","url":"https:\/\/olafssonart.is\/greidslumoguleikar\/","name":"Grei\u00f0slum\u00f6guleikar - olafssonart.is","isPartOf":{"@id":"https:\/\/olafssonart.is\/?lang=en\/#website"},"datePublished":"2019-12-10T14:32:56+00:00","dateModified":"2025-02-19T20:20:33+00:00","breadcrumb":{"@id":"https:\/\/olafssonart.is\/greidslumoguleikar\/#breadcrumb"},"inLanguage":"en-GB","potentialAction":[{"@type":"ReadAction","target":["https:\/\/olafssonart.is\/greidslumoguleikar\/"]}]},{"@type":"BreadcrumbList","@id":"https:\/\/olafssonart.is\/greidslumoguleikar\/#breadcrumb","itemListElement":[{"@type":"ListItem","position":1,"name":"Home","item":"https:\/\/olafssonart.is\/"},{"@type":"ListItem","position":2,"name":"Grei\u00f0slum\u00f6guleikar"}]},{"@type":"WebSite","@id":"https:\/\/olafssonart.is\/?lang=en\/#website","url":"https:\/\/olafssonart.is\/?lang=en\/","name":"olafssonart.is","description":"\u00cdslensk listaverk","publisher":{"@id":"https:\/\/olafssonart.is\/?lang=en\/#organization"},"potentialAction":[{"@type":"SearchAction","target":{"@type":"EntryPoint","urlTemplate":"https:\/\/olafssonart.is\/?lang=en\/?s={search_term_string}"},"query-input":{"@type":"PropertyValueSpecification","valueRequired":true,"valueName":"search_term_string"}}],"inLanguage":"en-GB"},{"@type":"Organization","@id":"https:\/\/olafssonart.is\/?lang=en\/#organization","name":"olafssonart.is","url":"https:\/\/olafssonart.is\/?lang=en\/","logo":{"@type":"ImageObject","inLanguage":"en-GB","@id":"https:\/\/olafssonart.is\/?lang=en\/#\/schema\/logo\/image\/","url":"https:\/\/olafssonart.is\/wp-content\/uploads\/2019\/12\/logo-111.png","contentUrl":"https:\/\/olafssonart.is\/wp-content\/uploads\/2019\/12\/logo-111.png","width":111,"height":34,"caption":"olafssonart.is"},"image":{"@id":"https:\/\/olafssonart.is\/?lang=en\/#\/schema\/logo\/image\/"},"sameAs":["https:\/\/www.facebook.com\/Olafsson-Art-182054568477221\/"]}]}},"_links":{"self":[{"href":"https:\/\/olafssonart.is\/en\/wp-json\/wp\/v2\/pages\/2938","targetHints":{"allow":["GET"]}}],"collection":[{"href":"https:\/\/olafssonart.is\/en\/wp-json\/wp\/v2\/pages"}],"about":[{"href":"https:\/\/olafssonart.is\/en\/wp-json\/wp\/v2\/types\/page"}],"author":[{"embeddable":true,"href":"https:\/\/olafssonart.is\/en\/wp-json\/wp\/v2\/users\/1"}],"replies":[{"embeddable":true,"href":"https:\/\/olafssonart.is\/en\/wp-json\/wp\/v2\/comments?post=2938"}],"version-history":[{"count":8,"href":"https:\/\/olafssonart.is\/en\/wp-json\/wp\/v2\/pages\/2938\/revisions"}],"predecessor-version":[{"id":8182,"href":"https:\/\/olafssonart.is\/en\/wp-json\/wp\/v2\/pages\/2938\/revisions\/8182"}],"wp:attachment":[{"href":"https:\/\/olafssonart.is\/en\/wp-json\/wp\/v2\/media?parent=2938"}],"curies":[{"name":"wp","href":"https:\/\/api.w.org\/{rel}","templated":true}]}}