{"id":2936,"date":"2019-12-10T14:31:34","date_gmt":"2019-12-10T14:31:34","guid":{"rendered":"http:\/\/superstore.is\/?page_id=2936"},"modified":"2025-02-19T20:22:12","modified_gmt":"2025-02-19T20:22:12","slug":"voruafhending","status":"publish","type":"page","link":"https:\/\/olafssonart.is\/en\/voruafhending\/","title":{"rendered":"Delivery options"},"content":{"rendered":"<div class=\"container section-title-container\" ><h3 class=\"section-title section-title-bold-center\"><b aria-hidden=\"true\"><\/b><span class=\"section-title-main\" >Delivery options<\/span><b aria-hidden=\"true\"><\/b><\/h3><\/div>\n<p>You can pick up products from our warehouse after ordering or have them shipped to your home via Iceland Post.<\/p>\n<h5><strong>Store pickup<\/strong><\/h5>\n<p>We will notify you when the product is ready for pickup. Usually the order is ready for delivery 1-2 workday\u00b4s from date of order \/ phurchase.<\/p>\n<h5><strong>Sent by mail<\/strong><\/h5>\n<p>We ship all orders using priority mail service. We offer international shipping. Usually the order is ready for delivery 1-3 workday\u00b4s from date of order \/ phurchase. You will have to pay the shipping cost at checkout. International orders are generally subject to local import duties and taxes (VAT) which you will have to pay when you receive the order.<\/p>","protected":false},"excerpt":{"rendered":"<p>H\u00e6gt er a\u00f0 s\u00e6kja v\u00f6rur \u00e1 lagerinn til okkar eftir p\u00f6ntun e\u00f0a f\u00e1 sent heim me\u00f0 \u00cdslandsp\u00f3sti. S\u00e6kja \u00e1 lager: \u00deegar vara er tilb\u00fain til afgrei\u00f0slu sendum vi\u00f0 kaupanda tilkynningu \u00feess efnis \u00ed t\u00f6lvup\u00f3sti. Afgrei\u00f0slut\u00edmi \u00e1 p\u00f6ntunum er yfirleitt 1-2 virkir dagar en getur veri\u00f0 lengri \u00ed einst\u00f6kum tilfellum. F\u00e1 sent me\u00f0 p\u00f3stinum: Vi\u00f0 sendum [&#8230;]\n","protected":false},"author":1,"featured_media":0,"parent":0,"menu_order":0,"comment_status":"closed","ping_status":"closed","template":"","meta":{"_monsterinsights_skip_tracking":false,"_monsterinsights_sitenote_active":false,"_monsterinsights_sitenote_note":"","_monsterinsights_sitenote_category":0,"footnotes":""},"class_list":["post-2936","page","type-page","status-publish","hentry"],"yoast_head":"<!-- This site is optimized with the Yoast SEO plugin v27.4 - https:\/\/yoast.com\/product\/yoast-seo-wordpress\/ -->\n<title>V\u00f6ruafhending - olafssonart.is<\/title>\n<meta name=\"robots\" content=\"index, follow, max-snippet:-1, max-image-preview:large, max-video-preview:-1\" \/>\n<link rel=\"canonical\" href=\"https:\/\/olafssonart.is\/en\/voruafhending\/\" \/>\n<meta property=\"og:locale\" content=\"en_GB\" \/>\n<meta property=\"og:type\" content=\"article\" \/>\n<meta property=\"og:title\" content=\"V\u00f6ruafhending - olafssonart.is\" \/>\n<meta property=\"og:description\" content=\"H\u00e6gt er a\u00f0 s\u00e6kja v\u00f6rur \u00e1 lagerinn til okkar eftir p\u00f6ntun e\u00f0a f\u00e1 sent heim me\u00f0 \u00cdslandsp\u00f3sti. S\u00e6kja \u00e1 lager: \u00deegar vara er tilb\u00fain til afgrei\u00f0slu sendum vi\u00f0 kaupanda tilkynningu \u00feess efnis \u00ed t\u00f6lvup\u00f3sti. Afgrei\u00f0slut\u00edmi \u00e1 p\u00f6ntunum er yfirleitt 1-2 virkir dagar en getur veri\u00f0 lengri \u00ed einst\u00f6kum tilfellum. F\u00e1 sent me\u00f0 p\u00f3stinum: Vi\u00f0 sendum [...]\" \/>\n<meta property=\"og:url\" content=\"https:\/\/olafssonart.is\/en\/voruafhending\/\" \/>\n<meta property=\"og:site_name\" content=\"olafssonart.is\" \/>\n<meta property=\"article:publisher\" content=\"https:\/\/www.facebook.com\/Olafsson-Art-182054568477221\/\" \/>\n<meta property=\"article:modified_time\" content=\"2025-02-19T20:22:12+00:00\" \/>\n<meta name=\"twitter:card\" content=\"summary_large_image\" \/>\n<meta name=\"twitter:label1\" content=\"Estimated reading time\" \/>\n\t<meta name=\"twitter:data1\" content=\"1 minute\" \/>\n<script type=\"application\/ld+json\" class=\"yoast-schema-graph\">{\"@context\":\"https:\\\/\\\/schema.org\",\"@graph\":[{\"@type\":\"WebPage\",\"@id\":\"https:\\\/\\\/olafssonart.is\\\/voruafhending\\\/\",\"url\":\"https:\\\/\\\/olafssonart.is\\\/voruafhending\\\/\",\"name\":\"V\u00f6ruafhending - olafssonart.is\",\"isPartOf\":{\"@id\":\"https:\\\/\\\/olafssonart.is\\\/?lang=en\\\/#website\"},\"datePublished\":\"2019-12-10T14:31:34+00:00\",\"dateModified\":\"2025-02-19T20:22:12+00:00\",\"breadcrumb\":{\"@id\":\"https:\\\/\\\/olafssonart.is\\\/voruafhending\\\/#breadcrumb\"},\"inLanguage\":\"en-GB\",\"potentialAction\":[{\"@type\":\"ReadAction\",\"target\":[\"https:\\\/\\\/olafssonart.is\\\/voruafhending\\\/\"]}]},{\"@type\":\"BreadcrumbList\",\"@id\":\"https:\\\/\\\/olafssonart.is\\\/voruafhending\\\/#breadcrumb\",\"itemListElement\":[{\"@type\":\"ListItem\",\"position\":1,\"name\":\"Home\",\"item\":\"https:\\\/\\\/olafssonart.is\\\/\"},{\"@type\":\"ListItem\",\"position\":2,\"name\":\"V\u00f6ruafhending\"}]},{\"@type\":\"WebSite\",\"@id\":\"https:\\\/\\\/olafssonart.is\\\/?lang=en\\\/#website\",\"url\":\"https:\\\/\\\/olafssonart.is\\\/?lang=en\\\/\",\"name\":\"olafssonart.is\",\"description\":\"\u00cdslensk listaverk\",\"publisher\":{\"@id\":\"https:\\\/\\\/olafssonart.is\\\/?lang=en\\\/#organization\"},\"potentialAction\":[{\"@type\":\"SearchAction\",\"target\":{\"@type\":\"EntryPoint\",\"urlTemplate\":\"https:\\\/\\\/olafssonart.is\\\/?lang=en\\\/?s={search_term_string}\"},\"query-input\":{\"@type\":\"PropertyValueSpecification\",\"valueRequired\":true,\"valueName\":\"search_term_string\"}}],\"inLanguage\":\"en-GB\"},{\"@type\":\"Organization\",\"@id\":\"https:\\\/\\\/olafssonart.is\\\/?lang=en\\\/#organization\",\"name\":\"olafssonart.is\",\"url\":\"https:\\\/\\\/olafssonart.is\\\/?lang=en\\\/\",\"logo\":{\"@type\":\"ImageObject\",\"inLanguage\":\"en-GB\",\"@id\":\"https:\\\/\\\/olafssonart.is\\\/?lang=en\\\/#\\\/schema\\\/logo\\\/image\\\/\",\"url\":\"https:\\\/\\\/olafssonart.is\\\/wp-content\\\/uploads\\\/2019\\\/12\\\/logo-111.png\",\"contentUrl\":\"https:\\\/\\\/olafssonart.is\\\/wp-content\\\/uploads\\\/2019\\\/12\\\/logo-111.png\",\"width\":111,\"height\":34,\"caption\":\"olafssonart.is\"},\"image\":{\"@id\":\"https:\\\/\\\/olafssonart.is\\\/?lang=en\\\/#\\\/schema\\\/logo\\\/image\\\/\"},\"sameAs\":[\"https:\\\/\\\/www.facebook.com\\\/Olafsson-Art-182054568477221\\\/\"]}]}<\/script>\n<!-- \/ Yoast SEO plugin. -->","yoast_head_json":{"title":"V\u00f6ruafhending - olafssonart.is","robots":{"index":"index","follow":"follow","max-snippet":"max-snippet:-1","max-image-preview":"max-image-preview:large","max-video-preview":"max-video-preview:-1"},"canonical":"https:\/\/olafssonart.is\/en\/voruafhending\/","og_locale":"en_GB","og_type":"article","og_title":"V\u00f6ruafhending - olafssonart.is","og_description":"H\u00e6gt er a\u00f0 s\u00e6kja v\u00f6rur \u00e1 lagerinn til okkar eftir p\u00f6ntun e\u00f0a f\u00e1 sent heim me\u00f0 \u00cdslandsp\u00f3sti. S\u00e6kja \u00e1 lager: \u00deegar vara er tilb\u00fain til afgrei\u00f0slu sendum vi\u00f0 kaupanda tilkynningu \u00feess efnis \u00ed t\u00f6lvup\u00f3sti. Afgrei\u00f0slut\u00edmi \u00e1 p\u00f6ntunum er yfirleitt 1-2 virkir dagar en getur veri\u00f0 lengri \u00ed einst\u00f6kum tilfellum. F\u00e1 sent me\u00f0 p\u00f3stinum: Vi\u00f0 sendum [...]","og_url":"https:\/\/olafssonart.is\/en\/voruafhending\/","og_site_name":"olafssonart.is","article_publisher":"https:\/\/www.facebook.com\/Olafsson-Art-182054568477221\/","article_modified_time":"2025-02-19T20:22:12+00:00","twitter_card":"summary_large_image","twitter_misc":{"Estimated reading time":"1 minute"},"schema":{"@context":"https:\/\/schema.org","@graph":[{"@type":"WebPage","@id":"https:\/\/olafssonart.is\/voruafhending\/","url":"https:\/\/olafssonart.is\/voruafhending\/","name":"V\u00f6ruafhending - olafssonart.is","isPartOf":{"@id":"https:\/\/olafssonart.is\/?lang=en\/#website"},"datePublished":"2019-12-10T14:31:34+00:00","dateModified":"2025-02-19T20:22:12+00:00","breadcrumb":{"@id":"https:\/\/olafssonart.is\/voruafhending\/#breadcrumb"},"inLanguage":"en-GB","potentialAction":[{"@type":"ReadAction","target":["https:\/\/olafssonart.is\/voruafhending\/"]}]},{"@type":"BreadcrumbList","@id":"https:\/\/olafssonart.is\/voruafhending\/#breadcrumb","itemListElement":[{"@type":"ListItem","position":1,"name":"Home","item":"https:\/\/olafssonart.is\/"},{"@type":"ListItem","position":2,"name":"V\u00f6ruafhending"}]},{"@type":"WebSite","@id":"https:\/\/olafssonart.is\/?lang=en\/#website","url":"https:\/\/olafssonart.is\/?lang=en\/","name":"olafssonart.is","description":"\u00cdslensk listaverk","publisher":{"@id":"https:\/\/olafssonart.is\/?lang=en\/#organization"},"potentialAction":[{"@type":"SearchAction","target":{"@type":"EntryPoint","urlTemplate":"https:\/\/olafssonart.is\/?lang=en\/?s={search_term_string}"},"query-input":{"@type":"PropertyValueSpecification","valueRequired":true,"valueName":"search_term_string"}}],"inLanguage":"en-GB"},{"@type":"Organization","@id":"https:\/\/olafssonart.is\/?lang=en\/#organization","name":"olafssonart.is","url":"https:\/\/olafssonart.is\/?lang=en\/","logo":{"@type":"ImageObject","inLanguage":"en-GB","@id":"https:\/\/olafssonart.is\/?lang=en\/#\/schema\/logo\/image\/","url":"https:\/\/olafssonart.is\/wp-content\/uploads\/2019\/12\/logo-111.png","contentUrl":"https:\/\/olafssonart.is\/wp-content\/uploads\/2019\/12\/logo-111.png","width":111,"height":34,"caption":"olafssonart.is"},"image":{"@id":"https:\/\/olafssonart.is\/?lang=en\/#\/schema\/logo\/image\/"},"sameAs":["https:\/\/www.facebook.com\/Olafsson-Art-182054568477221\/"]}]}},"_links":{"self":[{"href":"https:\/\/olafssonart.is\/en\/wp-json\/wp\/v2\/pages\/2936","targetHints":{"allow":["GET"]}}],"collection":[{"href":"https:\/\/olafssonart.is\/en\/wp-json\/wp\/v2\/pages"}],"about":[{"href":"https:\/\/olafssonart.is\/en\/wp-json\/wp\/v2\/types\/page"}],"author":[{"embeddable":true,"href":"https:\/\/olafssonart.is\/en\/wp-json\/wp\/v2\/users\/1"}],"replies":[{"embeddable":true,"href":"https:\/\/olafssonart.is\/en\/wp-json\/wp\/v2\/comments?post=2936"}],"version-history":[{"count":7,"href":"https:\/\/olafssonart.is\/en\/wp-json\/wp\/v2\/pages\/2936\/revisions"}],"predecessor-version":[{"id":8183,"href":"https:\/\/olafssonart.is\/en\/wp-json\/wp\/v2\/pages\/2936\/revisions\/8183"}],"wp:attachment":[{"href":"https:\/\/olafssonart.is\/en\/wp-json\/wp\/v2\/media?parent=2936"}],"curies":[{"name":"wp","href":"https:\/\/api.w.org\/{rel}","templated":true}]}}