{"id":1872,"date":"2019-11-17T17:27:49","date_gmt":"2019-11-17T17:27:49","guid":{"rendered":"http:\/\/superstore.is\/?page_id=1872"},"modified":"2025-02-20T14:57:07","modified_gmt":"2025-02-20T14:57:07","slug":"um-olafsson","status":"publish","type":"page","link":"https:\/\/olafssonart.is\/en\/um-olafsson\/","title":{"rendered":"About Olafsson"},"content":{"rendered":"<div class=\"img has-hover x md-x lg-x y md-y lg-y\" id=\"image_1894753919\">\n\t\t\t\t\t\t\t\t<div class=\"img-inner dark\" >\n\t\t\t<img loading=\"lazy\" decoding=\"async\" width=\"300\" height=\"238\" src=\"https:\/\/olafssonart.is\/wp-content\/uploads\/2020\/05\/Olafsson_300.jpg\" class=\"attachment-medium size-medium\" alt=\"\" \/>\t\t\t\t\t\t\n\t\t\t\t\t<\/div>\n\t\t\t\t\t\t\t\t\n<style>\n#image_1894753919 {\n  width: 28%;\n}\n<\/style>\n\t<\/div>\n\t\n<p>Olafsson grew up in Faskrudsfjordur, a small fishing village, in the East Coast of Iceland. He was a keen artist and naturalist from his early days. Olafsson painted Icelandic wildlife and wilderness in a representational style until his teens when he began to interpret nature using a variety of contemporary styles including ostimpressionism and abstract expressionism. Olafsson is a twin and has two older twin brothers. In the early 80\u2019s, Olafsson rediscover realism and began to develop a style that would make him one of few artists depicting the world of nature in realistic way. In the 80\u2019s and early 90\u2019s, Olafsson\u2019s work began to receive critical acclaim and to attract an enormous following.<br \/>\n\u00dear stunda\u00f0i hann hefbundi\u00f0 n\u00e1m innan um kraftmikkla n\u00e1tt\u00faru \u00ed fa\u00f0mi fjalla, dj\u00fapra dala og miki\u00f0 d\u00fdral\u00edf.<\/p>\n<p>Olafsson Studied at the Arts and Crafts school of Iceland in the years 1979 \u2013 1982. Amongst teachers were Bragi Asgeirsson, Magnus Palsson, Arni Pall Johannsson, Hordur Agustsson, Magnus Kjartansson and Sigurdur Sigurdsson. Olafsson has held several exhibitions both at home and abroad.<br \/>\nOlafsson has held several exhibitions both at home and abroad. These include a group exhibition at Kjarvalssta\u00f0ir 1981, a solo exhibition in Dj\u00fapin, at Hornin, 1982, at F\u00e1skr\u00fa\u00f0sfj\u00f6r\u00f0ur, 1984, 2007 and 2015. An exhibition at Sl\u00e1turh\u00fas in Egilssta\u00f0ir, 2007. A solo exhibition in Ottawa, Canada, Constitution Square, 2007, a group exhibition in Borgarnes, CAOS, The Milk House Art Center 2012, a group exhibition with RAT #1, 2019 and RAT #2, 2020 at Br\u00edetart\u00fan 11.<\/p>\n\t<div id=\"gap-2117742580\" class=\"gap-element clearfix\" style=\"display:block; height:auto;\">\n\t\t\n<style>\n#gap-2117742580 {\n  padding-top: 30px;\n}\n<\/style>\n\t<\/div>\n\t\n\n  \n    <div class=\"row large-columns-4 medium-columns-3 small-columns-2 row-xsmall\" >\n  <div class=\"gallery-col col\" >\n          <div class=\"col-inner\">\n            <a class=\"image-lightbox lightbox-gallery\" href=\"https:\/\/olafssonart.is\/wp-content\/uploads\/2025\/02\/olafsson-vinnustofa-1400x644.jpg\" title=\"\">            <div class=\"box has-hover gallery-box box-overlay dark\">\n              <div class=\"box-image\" >\n                <img loading=\"lazy\" decoding=\"async\" width=\"800\" height=\"368\" src=\"https:\/\/olafssonart.is\/wp-content\/uploads\/2025\/02\/olafsson-vinnustofa-800x368.jpg\" class=\"attachment-medium size-medium\" alt=\"\" ids=\"8155,8153,8151,8149,8147,8145\" col_spacing=\"xsmall\" srcset=\"https:\/\/olafssonart.is\/wp-content\/uploads\/2025\/02\/olafsson-vinnustofa-800x368.jpg 800w, https:\/\/olafssonart.is\/wp-content\/uploads\/2025\/02\/olafsson-vinnustofa-510x235.jpg 510w, https:\/\/olafssonart.is\/wp-content\/uploads\/2025\/02\/olafsson-vinnustofa-1400x644.jpg 1400w, https:\/\/olafssonart.is\/wp-content\/uploads\/2025\/02\/olafsson-vinnustofa-768x353.jpg 768w, https:\/\/olafssonart.is\/wp-content\/uploads\/2025\/02\/olafsson-vinnustofa-1536x707.jpg 1536w, https:\/\/olafssonart.is\/wp-content\/uploads\/2025\/02\/olafsson-vinnustofa.jpg 1700w\" sizes=\"auto, (max-width: 800px) 100vw, 800px\" \/>                                  <div class=\"overlay fill\"\n                      style=\"background-color: rgba(0,0,0,.15)\">\n                  <\/div>\n                                                              <\/div>\n              <div class=\"box-text text-left\" >\n                 <p><\/p>\n              <\/div>\n            <\/div>\n            <\/a>          <\/div>\n         <\/div><div class=\"gallery-col col\" >\n          <div class=\"col-inner\">\n            <a class=\"image-lightbox lightbox-gallery\" href=\"https:\/\/olafssonart.is\/wp-content\/uploads\/2025\/02\/galleri5-1400x644.jpg\" title=\"\">            <div class=\"box has-hover gallery-box box-overlay dark\">\n              <div class=\"box-image\" >\n                <img loading=\"lazy\" decoding=\"async\" width=\"800\" height=\"368\" src=\"https:\/\/olafssonart.is\/wp-content\/uploads\/2025\/02\/galleri5-800x368.jpg\" class=\"attachment-medium size-medium\" alt=\"\" ids=\"8155,8153,8151,8149,8147,8145\" col_spacing=\"xsmall\" srcset=\"https:\/\/olafssonart.is\/wp-content\/uploads\/2025\/02\/galleri5-800x368.jpg 800w, https:\/\/olafssonart.is\/wp-content\/uploads\/2025\/02\/galleri5-510x235.jpg 510w, https:\/\/olafssonart.is\/wp-content\/uploads\/2025\/02\/galleri5-1400x644.jpg 1400w, https:\/\/olafssonart.is\/wp-content\/uploads\/2025\/02\/galleri5-768x353.jpg 768w, https:\/\/olafssonart.is\/wp-content\/uploads\/2025\/02\/galleri5-1536x707.jpg 1536w, https:\/\/olafssonart.is\/wp-content\/uploads\/2025\/02\/galleri5.jpg 1700w\" sizes=\"auto, (max-width: 800px) 100vw, 800px\" \/>                                  <div class=\"overlay fill\"\n                      style=\"background-color: rgba(0,0,0,.15)\">\n                  <\/div>\n                                                              <\/div>\n              <div class=\"box-text text-left\" >\n                 <p><\/p>\n              <\/div>\n            <\/div>\n            <\/a>          <\/div>\n         <\/div><div class=\"gallery-col col\" >\n          <div class=\"col-inner\">\n            <a class=\"image-lightbox lightbox-gallery\" href=\"https:\/\/olafssonart.is\/wp-content\/uploads\/2025\/02\/galleri4-1400x644.jpg\" title=\"\">            <div class=\"box has-hover gallery-box box-overlay dark\">\n              <div class=\"box-image\" >\n                <img loading=\"lazy\" decoding=\"async\" width=\"800\" height=\"368\" src=\"https:\/\/olafssonart.is\/wp-content\/uploads\/2025\/02\/galleri4-800x368.jpg\" class=\"attachment-medium size-medium\" alt=\"\" ids=\"8155,8153,8151,8149,8147,8145\" col_spacing=\"xsmall\" srcset=\"https:\/\/olafssonart.is\/wp-content\/uploads\/2025\/02\/galleri4-800x368.jpg 800w, https:\/\/olafssonart.is\/wp-content\/uploads\/2025\/02\/galleri4-510x235.jpg 510w, https:\/\/olafssonart.is\/wp-content\/uploads\/2025\/02\/galleri4-1400x644.jpg 1400w, https:\/\/olafssonart.is\/wp-content\/uploads\/2025\/02\/galleri4-768x353.jpg 768w, https:\/\/olafssonart.is\/wp-content\/uploads\/2025\/02\/galleri4-1536x707.jpg 1536w, https:\/\/olafssonart.is\/wp-content\/uploads\/2025\/02\/galleri4.jpg 1700w\" sizes=\"auto, (max-width: 800px) 100vw, 800px\" \/>                                  <div class=\"overlay fill\"\n                      style=\"background-color: rgba(0,0,0,.15)\">\n                  <\/div>\n                                                              <\/div>\n              <div class=\"box-text text-left\" >\n                 <p><\/p>\n              <\/div>\n            <\/div>\n            <\/a>          <\/div>\n         <\/div><div class=\"gallery-col col\" >\n          <div class=\"col-inner\">\n            <a class=\"image-lightbox lightbox-gallery\" href=\"https:\/\/olafssonart.is\/wp-content\/uploads\/2025\/02\/galleri3-1400x644.jpg\" title=\"\">            <div class=\"box has-hover gallery-box box-overlay dark\">\n              <div class=\"box-image\" >\n                <img loading=\"lazy\" decoding=\"async\" width=\"800\" height=\"368\" src=\"https:\/\/olafssonart.is\/wp-content\/uploads\/2025\/02\/galleri3-800x368.jpg\" class=\"attachment-medium size-medium\" alt=\"\" ids=\"8155,8153,8151,8149,8147,8145\" col_spacing=\"xsmall\" srcset=\"https:\/\/olafssonart.is\/wp-content\/uploads\/2025\/02\/galleri3-800x368.jpg 800w, https:\/\/olafssonart.is\/wp-content\/uploads\/2025\/02\/galleri3-510x235.jpg 510w, https:\/\/olafssonart.is\/wp-content\/uploads\/2025\/02\/galleri3-1400x644.jpg 1400w, https:\/\/olafssonart.is\/wp-content\/uploads\/2025\/02\/galleri3-768x353.jpg 768w, https:\/\/olafssonart.is\/wp-content\/uploads\/2025\/02\/galleri3-1536x707.jpg 1536w, https:\/\/olafssonart.is\/wp-content\/uploads\/2025\/02\/galleri3.jpg 1700w\" sizes=\"auto, (max-width: 800px) 100vw, 800px\" \/>                                  <div class=\"overlay fill\"\n                      style=\"background-color: rgba(0,0,0,.15)\">\n                  <\/div>\n                                                              <\/div>\n              <div class=\"box-text text-left\" >\n                 <p><\/p>\n              <\/div>\n            <\/div>\n            <\/a>          <\/div>\n         <\/div><div class=\"gallery-col col\" >\n          <div class=\"col-inner\">\n            <a class=\"image-lightbox lightbox-gallery\" href=\"https:\/\/olafssonart.is\/wp-content\/uploads\/2025\/02\/galleri2-1400x644.jpg\" title=\"\">            <div class=\"box has-hover gallery-box box-overlay dark\">\n              <div class=\"box-image\" >\n                <img loading=\"lazy\" decoding=\"async\" width=\"800\" height=\"368\" src=\"https:\/\/olafssonart.is\/wp-content\/uploads\/2025\/02\/galleri2-800x368.jpg\" class=\"attachment-medium size-medium\" alt=\"\" ids=\"8155,8153,8151,8149,8147,8145\" col_spacing=\"xsmall\" srcset=\"https:\/\/olafssonart.is\/wp-content\/uploads\/2025\/02\/galleri2-800x368.jpg 800w, https:\/\/olafssonart.is\/wp-content\/uploads\/2025\/02\/galleri2-510x235.jpg 510w, https:\/\/olafssonart.is\/wp-content\/uploads\/2025\/02\/galleri2-1400x644.jpg 1400w, https:\/\/olafssonart.is\/wp-content\/uploads\/2025\/02\/galleri2-768x353.jpg 768w, https:\/\/olafssonart.is\/wp-content\/uploads\/2025\/02\/galleri2-1536x707.jpg 1536w, https:\/\/olafssonart.is\/wp-content\/uploads\/2025\/02\/galleri2.jpg 1700w\" sizes=\"auto, (max-width: 800px) 100vw, 800px\" \/>                                  <div class=\"overlay fill\"\n                      style=\"background-color: rgba(0,0,0,.15)\">\n                  <\/div>\n                                                              <\/div>\n              <div class=\"box-text text-left\" >\n                 <p><\/p>\n              <\/div>\n            <\/div>\n            <\/a>          <\/div>\n         <\/div><div class=\"gallery-col col\" >\n          <div class=\"col-inner\">\n            <a class=\"image-lightbox lightbox-gallery\" href=\"https:\/\/olafssonart.is\/wp-content\/uploads\/2025\/02\/galleri1-1400x644.jpg\" title=\"\">            <div class=\"box has-hover gallery-box box-overlay dark\">\n              <div class=\"box-image\" >\n                <img loading=\"lazy\" decoding=\"async\" width=\"800\" height=\"368\" src=\"https:\/\/olafssonart.is\/wp-content\/uploads\/2025\/02\/galleri1-800x368.jpg\" class=\"attachment-medium size-medium\" alt=\"\" ids=\"8155,8153,8151,8149,8147,8145\" col_spacing=\"xsmall\" srcset=\"https:\/\/olafssonart.is\/wp-content\/uploads\/2025\/02\/galleri1-800x368.jpg 800w, https:\/\/olafssonart.is\/wp-content\/uploads\/2025\/02\/galleri1-510x235.jpg 510w, https:\/\/olafssonart.is\/wp-content\/uploads\/2025\/02\/galleri1-1400x644.jpg 1400w, https:\/\/olafssonart.is\/wp-content\/uploads\/2025\/02\/galleri1-768x353.jpg 768w, https:\/\/olafssonart.is\/wp-content\/uploads\/2025\/02\/galleri1-1536x707.jpg 1536w, https:\/\/olafssonart.is\/wp-content\/uploads\/2025\/02\/galleri1.jpg 1700w\" sizes=\"auto, (max-width: 800px) 100vw, 800px\" \/>                                  <div class=\"overlay fill\"\n                      style=\"background-color: rgba(0,0,0,.15)\">\n                  <\/div>\n                                                              <\/div>\n              <div class=\"box-text text-left\" >\n                 <p><\/p>\n              <\/div>\n            <\/div>\n            <\/a>          <\/div>\n         <\/div><\/div>","protected":false},"excerpt":{"rendered":"<p>Olafsson f\u00e6ddist \u00ed Reykjav\u00edk \u00ed jan\u00faar 1961. Hann fluttist austur \u00e1 F\u00e1skr\u00fa\u00f0sfj\u00f6r\u00f0 ungur a\u00f0 \u00e1rum \u00e1samt foreldrum s\u00ednum og 5 systkinum. \u00dear stunda\u00f0i hann hefbundi\u00f0 n\u00e1m innan um kraftmikkla n\u00e1tt\u00faru \u00ed fa\u00f0mi fjalla, dj\u00fapra dala og miki\u00f0 d\u00fdral\u00edf. Eftir skyldun\u00e1m \u00e1 F\u00e1skr\u00fa\u00f0sfir\u00f0i stunda\u00f0i Olafsson n\u00e1m vi\u00f0 Myndlista- og hand\u00ed\u00f0ask\u00f3la \u00cdslands sem n\u00fa heitir Listah\u00e1sk\u00f3li \u00cdslands. [&#8230;]\n","protected":false},"author":1,"featured_media":0,"parent":0,"menu_order":0,"comment_status":"closed","ping_status":"closed","template":"","meta":{"_monsterinsights_skip_tracking":false,"_monsterinsights_sitenote_active":false,"_monsterinsights_sitenote_note":"","_monsterinsights_sitenote_category":0,"footnotes":""},"class_list":["post-1872","page","type-page","status-publish","hentry"],"yoast_head":"<!-- This site is optimized with the Yoast SEO plugin v27.4 - https:\/\/yoast.com\/product\/yoast-seo-wordpress\/ -->\n<title>Um olafsson - olafssonart.is<\/title>\n<meta name=\"robots\" content=\"index, follow, max-snippet:-1, max-image-preview:large, max-video-preview:-1\" \/>\n<link rel=\"canonical\" href=\"https:\/\/olafssonart.is\/en\/um-olafsson\/\" \/>\n<meta property=\"og:locale\" content=\"en_GB\" \/>\n<meta property=\"og:type\" content=\"article\" \/>\n<meta property=\"og:title\" content=\"Um olafsson - olafssonart.is\" \/>\n<meta property=\"og:description\" content=\"Olafsson f\u00e6ddist \u00ed Reykjav\u00edk \u00ed jan\u00faar 1961. Hann fluttist austur \u00e1 F\u00e1skr\u00fa\u00f0sfj\u00f6r\u00f0 ungur a\u00f0 \u00e1rum \u00e1samt foreldrum s\u00ednum og 5 systkinum. \u00dear stunda\u00f0i hann hefbundi\u00f0 n\u00e1m innan um kraftmikkla n\u00e1tt\u00faru \u00ed fa\u00f0mi fjalla, dj\u00fapra dala og miki\u00f0 d\u00fdral\u00edf. Eftir skyldun\u00e1m \u00e1 F\u00e1skr\u00fa\u00f0sfir\u00f0i stunda\u00f0i Olafsson n\u00e1m vi\u00f0 Myndlista- og hand\u00ed\u00f0ask\u00f3la \u00cdslands sem n\u00fa heitir Listah\u00e1sk\u00f3li \u00cdslands. [...]\" \/>\n<meta property=\"og:url\" content=\"https:\/\/olafssonart.is\/en\/um-olafsson\/\" \/>\n<meta property=\"og:site_name\" content=\"olafssonart.is\" \/>\n<meta property=\"article:publisher\" content=\"https:\/\/www.facebook.com\/Olafsson-Art-182054568477221\/\" \/>\n<meta property=\"article:modified_time\" content=\"2025-02-20T14:57:07+00:00\" \/>\n<meta name=\"twitter:card\" content=\"summary_large_image\" \/>\n<meta name=\"twitter:label1\" content=\"Estimated reading time\" \/>\n\t<meta name=\"twitter:data1\" content=\"1 minute\" \/>\n<script type=\"application\/ld+json\" class=\"yoast-schema-graph\">{\"@context\":\"https:\\\/\\\/schema.org\",\"@graph\":[{\"@type\":\"WebPage\",\"@id\":\"https:\\\/\\\/olafssonart.is\\\/um-olafsson\\\/\",\"url\":\"https:\\\/\\\/olafssonart.is\\\/um-olafsson\\\/\",\"name\":\"Um olafsson - olafssonart.is\",\"isPartOf\":{\"@id\":\"https:\\\/\\\/olafssonart.is\\\/?lang=en\\\/#website\"},\"datePublished\":\"2019-11-17T17:27:49+00:00\",\"dateModified\":\"2025-02-20T14:57:07+00:00\",\"breadcrumb\":{\"@id\":\"https:\\\/\\\/olafssonart.is\\\/um-olafsson\\\/#breadcrumb\"},\"inLanguage\":\"en-GB\",\"potentialAction\":[{\"@type\":\"ReadAction\",\"target\":[\"https:\\\/\\\/olafssonart.is\\\/um-olafsson\\\/\"]}]},{\"@type\":\"BreadcrumbList\",\"@id\":\"https:\\\/\\\/olafssonart.is\\\/um-olafsson\\\/#breadcrumb\",\"itemListElement\":[{\"@type\":\"ListItem\",\"position\":1,\"name\":\"Home\",\"item\":\"https:\\\/\\\/olafssonart.is\\\/\"},{\"@type\":\"ListItem\",\"position\":2,\"name\":\"Um olafsson\"}]},{\"@type\":\"WebSite\",\"@id\":\"https:\\\/\\\/olafssonart.is\\\/?lang=en\\\/#website\",\"url\":\"https:\\\/\\\/olafssonart.is\\\/?lang=en\\\/\",\"name\":\"olafssonart.is\",\"description\":\"\u00cdslensk listaverk\",\"publisher\":{\"@id\":\"https:\\\/\\\/olafssonart.is\\\/?lang=en\\\/#organization\"},\"potentialAction\":[{\"@type\":\"SearchAction\",\"target\":{\"@type\":\"EntryPoint\",\"urlTemplate\":\"https:\\\/\\\/olafssonart.is\\\/?lang=en\\\/?s={search_term_string}\"},\"query-input\":{\"@type\":\"PropertyValueSpecification\",\"valueRequired\":true,\"valueName\":\"search_term_string\"}}],\"inLanguage\":\"en-GB\"},{\"@type\":\"Organization\",\"@id\":\"https:\\\/\\\/olafssonart.is\\\/?lang=en\\\/#organization\",\"name\":\"olafssonart.is\",\"url\":\"https:\\\/\\\/olafssonart.is\\\/?lang=en\\\/\",\"logo\":{\"@type\":\"ImageObject\",\"inLanguage\":\"en-GB\",\"@id\":\"https:\\\/\\\/olafssonart.is\\\/?lang=en\\\/#\\\/schema\\\/logo\\\/image\\\/\",\"url\":\"https:\\\/\\\/olafssonart.is\\\/wp-content\\\/uploads\\\/2019\\\/12\\\/logo-111.png\",\"contentUrl\":\"https:\\\/\\\/olafssonart.is\\\/wp-content\\\/uploads\\\/2019\\\/12\\\/logo-111.png\",\"width\":111,\"height\":34,\"caption\":\"olafssonart.is\"},\"image\":{\"@id\":\"https:\\\/\\\/olafssonart.is\\\/?lang=en\\\/#\\\/schema\\\/logo\\\/image\\\/\"},\"sameAs\":[\"https:\\\/\\\/www.facebook.com\\\/Olafsson-Art-182054568477221\\\/\"]}]}<\/script>\n<!-- \/ Yoast SEO plugin. -->","yoast_head_json":{"title":"Um olafsson - olafssonart.is","robots":{"index":"index","follow":"follow","max-snippet":"max-snippet:-1","max-image-preview":"max-image-preview:large","max-video-preview":"max-video-preview:-1"},"canonical":"https:\/\/olafssonart.is\/en\/um-olafsson\/","og_locale":"en_GB","og_type":"article","og_title":"Um olafsson - olafssonart.is","og_description":"Olafsson f\u00e6ddist \u00ed Reykjav\u00edk \u00ed jan\u00faar 1961. Hann fluttist austur \u00e1 F\u00e1skr\u00fa\u00f0sfj\u00f6r\u00f0 ungur a\u00f0 \u00e1rum \u00e1samt foreldrum s\u00ednum og 5 systkinum. \u00dear stunda\u00f0i hann hefbundi\u00f0 n\u00e1m innan um kraftmikkla n\u00e1tt\u00faru \u00ed fa\u00f0mi fjalla, dj\u00fapra dala og miki\u00f0 d\u00fdral\u00edf. Eftir skyldun\u00e1m \u00e1 F\u00e1skr\u00fa\u00f0sfir\u00f0i stunda\u00f0i Olafsson n\u00e1m vi\u00f0 Myndlista- og hand\u00ed\u00f0ask\u00f3la \u00cdslands sem n\u00fa heitir Listah\u00e1sk\u00f3li \u00cdslands. [...]","og_url":"https:\/\/olafssonart.is\/en\/um-olafsson\/","og_site_name":"olafssonart.is","article_publisher":"https:\/\/www.facebook.com\/Olafsson-Art-182054568477221\/","article_modified_time":"2025-02-20T14:57:07+00:00","twitter_card":"summary_large_image","twitter_misc":{"Estimated reading time":"1 minute"},"schema":{"@context":"https:\/\/schema.org","@graph":[{"@type":"WebPage","@id":"https:\/\/olafssonart.is\/um-olafsson\/","url":"https:\/\/olafssonart.is\/um-olafsson\/","name":"Um olafsson - olafssonart.is","isPartOf":{"@id":"https:\/\/olafssonart.is\/?lang=en\/#website"},"datePublished":"2019-11-17T17:27:49+00:00","dateModified":"2025-02-20T14:57:07+00:00","breadcrumb":{"@id":"https:\/\/olafssonart.is\/um-olafsson\/#breadcrumb"},"inLanguage":"en-GB","potentialAction":[{"@type":"ReadAction","target":["https:\/\/olafssonart.is\/um-olafsson\/"]}]},{"@type":"BreadcrumbList","@id":"https:\/\/olafssonart.is\/um-olafsson\/#breadcrumb","itemListElement":[{"@type":"ListItem","position":1,"name":"Home","item":"https:\/\/olafssonart.is\/"},{"@type":"ListItem","position":2,"name":"Um olafsson"}]},{"@type":"WebSite","@id":"https:\/\/olafssonart.is\/?lang=en\/#website","url":"https:\/\/olafssonart.is\/?lang=en\/","name":"olafssonart.is","description":"\u00cdslensk listaverk","publisher":{"@id":"https:\/\/olafssonart.is\/?lang=en\/#organization"},"potentialAction":[{"@type":"SearchAction","target":{"@type":"EntryPoint","urlTemplate":"https:\/\/olafssonart.is\/?lang=en\/?s={search_term_string}"},"query-input":{"@type":"PropertyValueSpecification","valueRequired":true,"valueName":"search_term_string"}}],"inLanguage":"en-GB"},{"@type":"Organization","@id":"https:\/\/olafssonart.is\/?lang=en\/#organization","name":"olafssonart.is","url":"https:\/\/olafssonart.is\/?lang=en\/","logo":{"@type":"ImageObject","inLanguage":"en-GB","@id":"https:\/\/olafssonart.is\/?lang=en\/#\/schema\/logo\/image\/","url":"https:\/\/olafssonart.is\/wp-content\/uploads\/2019\/12\/logo-111.png","contentUrl":"https:\/\/olafssonart.is\/wp-content\/uploads\/2019\/12\/logo-111.png","width":111,"height":34,"caption":"olafssonart.is"},"image":{"@id":"https:\/\/olafssonart.is\/?lang=en\/#\/schema\/logo\/image\/"},"sameAs":["https:\/\/www.facebook.com\/Olafsson-Art-182054568477221\/"]}]}},"_links":{"self":[{"href":"https:\/\/olafssonart.is\/en\/wp-json\/wp\/v2\/pages\/1872","targetHints":{"allow":["GET"]}}],"collection":[{"href":"https:\/\/olafssonart.is\/en\/wp-json\/wp\/v2\/pages"}],"about":[{"href":"https:\/\/olafssonart.is\/en\/wp-json\/wp\/v2\/types\/page"}],"author":[{"embeddable":true,"href":"https:\/\/olafssonart.is\/en\/wp-json\/wp\/v2\/users\/1"}],"replies":[{"embeddable":true,"href":"https:\/\/olafssonart.is\/en\/wp-json\/wp\/v2\/comments?post=1872"}],"version-history":[{"count":7,"href":"https:\/\/olafssonart.is\/en\/wp-json\/wp\/v2\/pages\/1872\/revisions"}],"predecessor-version":[{"id":8297,"href":"https:\/\/olafssonart.is\/en\/wp-json\/wp\/v2\/pages\/1872\/revisions\/8297"}],"wp:attachment":[{"href":"https:\/\/olafssonart.is\/en\/wp-json\/wp\/v2\/media?parent=1872"}],"curies":[{"name":"wp","href":"https:\/\/api.w.org\/{rel}","templated":true}]}}